{"id":1171,"date":"2025-08-05T09:36:59","date_gmt":"2025-08-05T07:36:59","guid":{"rendered":"https:\/\/visitgavarres.cat\/aviso-legal\/"},"modified":"2025-12-12T15:53:22","modified_gmt":"2025-12-12T13:53:22","slug":"aviso-legal","status":"publish","type":"page","link":"https:\/\/visitgavarres.cat\/es\/aviso-legal\/","title":{"rendered":"Aviso legal"},"content":{"rendered":"\t\t<div data-elementor-type=\"wp-page\" data-elementor-id=\"1171\" class=\"elementor elementor-1171 elementor-158\" data-elementor-post-type=\"page\">\n\t\t\t\t<div class=\"elementor-element elementor-element-577286f e-flex e-con-boxed e-con e-parent\" data-id=\"577286f\" data-element_type=\"container\" data-e-type=\"container\">\n\t\t\t\t\t<div class=\"e-con-inner\">\n\t\t\t\t<div class=\"elementor-element elementor-element-d9a79cf elementor-widget elementor-widget-text-editor\" data-id=\"d9a79cf\" data-element_type=\"widget\" data-e-type=\"widget\" data-widget_type=\"text-editor.default\">\n\t\t\t\t<div class=\"elementor-widget-container\">\n\t\t\t\t\t\t\t\t\t<h1 class=\"entry-title\">Aviso legal<\/h1>\n<p>Este sitio web y su dominio visitgavarres.cat corresponden al Consorcio de Les Gavarres (en adelante el Consorcio), con CIF P-6700016F, y domicilio en Finca Camps i Armet, s\/n (Can Geron\u00e8s), 17121 Monells, tel\u00e9fono 972643695 y correo e. consorci@gavarres.cat.<\/p>\n<hr \/>\n<p>La informaci\u00f3n facilitada por medio de este sitio web no sustituye a la que figura en la sede electr\u00f3nica del Consorcio o en los canales y plataformas de sede electr\u00f3nica adoptados por el Consorcio, \u00fanica que tiene plena validez legal.<\/p>\n<p>El Consorcio no se hace responsable del contenido, exactitud y actualizaci\u00f3n de la informaci\u00f3n que proviene de otras personas que figure en el sitio web o a la que se haga remisi\u00f3n mediante enlaces u otros sistemas.<\/p>\n<hr \/>\n<p>El sitio web y sus contenidos, incluyendo los textos, im\u00e1genes, gr\u00e1ficos, bases de datos y cualquier otro material, se ponen a disposici\u00f3n p\u00fablica con fines de informaci\u00f3n y para ofrecer servicios en el marco de las competencias y funciones propias del Consorcio. Existen derechos de propiedad intelectual sobre algunos de estos contenidos que corresponden o bien al Consorcio o a terceras personas que han autorizado su utilizaci\u00f3n por este medio.<\/p>\n<p>De forma general, y salvo que se indique lo contrario de forma expresa para casos singulares, se puede llevar a cabo la reproducci\u00f3n, distribuci\u00f3n y comunicaci\u00f3n p\u00fablica de los contenidos de este sitio web siempre que quede constancia de su procedencia. No obstante, no se podr\u00e1n utilizar los contenidos para usos comerciales, ni realizar obras derivadas, sin autorizaci\u00f3n expresa del Consorcio.<\/p>\n<p>Estas condiciones rigen para los contenidos del sitio web protegidos por derechos de autor y se resumen con la licencia Reconocimiento \u2013 No Comercial \u2013 Compartir Igual 4.0 (CC BY-NC-SA 4.0) de Creative Commons.<\/p>\n<p>El escudo oficial del Consorcio y los dem\u00e1s dise\u00f1os y logotipos que lo identifican solo pueden ser reproducidos y utilizados previa autorizaci\u00f3n del Consorcio, o bien cuando se trate de identificar actividades o iniciativas que cuenten con el apoyo expl\u00edcito del Consorcio. El Consorcio autoriza tambi\u00e9n usos no lucrativos con fines educativos, de investigaci\u00f3n, estudio o difusi\u00f3n cultural.<\/p>\n<p>No se autorizan presentaciones de los contenidos de este sitio en una ventana ajena (framing) sin autorizaci\u00f3n expresa y por escrito del Consorcio.<\/p>\n<hr \/>\n<p>En el ejercicio de sus competencias y funciones, el Consorcio trata datos de car\u00e1cter personal. En este sitio web y en la sede electr\u00f3nica del Consorcio figuran formularios que permiten al Consorcio obtener datos. Los formularios informan de las finalidades de la recogida y los aspectos m\u00e1s relevantes del tratamiento. En este enlace figura informaci\u00f3n sobre la pol\u00edtica de protecci\u00f3n de datos del Consorcio.<\/p>\n<hr \/>\n<p>El Consorcio informa que este sitio web utiliza galletas (<em>cookies<\/em>) que permiten hacer m\u00e1s c\u00f3moda y r\u00e1pida la comunicaci\u00f3n que se establece entre el sitio web y el mismo. La vigencia de estas <em>cookies<\/em> se limita a la necesaria para conseguir dichos objetivos. El usuario tiene la posibilidad de configurar su navegador de Internet para obtener un mejor conocimiento y control de las <em>cookies<\/em>. Usted ha sido informado previamente de su instalaci\u00f3n. Encontrar\u00e1 m\u00e1s informaci\u00f3n sobre la pol\u00edtica de <em>cookies<\/em> en este enlace<\/p>\n<p>El Consorcio no se hace responsable ante los usuarios de su sitio web de los posibles da\u00f1os o perjuicios que puedan derivarse de interferencias, omisiones, interrupciones, virus inform\u00e1ticos, sobrecarga de las l\u00edneas, aver\u00edas o desconexiones cuando est\u00e9n motivadas por causas que le son ajenas. Tampoco se hace responsable de los da\u00f1os que puedan ser causados por terceras personas mediante intromisiones ileg\u00edtimas fuera del control del Consorcio. Siempre que sea posible, advertir\u00e1 previamente de las interrupciones en el funcionamiento de la web y de los servicios.<\/p>\n\t\t\t\t\t\t\t\t<\/div>\n\t\t\t\t<\/div>\n\t\t\t\t\t<\/div>\n\t\t\t\t<\/div>\n\t\t\t\t<\/div>\n\t\t","protected":false},"excerpt":{"rendered":"<p>Aviso legal Este sitio web y su dominio visitgavarres.cat corresponden al Consorcio de Les Gavarres (en adelante el Consorcio), con CIF P-6700016F, y domicilio en Finca Camps i Armet, s\/n (Can Geron\u00e8s), 17121 Monells, tel\u00e9fono 972643695 y correo e. consorci@gavarres.cat. La informaci\u00f3n facilitada por medio de este sitio web no sustituye a la que figura [&hellip;]<\/p>\n","protected":false},"author":1,"featured_media":0,"parent":0,"menu_order":0,"comment_status":"closed","ping_status":"closed","template":"elementor_header_footer","meta":{"_acf_changed":false,"footnotes":""},"class_list":["post-1171","page","type-page","status-publish","hentry"],"acf":[],"yoast_head":"<!-- This site is optimized with the Yoast SEO plugin v27.0 - https:\/\/yoast.com\/product\/yoast-seo-wordpress\/ -->\n<title>Aviso legal - Visit Gavarres<\/title>\n<meta name=\"robots\" content=\"index, follow, max-snippet:-1, max-image-preview:large, max-video-preview:-1\" \/>\n<link rel=\"canonical\" href=\"https:\/\/visitgavarres.cat\/avis-legal\/\" \/>\n<meta property=\"og:locale\" content=\"es_ES\" \/>\n<meta property=\"og:type\" content=\"article\" \/>\n<meta property=\"og:title\" content=\"Aviso legal - Visit Gavarres\" \/>\n<meta property=\"og:description\" content=\"Aviso legal Este sitio web y su dominio visitgavarres.cat corresponden al Consorcio de Les Gavarres (en adelante el Consorcio), con CIF P-6700016F, y domicilio en Finca Camps i Armet, s\/n (Can Geron\u00e8s), 17121 Monells, tel\u00e9fono 972643695 y correo e. consorci@gavarres.cat. La informaci\u00f3n facilitada por medio de este sitio web no sustituye a la que figura [&hellip;]\" \/>\n<meta property=\"og:url\" content=\"https:\/\/visitgavarres.cat\/avis-legal\/\" \/>\n<meta property=\"og:site_name\" content=\"Visit Gavarres\" \/>\n<meta property=\"article:modified_time\" content=\"2025-12-12T13:53:22+00:00\" \/>\n<meta name=\"twitter:card\" content=\"summary_large_image\" \/>\n<meta name=\"twitter:label1\" content=\"Tiempo de lectura\" \/>\n\t<meta name=\"twitter:data1\" content=\"3 minutos\" \/>\n<script type=\"application\/ld+json\" class=\"yoast-schema-graph\">{\"@context\":\"https:\/\/schema.org\",\"@graph\":[{\"@type\":\"WebPage\",\"@id\":\"https:\/\/visitgavarres.cat\/avis-legal\/\",\"url\":\"https:\/\/visitgavarres.cat\/avis-legal\/\",\"name\":\"Aviso legal - Visit Gavarres\",\"isPartOf\":{\"@id\":\"https:\/\/visitgavarres.cat\/#website\"},\"datePublished\":\"2025-08-05T07:36:59+00:00\",\"dateModified\":\"2025-12-12T13:53:22+00:00\",\"breadcrumb\":{\"@id\":\"https:\/\/visitgavarres.cat\/avis-legal\/#breadcrumb\"},\"inLanguage\":\"es\",\"potentialAction\":[{\"@type\":\"ReadAction\",\"target\":[\"https:\/\/visitgavarres.cat\/avis-legal\/\"]}]},{\"@type\":\"BreadcrumbList\",\"@id\":\"https:\/\/visitgavarres.cat\/avis-legal\/#breadcrumb\",\"itemListElement\":[{\"@type\":\"ListItem\",\"position\":1,\"name\":\"Inici\",\"item\":\"https:\/\/visitgavarres.cat\/\"},{\"@type\":\"ListItem\",\"position\":2,\"name\":\"Aviso legal\"}]},{\"@type\":\"WebSite\",\"@id\":\"https:\/\/visitgavarres.cat\/#website\",\"url\":\"https:\/\/visitgavarres.cat\/\",\"name\":\"Visit Gavarres\",\"description\":\"Gaudeix Les Gavarres\",\"potentialAction\":[{\"@type\":\"SearchAction\",\"target\":{\"@type\":\"EntryPoint\",\"urlTemplate\":\"https:\/\/visitgavarres.cat\/?s={search_term_string}\"},\"query-input\":{\"@type\":\"PropertyValueSpecification\",\"valueRequired\":true,\"valueName\":\"search_term_string\"}}],\"inLanguage\":\"es\"}]}<\/script>\n<!-- \/ Yoast SEO plugin. -->","yoast_head_json":{"title":"Aviso legal - Visit Gavarres","robots":{"index":"index","follow":"follow","max-snippet":"max-snippet:-1","max-image-preview":"max-image-preview:large","max-video-preview":"max-video-preview:-1"},"canonical":"https:\/\/visitgavarres.cat\/avis-legal\/","og_locale":"es_ES","og_type":"article","og_title":"Aviso legal - Visit Gavarres","og_description":"Aviso legal Este sitio web y su dominio visitgavarres.cat corresponden al Consorcio de Les Gavarres (en adelante el Consorcio), con CIF P-6700016F, y domicilio en Finca Camps i Armet, s\/n (Can Geron\u00e8s), 17121 Monells, tel\u00e9fono 972643695 y correo e. consorci@gavarres.cat. La informaci\u00f3n facilitada por medio de este sitio web no sustituye a la que figura [&hellip;]","og_url":"https:\/\/visitgavarres.cat\/avis-legal\/","og_site_name":"Visit Gavarres","article_modified_time":"2025-12-12T13:53:22+00:00","twitter_card":"summary_large_image","twitter_misc":{"Tiempo de lectura":"3 minutos"},"schema":{"@context":"https:\/\/schema.org","@graph":[{"@type":"WebPage","@id":"https:\/\/visitgavarres.cat\/avis-legal\/","url":"https:\/\/visitgavarres.cat\/avis-legal\/","name":"Aviso legal - Visit Gavarres","isPartOf":{"@id":"https:\/\/visitgavarres.cat\/#website"},"datePublished":"2025-08-05T07:36:59+00:00","dateModified":"2025-12-12T13:53:22+00:00","breadcrumb":{"@id":"https:\/\/visitgavarres.cat\/avis-legal\/#breadcrumb"},"inLanguage":"es","potentialAction":[{"@type":"ReadAction","target":["https:\/\/visitgavarres.cat\/avis-legal\/"]}]},{"@type":"BreadcrumbList","@id":"https:\/\/visitgavarres.cat\/avis-legal\/#breadcrumb","itemListElement":[{"@type":"ListItem","position":1,"name":"Inici","item":"https:\/\/visitgavarres.cat\/"},{"@type":"ListItem","position":2,"name":"Aviso legal"}]},{"@type":"WebSite","@id":"https:\/\/visitgavarres.cat\/#website","url":"https:\/\/visitgavarres.cat\/","name":"Visit Gavarres","description":"Gaudeix Les Gavarres","potentialAction":[{"@type":"SearchAction","target":{"@type":"EntryPoint","urlTemplate":"https:\/\/visitgavarres.cat\/?s={search_term_string}"},"query-input":{"@type":"PropertyValueSpecification","valueRequired":true,"valueName":"search_term_string"}}],"inLanguage":"es"}]}},"_links":{"self":[{"href":"https:\/\/visitgavarres.cat\/es\/wp-json\/wp\/v2\/pages\/1171","targetHints":{"allow":["GET"]}}],"collection":[{"href":"https:\/\/visitgavarres.cat\/es\/wp-json\/wp\/v2\/pages"}],"about":[{"href":"https:\/\/visitgavarres.cat\/es\/wp-json\/wp\/v2\/types\/page"}],"author":[{"embeddable":true,"href":"https:\/\/visitgavarres.cat\/es\/wp-json\/wp\/v2\/users\/1"}],"replies":[{"embeddable":true,"href":"https:\/\/visitgavarres.cat\/es\/wp-json\/wp\/v2\/comments?post=1171"}],"version-history":[{"count":4,"href":"https:\/\/visitgavarres.cat\/es\/wp-json\/wp\/v2\/pages\/1171\/revisions"}],"predecessor-version":[{"id":1582,"href":"https:\/\/visitgavarres.cat\/es\/wp-json\/wp\/v2\/pages\/1171\/revisions\/1582"}],"wp:attachment":[{"href":"https:\/\/visitgavarres.cat\/es\/wp-json\/wp\/v2\/media?parent=1171"}],"curies":[{"name":"wp","href":"https:\/\/api.w.org\/{rel}","templated":true}]}}