{"id":1172,"date":"2025-08-05T09:37:25","date_gmt":"2025-08-05T07:37:25","guid":{"rendered":"https:\/\/visitgavarres.cat\/politica-de-proteccion-de-datos\/"},"modified":"2025-12-12T14:20:24","modified_gmt":"2025-12-12T12:20:24","slug":"politica-de-proteccion-de-datos","status":"publish","type":"page","link":"https:\/\/visitgavarres.cat\/es\/politica-de-proteccion-de-datos\/","title":{"rendered":"Pol\u00edtica de protecci\u00f3n de datos"},"content":{"rendered":"\t\t<div data-elementor-type=\"wp-page\" data-elementor-id=\"1172\" class=\"elementor elementor-1172 elementor-160\" data-elementor-post-type=\"page\">\n\t\t\t\t<div class=\"elementor-element elementor-element-8dd0919 e-flex e-con-boxed e-con e-parent\" data-id=\"8dd0919\" data-element_type=\"container\" data-e-type=\"container\">\n\t\t\t\t\t<div class=\"e-con-inner\">\n\t\t\t\t<div class=\"elementor-element elementor-element-ff9e9a4 elementor-widget elementor-widget-text-editor\" data-id=\"ff9e9a4\" data-element_type=\"widget\" data-e-type=\"widget\" data-widget_type=\"text-editor.default\">\n\t\t\t\t<div class=\"elementor-widget-container\">\n\t\t\t\t\t\t\t\t\t<h1 class=\"entry-title\">Pol\u00edtica de protecci\u00f3n de datos<\/h1>\n<p>Esta es la pol\u00edtica de protecci\u00f3n de datos del Consorcio de Les Gavarres. Da cumplimiento al Reglamento General de Protecci\u00f3n de Datos (Reglamento (UE) 2016\/679 del Parlamento Europeo y del Consejo, de 27 de abril de 2016) y la normativa estatal sobre esta materia.<\/p>\n<p>\u00bfQui\u00e9n es el responsable del tratamiento de los datos personales?<\/p>\n<p>El responsable del tratamiento de los datos personales es el Consorcio de Les Gavarres, con CIF P-6700016F y domicilio en Finca Camps i Armet, s\/n, CP 17121, Monells, correo e. consorci@gavarres.cat, www.gavarres.cat<\/p>\n<p>Con qu\u00e9 criterios tratamos los datos personales.<\/p>\n<p>Tratamos los datos \u00fanicamente cuando tenemos una base legal que nos lo permite. Los destinamos a las finalidades determinadas, expl\u00edcitas y leg\u00edtimas que explicamos en el momento de obtenerlas. Tratamos \u00fanicamente los adecuados, pertinentes y limitados a lo necesario en cada caso. Nos esforzamos para que est\u00e9n actualizados y los conservamos el tiempo necesario, cumpliendo las normas sobre conservaci\u00f3n de informaci\u00f3n p\u00fablica. Aplicamos las medidas t\u00e9cnicas u organizativas adecuadas para evitar el tratamiento no autorizado o il\u00edcito, o su p\u00e9rdida, destrucci\u00f3n o da\u00f1o accidental. Como criterio general solo pueden comunicar datos las personas mayores de 14 a\u00f1os. En caso de menores de 14 a\u00f1os ser\u00e1 necesaria la autorizaci\u00f3n de sus padres o representantes legales.<\/p>\n<p>Qui\u00e9n es el delegado de protecci\u00f3n de datos.<\/p>\n<p>El delegado de protecci\u00f3n de datos (DPD) supervisa el cumplimiento de la normativa de protecci\u00f3n de datos, velando por que se protejan los derechos de las personas. Entre sus funciones figura la de atender a las personas de las que se tratan datos si quieren presentar una queja o reclamaci\u00f3n. Para contactar con el delegado de protecci\u00f3n de datos puede dirigirse un escrito a Consorcio de Les Gavarres o directamente un correo a la direcci\u00f3n dpd@ddgi.cat.<\/p>\n<p>Con qu\u00e9 finalidad tratamos los datos y a qui\u00e9n los comunicamos.<\/p>\n<p>El Consorcio de Les Gavarres trata los datos para ejercer sus competencias y funciones, y para ofrecer los servicios que se describen en la web y en la sede electr\u00f3nica.<\/p>\n<p>Procedimientos administrativos y tr\u00e1mites. Principalmente a solicitud de personas particulares, utilizamos sus datos para seguir la tramitaci\u00f3n correspondiente. Seg\u00fan el procedimiento, los datos se pueden comunicar a otras administraciones competentes en la materia o se pueden publicar en cumplimiento del principio de transparencia.<\/p>\n<p>Servicios. Para la prestaci\u00f3n de los servicios tratamos los datos aportados por los usuarios. Como criterio general, los datos no se comunican a otras personas sin el consentimiento del usuario del servicio.<\/p>\n<p>Actividades. En la organizaci\u00f3n de actividades de divulgaci\u00f3n y formaci\u00f3n obtenemos datos de las personas que se inscriben, con el fin de organizar la actividad. No se comunican a otras personas.<\/p>\n<p>Contacto. Atendemos a las consultas de personas que utilizan los formularios de contacto de nuestra web. Los datos se utilizan \u00fanicamente para este fin y no se comunican a otras personas.<\/p>\n<p>Env\u00edo de informaci\u00f3n. Con autorizaci\u00f3n previa utilizamos datos de contacto para informar de nuestros servicios o actividades, por los canales autorizados por cada persona. Los datos de los destinatarios no se comunican a otras personas.<\/p>\n<p>Gesti\u00f3n de datos de nuestros proveedores. Registramos y tratamos los datos de los proveedores de quienes obtenemos obras, servicios o bienes. Obtenemos los datos imprescindibles para mantener la relaci\u00f3n comercial y los destinamos \u00fanicamente a tal fin. En cumplimiento de obligaciones legales comunicamos datos a la administraci\u00f3n tributaria.<\/p>\n<p>&nbsp;<\/p>\n<p>Cu\u00e1l es la legitimaci\u00f3n legal para el tratamiento de los datos.<\/p>\n<p>Los tratamientos de datos que llevamos a cabo tienen distintos fundamentos legales, seg\u00fan la naturaleza de cada tratamiento.<\/p>\n<p>Cumplimiento de obligaciones legales. Los tratamientos de los datos en el contexto de procedimientos administrativos se realiza siguiendo las normas reguladoras de cada uno de los procedimientos.<\/p>\n<p>Cumplir misi\u00f3n en inter\u00e9s p\u00fablico. Los tratamientos resultantes de la prestaci\u00f3n de nuestros servicios se justifican para satisfacer el inter\u00e9s p\u00fablico. Tambi\u00e9n las im\u00e1genes que obtenemos con las c\u00e1maras de videovigilancia se tratan para preservar el inter\u00e9s p\u00fablico.<\/p>\n<p>Cumplimiento de una relaci\u00f3n contractual o precontractual. Tratamos los datos de nuestros proveedores siguiendo la normativa de contrataci\u00f3n propia del sector p\u00fablico, con el alcance necesario para el desarrollo de la relaci\u00f3n contractual.<\/p>\n<p>En base al consentimiento. Cuando realizamos env\u00edos de informaci\u00f3n de nuestra actividad o servicios tratamos datos de contacto previa autorizaci\u00f3n del receptor.<\/p>\n<p>Cu\u00e1nto tiempo conservamos los datos.<\/p>\n<p>El tiempo de conservaci\u00f3n de los datos viene determinado principalmente por el hecho de que sean necesarios para atender a las finalidades para las que hayan sido recogidas en cada caso. En segundo lugar se conservan para hacer frente a posibles responsabilidades por el tratamiento de los datos y por atender requerimientos de otras administraciones p\u00fablicas u \u00f3rganos judiciales.<\/p>\n<p>En consecuencia los datos deben conservarse durante el tiempo necesario, pero no por un per\u00edodo superior. En determinados casos, como el de los datos que figuran en la documentaci\u00f3n contable y la facturaci\u00f3n, la normativa fiscal obliga a conservarlos hasta que prescriban las responsabilidades en esta materia. En el caso de los datos que se traten exclusivamente en base al consentimiento de la persona interesada se conservan hasta que se revoca el consentimiento.<\/p>\n<p>Qu\u00e9 derechos tienen las personas en relaci\u00f3n con los datos que tratamos.<\/p>\n<p>Las personas de las que tratamos datos tienen los siguientes derechos:<\/p>\n<p>A saber si se tratan. Cualquier persona tiene, en primer lugar, derecho a saber si tratamos sus datos, con independencia de si ha existido una relaci\u00f3n previa.<\/p>\n<p>A ser informado en la recogida. Cuando los datos se obtienen del propio interesado debe tener informaci\u00f3n clara de las finalidades a las que se destinar\u00e1n, de qui\u00e9n ser\u00e1 el responsable del tratamiento y de los principales aspectos derivados de este tratamiento.<\/p>\n<p>A acceder a ellos. Derecho que permite saber qu\u00e9 datos personales son objeto de tratamiento, cu\u00e1l es la finalidad por la que se tratan, las comunicaciones a otras personas que se har\u00e1n de los mismos (en su caso) o el derecho a obtener copia o saber el plazo previsto de conservaci\u00f3n.<\/p>\n<p>A pedir su rectificaci\u00f3n. Es el derecho a hacer rectificar los datos inexactos que sean objeto de tratamiento por nuestra parte.<\/p>\n<p>A pedir su supresi\u00f3n. Se reconoce el derecho a recabar la supresi\u00f3n de los datos cuando, entre otros motivos, no sean necesarios para los fines para los que fueron recogidos.<\/p>\n<p>A pedir la limitaci\u00f3n del tratamiento. Tambi\u00e9n en determinadas circunstancias se reconoce el derecho a solicitar la limitaci\u00f3n del tratamiento de los datos. En este caso dejar\u00e1n de ser tratados y solo se conservar\u00e1n para el ejercicio o defensa de reclamaciones.<\/p>\n<p>En la portabilidad. En los casos previstos en la normativa se reconoce el derecho a obtener los datos personales propios en un formato de uso com\u00fan.<\/p>\n<p>A oponerse al tratamiento. Una persona puede aducir motivos particulares que comportar\u00e1n que dejen de tratarse sus datos en la medida en que le perjudiquen.<\/p>\n<p>C\u00f3mo ejercer o defender los derechos.<\/p>\n<p>Los derechos que acabamos de enumerar se pueden ejercer dirigiendo una solicitud al Consorcio de Les Gavarres en la direcci\u00f3n postal o en los otros datos de contacto indicados en el encabezamiento. Tambi\u00e9n es posible presentar una reclamaci\u00f3n ante la Autoridad Catalana de Protecci\u00f3n de Datos, mediante los formularios u otros canales accesibles desde su web (www.apd.cat). En cualquier caso, para presentar reclamaciones, pedir aclaraciones o enviar sugerencias, es posible dirigirse a la delegada de protecci\u00f3n de datos mediante mensaje de correo electr\u00f3nico a la direcci\u00f3n dpd@ddgi.cat.<\/p>\n\t\t\t\t\t\t\t\t<\/div>\n\t\t\t\t<\/div>\n\t\t\t\t\t<\/div>\n\t\t\t\t<\/div>\n\t\t\t\t<\/div>\n\t\t","protected":false},"excerpt":{"rendered":"<p>Pol\u00edtica de protecci\u00f3n de datos Esta es la pol\u00edtica de protecci\u00f3n de datos del Consorcio de Les Gavarres. Da cumplimiento al Reglamento General de Protecci\u00f3n de Datos (Reglamento (UE) 2016\/679 del Parlamento Europeo y del Consejo, de 27 de abril de 2016) y la normativa estatal sobre esta materia. \u00bfQui\u00e9n es el responsable del tratamiento [&hellip;]<\/p>\n","protected":false},"author":1,"featured_media":0,"parent":0,"menu_order":0,"comment_status":"closed","ping_status":"closed","template":"elementor_header_footer","meta":{"_acf_changed":false,"footnotes":""},"class_list":["post-1172","page","type-page","status-publish","hentry"],"acf":[],"yoast_head":"<!-- This site is optimized with the Yoast SEO plugin v27.0 - https:\/\/yoast.com\/product\/yoast-seo-wordpress\/ -->\n<title>Pol\u00edtica de protecci\u00f3n de datos - Visit Gavarres<\/title>\n<meta name=\"robots\" content=\"index, follow, max-snippet:-1, max-image-preview:large, max-video-preview:-1\" \/>\n<link rel=\"canonical\" href=\"https:\/\/visitgavarres.cat\/politica-de-proteccio-de-dades\/\" \/>\n<meta property=\"og:locale\" content=\"es_ES\" \/>\n<meta property=\"og:type\" content=\"article\" \/>\n<meta property=\"og:title\" content=\"Pol\u00edtica de protecci\u00f3n de datos - Visit Gavarres\" \/>\n<meta property=\"og:description\" content=\"Pol\u00edtica de protecci\u00f3n de datos Esta es la pol\u00edtica de protecci\u00f3n de datos del Consorcio de Les Gavarres. Da cumplimiento al Reglamento General de Protecci\u00f3n de Datos (Reglamento (UE) 2016\/679 del Parlamento Europeo y del Consejo, de 27 de abril de 2016) y la normativa estatal sobre esta materia. \u00bfQui\u00e9n es el responsable del tratamiento [&hellip;]\" \/>\n<meta property=\"og:url\" content=\"https:\/\/visitgavarres.cat\/politica-de-proteccio-de-dades\/\" \/>\n<meta property=\"og:site_name\" content=\"Visit Gavarres\" \/>\n<meta property=\"article:modified_time\" content=\"2025-12-12T12:20:24+00:00\" \/>\n<meta name=\"twitter:card\" content=\"summary_large_image\" \/>\n<meta name=\"twitter:label1\" content=\"Tiempo de lectura\" \/>\n\t<meta name=\"twitter:data1\" content=\"7 minutos\" \/>\n<script type=\"application\/ld+json\" class=\"yoast-schema-graph\">{\"@context\":\"https:\/\/schema.org\",\"@graph\":[{\"@type\":\"WebPage\",\"@id\":\"https:\/\/visitgavarres.cat\/politica-de-proteccio-de-dades\/\",\"url\":\"https:\/\/visitgavarres.cat\/politica-de-proteccio-de-dades\/\",\"name\":\"Pol\u00edtica de protecci\u00f3n de datos - Visit Gavarres\",\"isPartOf\":{\"@id\":\"https:\/\/visitgavarres.cat\/#website\"},\"datePublished\":\"2025-08-05T07:37:25+00:00\",\"dateModified\":\"2025-12-12T12:20:24+00:00\",\"breadcrumb\":{\"@id\":\"https:\/\/visitgavarres.cat\/politica-de-proteccio-de-dades\/#breadcrumb\"},\"inLanguage\":\"es\",\"potentialAction\":[{\"@type\":\"ReadAction\",\"target\":[\"https:\/\/visitgavarres.cat\/politica-de-proteccio-de-dades\/\"]}]},{\"@type\":\"BreadcrumbList\",\"@id\":\"https:\/\/visitgavarres.cat\/politica-de-proteccio-de-dades\/#breadcrumb\",\"itemListElement\":[{\"@type\":\"ListItem\",\"position\":1,\"name\":\"Inici\",\"item\":\"https:\/\/visitgavarres.cat\/\"},{\"@type\":\"ListItem\",\"position\":2,\"name\":\"Pol\u00edtica de protecci\u00f3n de datos\"}]},{\"@type\":\"WebSite\",\"@id\":\"https:\/\/visitgavarres.cat\/#website\",\"url\":\"https:\/\/visitgavarres.cat\/\",\"name\":\"Visit Gavarres\",\"description\":\"Gaudeix Les Gavarres\",\"potentialAction\":[{\"@type\":\"SearchAction\",\"target\":{\"@type\":\"EntryPoint\",\"urlTemplate\":\"https:\/\/visitgavarres.cat\/?s={search_term_string}\"},\"query-input\":{\"@type\":\"PropertyValueSpecification\",\"valueRequired\":true,\"valueName\":\"search_term_string\"}}],\"inLanguage\":\"es\"}]}<\/script>\n<!-- \/ Yoast SEO plugin. -->","yoast_head_json":{"title":"Pol\u00edtica de protecci\u00f3n de datos - Visit Gavarres","robots":{"index":"index","follow":"follow","max-snippet":"max-snippet:-1","max-image-preview":"max-image-preview:large","max-video-preview":"max-video-preview:-1"},"canonical":"https:\/\/visitgavarres.cat\/politica-de-proteccio-de-dades\/","og_locale":"es_ES","og_type":"article","og_title":"Pol\u00edtica de protecci\u00f3n de datos - Visit Gavarres","og_description":"Pol\u00edtica de protecci\u00f3n de datos Esta es la pol\u00edtica de protecci\u00f3n de datos del Consorcio de Les Gavarres. Da cumplimiento al Reglamento General de Protecci\u00f3n de Datos (Reglamento (UE) 2016\/679 del Parlamento Europeo y del Consejo, de 27 de abril de 2016) y la normativa estatal sobre esta materia. \u00bfQui\u00e9n es el responsable del tratamiento [&hellip;]","og_url":"https:\/\/visitgavarres.cat\/politica-de-proteccio-de-dades\/","og_site_name":"Visit Gavarres","article_modified_time":"2025-12-12T12:20:24+00:00","twitter_card":"summary_large_image","twitter_misc":{"Tiempo de lectura":"7 minutos"},"schema":{"@context":"https:\/\/schema.org","@graph":[{"@type":"WebPage","@id":"https:\/\/visitgavarres.cat\/politica-de-proteccio-de-dades\/","url":"https:\/\/visitgavarres.cat\/politica-de-proteccio-de-dades\/","name":"Pol\u00edtica de protecci\u00f3n de datos - Visit Gavarres","isPartOf":{"@id":"https:\/\/visitgavarres.cat\/#website"},"datePublished":"2025-08-05T07:37:25+00:00","dateModified":"2025-12-12T12:20:24+00:00","breadcrumb":{"@id":"https:\/\/visitgavarres.cat\/politica-de-proteccio-de-dades\/#breadcrumb"},"inLanguage":"es","potentialAction":[{"@type":"ReadAction","target":["https:\/\/visitgavarres.cat\/politica-de-proteccio-de-dades\/"]}]},{"@type":"BreadcrumbList","@id":"https:\/\/visitgavarres.cat\/politica-de-proteccio-de-dades\/#breadcrumb","itemListElement":[{"@type":"ListItem","position":1,"name":"Inici","item":"https:\/\/visitgavarres.cat\/"},{"@type":"ListItem","position":2,"name":"Pol\u00edtica de protecci\u00f3n de datos"}]},{"@type":"WebSite","@id":"https:\/\/visitgavarres.cat\/#website","url":"https:\/\/visitgavarres.cat\/","name":"Visit Gavarres","description":"Gaudeix Les Gavarres","potentialAction":[{"@type":"SearchAction","target":{"@type":"EntryPoint","urlTemplate":"https:\/\/visitgavarres.cat\/?s={search_term_string}"},"query-input":{"@type":"PropertyValueSpecification","valueRequired":true,"valueName":"search_term_string"}}],"inLanguage":"es"}]}},"_links":{"self":[{"href":"https:\/\/visitgavarres.cat\/es\/wp-json\/wp\/v2\/pages\/1172","targetHints":{"allow":["GET"]}}],"collection":[{"href":"https:\/\/visitgavarres.cat\/es\/wp-json\/wp\/v2\/pages"}],"about":[{"href":"https:\/\/visitgavarres.cat\/es\/wp-json\/wp\/v2\/types\/page"}],"author":[{"embeddable":true,"href":"https:\/\/visitgavarres.cat\/es\/wp-json\/wp\/v2\/users\/1"}],"replies":[{"embeddable":true,"href":"https:\/\/visitgavarres.cat\/es\/wp-json\/wp\/v2\/comments?post=1172"}],"version-history":[{"count":2,"href":"https:\/\/visitgavarres.cat\/es\/wp-json\/wp\/v2\/pages\/1172\/revisions"}],"predecessor-version":[{"id":1557,"href":"https:\/\/visitgavarres.cat\/es\/wp-json\/wp\/v2\/pages\/1172\/revisions\/1557"}],"wp:attachment":[{"href":"https:\/\/visitgavarres.cat\/es\/wp-json\/wp\/v2\/media?parent=1172"}],"curies":[{"name":"wp","href":"https:\/\/api.w.org\/{rel}","templated":true}]}}