{"id":1173,"date":"2025-08-05T09:37:49","date_gmt":"2025-08-05T07:37:49","guid":{"rendered":"https:\/\/visitgavarres.cat\/politica-de-cookies\/"},"modified":"2025-12-12T14:19:56","modified_gmt":"2025-12-12T12:19:56","slug":"politica-de-cookies","status":"publish","type":"page","link":"https:\/\/visitgavarres.cat\/es\/politica-de-cookies\/","title":{"rendered":"Pol\u00edtica de cookies"},"content":{"rendered":"\t\t<div data-elementor-type=\"wp-page\" data-elementor-id=\"1173\" class=\"elementor elementor-1173 elementor-162\" data-elementor-post-type=\"page\">\n\t\t\t\t<div class=\"elementor-element elementor-element-6c0f205 e-flex e-con-boxed e-con e-parent\" data-id=\"6c0f205\" data-element_type=\"container\" data-e-type=\"container\">\n\t\t\t\t\t<div class=\"e-con-inner\">\n\t\t\t\t<div class=\"elementor-element elementor-element-326c401 elementor-widget elementor-widget-text-editor\" data-id=\"326c401\" data-element_type=\"widget\" data-e-type=\"widget\" data-widget_type=\"text-editor.default\">\n\t\t\t\t<div class=\"elementor-widget-container\">\n\t\t\t\t\t\t\t\t\t<h1 class=\"entry-title\">Pol\u00edtica de cookies<\/h1>\n<p>\u00bfQu\u00e9 son las <em>cookies<\/em>?<\/p>\n<p>Las <em>cookies<\/em> son peque\u00f1os archivos de datos que se reciben en el terminal desde el sitio web visitado y se usan para registrar ciertas interacciones de la navegaci\u00f3n en un sitio web almacenando datos que podr\u00e1n ser actualizados y recuperados. Estos archivos se almacenan en el ordenador del usuario y contiene datos an\u00f3nimos que no son perjudiciales para su equipo. Se utilizan para recordar las preferencias del usuario, como el idioma seleccionado, datos de acceso o personalizaci\u00f3n de la p\u00e1gina.<\/p>\n<p>&nbsp;<\/p>\n<p>Las <em>cookies<\/em> tambi\u00e9n pueden ser utilizadas para registrar informaci\u00f3n an\u00f3nima sobre c\u00f3mo un visitante utiliza un sitio. Por ejemplo, desde qu\u00e9 p\u00e1gina web se ha accedido, o si ha utilizado un b\u00e1ner publicitario para llegar.<\/p>\n<p>&nbsp;<\/p>\n<p>\u00bfPor qu\u00e9 esta web utiliza cookies?<\/p>\n<p>El Consorcio de Les Gavarres utiliza <em>cookies<\/em> estrictamente necesarias y esenciales para que utilice nuestros sitios web y le permitan moverse libremente, utilizar \u00e1reas seguras, opciones personalizadas, etc. Estas se utilizan para ayudar a mejorar el servicio al cliente, midiendo el uso y el rendimiento de la p\u00e1gina, para optimizar y personalizarla.<\/p>\n<p>&nbsp;<\/p>\n<p>Nuestros sitios tambi\u00e9n pueden tener enlaces de redes sociales (como Facebook o Twitter). El Consorcio de Les Gavarres no controla las <em>cookies<\/em> utilizadas por estas webs externas. Para m\u00e1s informaci\u00f3n sobre las <em>cookies<\/em> de las redes sociales u otras webs ajenas, aconsejamos revisar sus propias pol\u00edticas de <em>cookies<\/em>.<\/p>\n<p>&nbsp;<\/p>\n<p>\u00bfQu\u00e9 uso le damos a los distintos tipos de <em>cookies<\/em>?<\/p>\n<p>Seg\u00fan su finalidad<\/p>\n<p><em>Cookies<\/em> t\u00e9cnicas Las <em>cookies<\/em> t\u00e9cnicas son aquellas imprescindibles y estrictamente necesarias para el correcto funcionamiento de un portal web y la utilizaci\u00f3n de las diferentes opciones y servicios que ofrece.<\/p>\n<p>Por ejemplo, las que sirven para el mantenimiento de la sesi\u00f3n, gesti\u00f3n del tiempo de respuesta, rendimiento o validaci\u00f3n de opciones, utilizar elementos de seguridad, compartir contenido con redes sociales, etc.<\/p>\n<p>&nbsp;<\/p>\n<p><em>Cookies<\/em> de personalizaci\u00f3n Estas <em>cookies<\/em> permiten al usuario especificar o personalizar algunas caracter\u00edsticas de las opciones generales de la p\u00e1gina web, por ejemplo, definir el idioma, configuraci\u00f3n regional o tipos de navegador.<\/p>\n<p><em>Cookies<\/em> anal\u00edticas Las <em>cookies<\/em> anal\u00edticas son las utilizadas por nuestros portales web, para elaborar perfiles de navegaci\u00f3n y poder conocer las preferencias de los usuarios del mismo para mejorar la oferta de productos y servicios.<\/p>\n<p>Por ejemplo, mediante una <em>cookie<\/em> anal\u00edtica se controlar\u00edan las \u00e1reas geogr\u00e1ficas de mayor inter\u00e9s de un usuario, cu\u00e1l es el producto de mayor aceptaci\u00f3n, etc.<\/p>\n<p>&nbsp;<\/p>\n<p><em>Cookies<\/em> publicitarias \/ de publicidad Las <em>cookies<\/em> publicitarias permiten la gesti\u00f3n de los espacios publicitarios en base a criterios concretos. Por ejemplo, la frecuencia de acceso, el contenido editado, etc.<\/p>\n<p>Las <em>cookies<\/em> de publicidad permiten, a trav\u00e9s de la gesti\u00f3n de la publicidad, almacenar informaci\u00f3n del comportamiento a trav\u00e9s de la observaci\u00f3n de h\u00e1bitos, estudiando los accesos y formando un perfil de preferencias del usuario, para ofrecerle publicidad relacionada con los intereses de su perfil.<\/p>\n<p>&nbsp;<\/p>\n<p>Seg\u00fan plazo<\/p>\n<p><em>Cookies<\/em> de sesi\u00f3n Las <em>cookies<\/em> de sesi\u00f3n son aquellas que duran el tiempo que el usuario est\u00e1 navegando por la p\u00e1gina web y se borran al final.<\/p>\n<p><em>Cookies<\/em> persistentes Estas <em>cookies<\/em> quedan almacenadas en el terminal del usuario, por un tiempo m\u00e1s largo, facilitando as\u00ed el control de las preferencias escogidas sin tener que repetir ciertos par\u00e1metros cada vez que se visite el sitio web.<\/p>\n<p><em>Cookies<\/em> esenciales<\/p>\n<p>Nombre Titular Duraci\u00f3n Finalidad<\/p>\n<p>rgpdModel Propia Ilimitado Recoge la validaci\u00f3n de <em>cookies<\/em><\/p>\n<p>rgpdModelGroup Propia Ilimitado Recoge el n\u00famero de grupos de <em>cookies<\/em><\/p>\n<p>group_1 Propia Ilimitado Recoge aceptaci\u00f3n o no del grupo1<\/p>\n<p>group_2 Propia Ilimitado Recoge aceptaci\u00f3n o no del grupo2<\/p>\n<p>group_3 Propia Ilimitado Recoge aceptaci\u00f3n o no del grupo3<\/p>\n<p><em>Cookies<\/em> funcionalidad<\/p>\n<p>Nombre Titular Duraci\u00f3n Finalidad<\/p>\n<p>PHPSESSID Propia Ilimitado Recordar idioma<\/p>\n<p><em>Cookies<\/em> anal\u00edticas<\/p>\n<p>Nombre Titular Duraci\u00f3n Finalidad<\/p>\n<p>_gat_gtag_UA_2961313_1 Google Analytics 30 min\u00a0\u00a0\u00a0\u00a0\u00a0\u00a0\u00a0\u00a0\u00a0\u00a0 Consultar<\/p>\n<p>_gid Google Analytics 30 min\u00a0\u00a0\u00a0\u00a0\u00a0\u00a0\u00a0\u00a0\u00a0\u00a0\u00a0\u00a0 Consultar<\/p>\n<p>_ga Google Analytics 2 a\u00f1os Consultar<\/p>\n<p><em>Cookies<\/em> publicidad<\/p>\n<p>Nombre Titular Duraci\u00f3n Finalidad<\/p>\n<p>N\/A\u00a0\u00a0\u00a0\u00a0\u00a0\u00a0 N\/A\u00a0\u00a0\u00a0\u00a0\u00a0\u00a0 N\/A\u00a0\u00a0\u00a0\u00a0\u00a0\u00a0\u00a0 N\/A<\/p>\n<p>\u00bfY si no quiero tener estas <em>cookies<\/em> o no hago nada al respecto?<\/p>\n<p>Para cumplir con la legislaci\u00f3n vigente, debemos pedir su permiso para gestionar <em>cookies<\/em>. Si decide no autorizar el tratamiento indicando su no conformidad, solo utilizar\u00edamos las <em>cookies<\/em> t\u00e9cnicas, ya que son imprescindibles para la navegaci\u00f3n por nuestra web. En ese caso, no almacenar\u00edamos ninguna <em>cookie<\/em>. En caso de seguir navegando por nuestro sitio web sin denegar su autorizaci\u00f3n implica que acepta su uso.<\/p>\n<p>&nbsp;<\/p>\n<p>Tenga en cuenta que si rechaza o borra las <em>cookies<\/em> de navegaci\u00f3n, no podremos mantener sus preferencias, algunas caracter\u00edsticas de las p\u00e1ginas no estar\u00e1n operativas, no podremos ofrecer servicios personalizados y cada vez que vaya a navegar por nuestra web deberemos solicitar de nuevo su autorizaci\u00f3n para el uso de <em>cookies<\/em>.<\/p>\n<p>&nbsp;<\/p>\n<p>Si aun as\u00ed, decide modificar la configuraci\u00f3n de su acceso a la p\u00e1gina web, debe saber que es posible eliminar las <em>cookies<\/em> o impedir que se registre esta informaci\u00f3n en su equipo en cualquier momento mediante la modificaci\u00f3n de los par\u00e1metros de configuraci\u00f3n de su navegador:<\/p>\n<p>&nbsp;<\/p>\n<p>Configuraci\u00f3n de <em>cookies<\/em> con Internet Explorer<\/p>\n<p>Configuraci\u00f3n de <em>cookies<\/em> con Firefox<\/p>\n<p>Configuraci\u00f3n de <em>cookies<\/em> con Google Chrome<\/p>\n<p>Configuraci\u00f3n de <em>cookies<\/em> con Safari<\/p>\n<p>Estos navegadores est\u00e1n sometidos a actualizaciones o modificaciones, por lo que no podemos garantizar que se ajusten por completo a la versi\u00f3n de su navegador. Tambi\u00e9n puede ser que utilice otro navegador no contemplado en estos enlaces como Konqueror, Arora, Flock, etc. Para evitar estos desajustes, puede acceder directamente desde las opciones de su navegador que se encuentra generalmente en el men\u00fa de Opciones, en la secci\u00f3n de \u2018Privacidad\u2019. (Por favor, consulte la ayuda de su navegador para m\u00e1s informaci\u00f3n.)<\/p>\n<p>&nbsp;<\/p>\n\t\t\t\t\t\t\t\t<\/div>\n\t\t\t\t<\/div>\n\t\t\t\t\t<\/div>\n\t\t\t\t<\/div>\n\t\t\t\t<\/div>\n\t\t","protected":false},"excerpt":{"rendered":"<p>Pol\u00edtica de cookies \u00bfQu\u00e9 son las cookies? Las cookies son peque\u00f1os archivos de datos que se reciben en el terminal desde el sitio web visitado y se usan para registrar ciertas interacciones de la navegaci\u00f3n en un sitio web almacenando datos que podr\u00e1n ser actualizados y recuperados. Estos archivos se almacenan en el ordenador del [&hellip;]<\/p>\n","protected":false},"author":1,"featured_media":0,"parent":0,"menu_order":0,"comment_status":"closed","ping_status":"closed","template":"elementor_header_footer","meta":{"_acf_changed":false,"footnotes":""},"class_list":["post-1173","page","type-page","status-publish","hentry"],"acf":[],"yoast_head":"<!-- This site is optimized with the Yoast SEO plugin v27.0 - https:\/\/yoast.com\/product\/yoast-seo-wordpress\/ -->\n<title>Pol\u00edtica de cookies - Visit Gavarres<\/title>\n<meta name=\"robots\" content=\"index, follow, max-snippet:-1, max-image-preview:large, max-video-preview:-1\" \/>\n<link rel=\"canonical\" href=\"https:\/\/visitgavarres.cat\/politica-de-galetes\/\" \/>\n<meta property=\"og:locale\" content=\"es_ES\" \/>\n<meta property=\"og:type\" content=\"article\" \/>\n<meta property=\"og:title\" content=\"Pol\u00edtica de cookies - Visit Gavarres\" \/>\n<meta property=\"og:description\" content=\"Pol\u00edtica de cookies \u00bfQu\u00e9 son las cookies? Las cookies son peque\u00f1os archivos de datos que se reciben en el terminal desde el sitio web visitado y se usan para registrar ciertas interacciones de la navegaci\u00f3n en un sitio web almacenando datos que podr\u00e1n ser actualizados y recuperados. Estos archivos se almacenan en el ordenador del [&hellip;]\" \/>\n<meta property=\"og:url\" content=\"https:\/\/visitgavarres.cat\/politica-de-galetes\/\" \/>\n<meta property=\"og:site_name\" content=\"Visit Gavarres\" \/>\n<meta property=\"article:modified_time\" content=\"2025-12-12T12:19:56+00:00\" \/>\n<meta name=\"twitter:card\" content=\"summary_large_image\" \/>\n<meta name=\"twitter:label1\" content=\"Tiempo de lectura\" \/>\n\t<meta name=\"twitter:data1\" content=\"5 minutos\" \/>\n<script type=\"application\/ld+json\" class=\"yoast-schema-graph\">{\"@context\":\"https:\/\/schema.org\",\"@graph\":[{\"@type\":\"WebPage\",\"@id\":\"https:\/\/visitgavarres.cat\/politica-de-galetes\/\",\"url\":\"https:\/\/visitgavarres.cat\/politica-de-galetes\/\",\"name\":\"Pol\u00edtica de cookies - Visit Gavarres\",\"isPartOf\":{\"@id\":\"https:\/\/visitgavarres.cat\/#website\"},\"datePublished\":\"2025-08-05T07:37:49+00:00\",\"dateModified\":\"2025-12-12T12:19:56+00:00\",\"breadcrumb\":{\"@id\":\"https:\/\/visitgavarres.cat\/politica-de-galetes\/#breadcrumb\"},\"inLanguage\":\"es\",\"potentialAction\":[{\"@type\":\"ReadAction\",\"target\":[\"https:\/\/visitgavarres.cat\/politica-de-galetes\/\"]}]},{\"@type\":\"BreadcrumbList\",\"@id\":\"https:\/\/visitgavarres.cat\/politica-de-galetes\/#breadcrumb\",\"itemListElement\":[{\"@type\":\"ListItem\",\"position\":1,\"name\":\"Inici\",\"item\":\"https:\/\/visitgavarres.cat\/\"},{\"@type\":\"ListItem\",\"position\":2,\"name\":\"Pol\u00edtica de cookies\"}]},{\"@type\":\"WebSite\",\"@id\":\"https:\/\/visitgavarres.cat\/#website\",\"url\":\"https:\/\/visitgavarres.cat\/\",\"name\":\"Visit Gavarres\",\"description\":\"Gaudeix Les Gavarres\",\"potentialAction\":[{\"@type\":\"SearchAction\",\"target\":{\"@type\":\"EntryPoint\",\"urlTemplate\":\"https:\/\/visitgavarres.cat\/?s={search_term_string}\"},\"query-input\":{\"@type\":\"PropertyValueSpecification\",\"valueRequired\":true,\"valueName\":\"search_term_string\"}}],\"inLanguage\":\"es\"}]}<\/script>\n<!-- \/ Yoast SEO plugin. -->","yoast_head_json":{"title":"Pol\u00edtica de cookies - Visit Gavarres","robots":{"index":"index","follow":"follow","max-snippet":"max-snippet:-1","max-image-preview":"max-image-preview:large","max-video-preview":"max-video-preview:-1"},"canonical":"https:\/\/visitgavarres.cat\/politica-de-galetes\/","og_locale":"es_ES","og_type":"article","og_title":"Pol\u00edtica de cookies - Visit Gavarres","og_description":"Pol\u00edtica de cookies \u00bfQu\u00e9 son las cookies? Las cookies son peque\u00f1os archivos de datos que se reciben en el terminal desde el sitio web visitado y se usan para registrar ciertas interacciones de la navegaci\u00f3n en un sitio web almacenando datos que podr\u00e1n ser actualizados y recuperados. Estos archivos se almacenan en el ordenador del [&hellip;]","og_url":"https:\/\/visitgavarres.cat\/politica-de-galetes\/","og_site_name":"Visit Gavarres","article_modified_time":"2025-12-12T12:19:56+00:00","twitter_card":"summary_large_image","twitter_misc":{"Tiempo de lectura":"5 minutos"},"schema":{"@context":"https:\/\/schema.org","@graph":[{"@type":"WebPage","@id":"https:\/\/visitgavarres.cat\/politica-de-galetes\/","url":"https:\/\/visitgavarres.cat\/politica-de-galetes\/","name":"Pol\u00edtica de cookies - Visit Gavarres","isPartOf":{"@id":"https:\/\/visitgavarres.cat\/#website"},"datePublished":"2025-08-05T07:37:49+00:00","dateModified":"2025-12-12T12:19:56+00:00","breadcrumb":{"@id":"https:\/\/visitgavarres.cat\/politica-de-galetes\/#breadcrumb"},"inLanguage":"es","potentialAction":[{"@type":"ReadAction","target":["https:\/\/visitgavarres.cat\/politica-de-galetes\/"]}]},{"@type":"BreadcrumbList","@id":"https:\/\/visitgavarres.cat\/politica-de-galetes\/#breadcrumb","itemListElement":[{"@type":"ListItem","position":1,"name":"Inici","item":"https:\/\/visitgavarres.cat\/"},{"@type":"ListItem","position":2,"name":"Pol\u00edtica de cookies"}]},{"@type":"WebSite","@id":"https:\/\/visitgavarres.cat\/#website","url":"https:\/\/visitgavarres.cat\/","name":"Visit Gavarres","description":"Gaudeix Les Gavarres","potentialAction":[{"@type":"SearchAction","target":{"@type":"EntryPoint","urlTemplate":"https:\/\/visitgavarres.cat\/?s={search_term_string}"},"query-input":{"@type":"PropertyValueSpecification","valueRequired":true,"valueName":"search_term_string"}}],"inLanguage":"es"}]}},"_links":{"self":[{"href":"https:\/\/visitgavarres.cat\/es\/wp-json\/wp\/v2\/pages\/1173","targetHints":{"allow":["GET"]}}],"collection":[{"href":"https:\/\/visitgavarres.cat\/es\/wp-json\/wp\/v2\/pages"}],"about":[{"href":"https:\/\/visitgavarres.cat\/es\/wp-json\/wp\/v2\/types\/page"}],"author":[{"embeddable":true,"href":"https:\/\/visitgavarres.cat\/es\/wp-json\/wp\/v2\/users\/1"}],"replies":[{"embeddable":true,"href":"https:\/\/visitgavarres.cat\/es\/wp-json\/wp\/v2\/comments?post=1173"}],"version-history":[{"count":2,"href":"https:\/\/visitgavarres.cat\/es\/wp-json\/wp\/v2\/pages\/1173\/revisions"}],"predecessor-version":[{"id":1551,"href":"https:\/\/visitgavarres.cat\/es\/wp-json\/wp\/v2\/pages\/1173\/revisions\/1551"}],"wp:attachment":[{"href":"https:\/\/visitgavarres.cat\/es\/wp-json\/wp\/v2\/media?parent=1173"}],"curies":[{"name":"wp","href":"https:\/\/api.w.org\/{rel}","templated":true}]}}