{"id":1185,"date":"2025-08-05T08:10:41","date_gmt":"2025-08-05T06:10:41","guid":{"rendered":"https:\/\/visitgavarres.cat\/les-gavarres\/"},"modified":"2026-03-18T14:37:35","modified_gmt":"2026-03-18T12:37:35","slug":"les-gavarres","status":"publish","type":"page","link":"https:\/\/visitgavarres.cat\/es\/les-gavarres\/","title":{"rendered":"Les Gavarres"},"content":{"rendered":"\t\t<div data-elementor-type=\"wp-page\" data-elementor-id=\"1185\" class=\"elementor elementor-1185 elementor-48\" data-elementor-post-type=\"page\">\n\t\t\t\t<div class=\"elementor-element elementor-element-0b3225f e-flex e-con-boxed e-con e-parent\" data-id=\"0b3225f\" data-element_type=\"container\" data-e-type=\"container\" id=\"content\">\n\t\t\t\t\t<div class=\"e-con-inner\">\n\t\t\t\t<div class=\"elementor-element elementor-element-a48e9d0 elementor-widget__width-initial elementor-widget elementor-widget-heading\" data-id=\"a48e9d0\" data-element_type=\"widget\" data-e-type=\"widget\" data-widget_type=\"heading.default\">\n\t\t\t\t<div class=\"elementor-widget-container\">\n\t\t\t\t\t<h1 class=\"elementor-heading-title elementor-size-default\">Les Gavarres: naturaleza y cultura, paisaje e historia<\/h1>\t\t\t\t<\/div>\n\t\t\t\t<\/div>\n\t\t\t\t<div class=\"elementor-element elementor-element-d3b71a6 elementor-widget elementor-widget-text-editor\" data-id=\"d3b71a6\" data-element_type=\"widget\" data-e-type=\"widget\" data-widget_type=\"text-editor.default\">\n\t\t\t\t<div class=\"elementor-widget-container\">\n\t\t\t\t\t\t\t\t\t<p>Entre las llanuras del Empord\u00e0 y el Giron\u00e8s y junto al litoral de la Costa Brava, se alza el macizo de Les Gavarres, un espacio natural que conserva con fuerza la esencia del paisaje mediterr\u00e1neo. Con m\u00e1s de 350 km\u00b2 de superficie, este macizo de formas suaves y bosques extensos rodeado de llanuras humanizadas y junto al litoral mediterr\u00e1neo, esconde una gran riqueza ecol\u00f3gica, una larga historia humana y un patrimonio cultural vivo y accesible.<\/p>\n\t\t\t\t\t\t\t\t<\/div>\n\t\t\t\t<\/div>\n\t\t\t\t\t<\/div>\n\t\t\t\t<\/div>\n\t\t<div class=\"elementor-element elementor-element-0b2a276 e-con-full e-flex e-con e-parent\" data-id=\"0b2a276\" data-element_type=\"container\" data-e-type=\"container\">\n\t\t\t\t<div class=\"elementor-element elementor-element-a4bee03 elementor-widget elementor-widget-image\" data-id=\"a4bee03\" data-element_type=\"widget\" data-e-type=\"widget\" data-widget_type=\"image.default\">\n\t\t\t\t<div class=\"elementor-widget-container\">\n\t\t\t\t\t\t\t\t\t\t\t\t\t\t\t<img fetchpriority=\"high\" decoding=\"async\" width=\"1440\" height=\"418\" src=\"https:\/\/visitgavarres.cat\/wp-content\/uploads\/2025\/08\/GIRONAFLYECOCCIWINE20248.jpg.jpg\" class=\"attachment-full size-full wp-image-1031\" alt=\"Les gavarres des de l&#039;aire\" srcset=\"https:\/\/visitgavarres.cat\/wp-content\/uploads\/2025\/08\/GIRONAFLYECOCCIWINE20248.jpg.jpg 1440w, https:\/\/visitgavarres.cat\/wp-content\/uploads\/2025\/08\/GIRONAFLYECOCCIWINE20248.jpg-300x87.jpg 300w, https:\/\/visitgavarres.cat\/wp-content\/uploads\/2025\/08\/GIRONAFLYECOCCIWINE20248.jpg-1024x297.jpg 1024w, https:\/\/visitgavarres.cat\/wp-content\/uploads\/2025\/08\/GIRONAFLYECOCCIWINE20248.jpg-768x223.jpg 768w\" sizes=\"(max-width: 1440px) 100vw, 1440px\" \/>\t\t\t\t\t\t\t\t\t\t\t\t\t\t\t<\/div>\n\t\t\t\t<\/div>\n\t\t\t\t<\/div>\n\t\t<div class=\"elementor-element elementor-element-9793300 e-flex e-con-boxed e-con e-parent\" data-id=\"9793300\" data-element_type=\"container\" data-e-type=\"container\" data-settings=\"{&quot;background_background&quot;:&quot;classic&quot;}\">\n\t\t\t\t\t<div class=\"e-con-inner\">\n\t\t<div class=\"elementor-element elementor-element-ff136b2 e-con-full e-flex e-con e-child\" data-id=\"ff136b2\" data-element_type=\"container\" data-e-type=\"container\">\n\t\t\t\t<div class=\"elementor-element elementor-element-f6bddd8 elementor-widget elementor-widget-heading\" data-id=\"f6bddd8\" data-element_type=\"widget\" data-e-type=\"widget\" data-widget_type=\"heading.default\">\n\t\t\t\t<div class=\"elementor-widget-container\">\n\t\t\t\t\t<h2 class=\"elementor-heading-title elementor-size-default\">Un paisaje con historia<\/h2>\t\t\t\t<\/div>\n\t\t\t\t<\/div>\n\t\t\t\t<div class=\"elementor-element elementor-element-b085165 elementor-widget elementor-widget-text-editor\" data-id=\"b085165\" data-element_type=\"widget\" data-e-type=\"widget\" data-widget_type=\"text-editor.default\">\n\t\t\t\t<div class=\"elementor-widget-container\">\n\t\t\t\t\t\t\t\t\t<p>La presencia humana en Les Gavarres se remonta a hace m\u00e1s de 5.000 a\u00f1os, con restos megal\u00edticos como d\u00f3lmenes y menhires. Durante las \u00e9pocas ib\u00e9rica y romana, las zonas alrededor del macizo fueron habitadas intensamente, mientras que el interior permaneci\u00f3 pr\u00e1cticamente despoblado. No fue hasta la Edad Media que el coraz\u00f3n de Les Gavarres se estructur\u00f3 en torno a parroquias y mas\u00edas. Esta organizaci\u00f3n perdur\u00f3 hasta bien entrado el siglo XX, cuando las actividades forestales \ua7f7le\u00f1a, carb\u00f3n, corcho\ua7f7 eran el motor econ\u00f3mico de la zona.<\/p>\n\t\t\t\t\t\t\t\t<\/div>\n\t\t\t\t<\/div>\n\t\t\t\t<div class=\"elementor-element elementor-element-2fa9129 elementor-widget elementor-widget-heading\" data-id=\"2fa9129\" data-element_type=\"widget\" data-e-type=\"widget\" data-widget_type=\"heading.default\">\n\t\t\t\t<div class=\"elementor-widget-container\">\n\t\t\t\t\t<h3 class=\"elementor-heading-title elementor-size-default\">Un entorno natural rico y variado<\/h3>\t\t\t\t<\/div>\n\t\t\t\t<\/div>\n\t\t\t\t<div class=\"elementor-element elementor-element-1f0ae04 elementor-widget elementor-widget-text-editor\" data-id=\"1f0ae04\" data-element_type=\"widget\" data-e-type=\"widget\" data-widget_type=\"text-editor.default\">\n\t\t\t\t<div class=\"elementor-widget-container\">\n\t\t\t\t\t\t\t\t\t<p>Las Gavarres es un macizo antiguo formado por granitos, pizarras y esquistos, que se traduce en una variedad de paisajes: valles estrechos y sombr\u00edos en el norte y suaves ondulaciones en el sur. Los encinares son bosques densos y umbr\u00edos, con una gran variedad de fauna: p\u00e1jaros, anfibios y mam\u00edferos, como el jabal\u00ed o el tej\u00f3n. Los alcornocales, m\u00e1s claros y soleados, son el h\u00e1bitat ideal para reptiles e insectos como la mariposa del madro\u00f1o. En los m\u00e1rgenes de los cursos de agua, los alisales y otros bosques de ribera aportan frescura y biodiversidad, con ranas, culebras de agua y p\u00e1jaros, como el mart\u00edn pescador. Los matorrales y pinares, resultado de la degradaci\u00f3n o repoblaci\u00f3n forestal, son espacios abiertos que enriquecen el paisaje y la fauna.<\/p>\n\t\t\t\t\t\t\t\t<\/div>\n\t\t\t\t<\/div>\n\t\t\t\t<\/div>\n\t\t<div class=\"elementor-element elementor-element-3a8ecca e-con-full e-flex e-con e-child\" data-id=\"3a8ecca\" data-element_type=\"container\" data-e-type=\"container\">\n\t\t\t\t<div class=\"elementor-element elementor-element-4345416 elementor-widget elementor-widget-image\" data-id=\"4345416\" data-element_type=\"widget\" data-e-type=\"widget\" data-widget_type=\"image.default\">\n\t\t\t\t<div class=\"elementor-widget-container\">\n\t\t\t\t\t\t\t\t\t\t\t\t\t\t\t<img decoding=\"async\" width=\"833\" height=\"816\" src=\"https:\/\/visitgavarres.cat\/wp-content\/uploads\/2025\/09\/Rectangle-20-2.jpg\" class=\"attachment-full size-full wp-image-1032\" alt=\"\" srcset=\"https:\/\/visitgavarres.cat\/wp-content\/uploads\/2025\/09\/Rectangle-20-2.jpg 833w, https:\/\/visitgavarres.cat\/wp-content\/uploads\/2025\/09\/Rectangle-20-2-300x294.jpg 300w, https:\/\/visitgavarres.cat\/wp-content\/uploads\/2025\/09\/Rectangle-20-2-768x752.jpg 768w\" sizes=\"(max-width: 833px) 100vw, 833px\" \/>\t\t\t\t\t\t\t\t\t\t\t\t\t\t\t<\/div>\n\t\t\t\t<\/div>\n\t\t\t\t<\/div>\n\t\t\t\t\t<\/div>\n\t\t\t\t<\/div>\n\t\t<div class=\"elementor-element elementor-element-e311ea9 e-flex e-con-boxed e-con e-parent\" data-id=\"e311ea9\" data-element_type=\"container\" data-e-type=\"container\" data-settings=\"{&quot;background_background&quot;:&quot;classic&quot;}\">\n\t\t\t\t\t<div class=\"e-con-inner\">\n\t\t<div class=\"elementor-element elementor-element-9439d05 e-con-full e-flex e-con e-child\" data-id=\"9439d05\" data-element_type=\"container\" data-e-type=\"container\">\n\t\t\t\t<div class=\"elementor-element elementor-element-e13b6b2 elementor-widget elementor-widget-heading\" data-id=\"e13b6b2\" data-element_type=\"widget\" data-e-type=\"widget\" data-widget_type=\"heading.default\">\n\t\t\t\t<div class=\"elementor-widget-container\">\n\t\t\t\t\t<h3 class=\"elementor-heading-title elementor-size-default\">Un bosque vivido y trabajado<\/h3>\t\t\t\t<\/div>\n\t\t\t\t<\/div>\n\t\t\t\t<div class=\"elementor-element elementor-element-c6fed76 elementor-widget elementor-widget-text-editor\" data-id=\"c6fed76\" data-element_type=\"widget\" data-e-type=\"widget\" data-widget_type=\"text-editor.default\">\n\t\t\t\t<div class=\"elementor-widget-container\">\n\t\t\t\t\t\t\t\t\t<p>La relaci\u00f3n entre el ser humano y el bosque ha sido estrecha: desde las carboneras que alimentaban hornos y cocinas, hasta la explotaci\u00f3n del corcho, que dio lugar a una potente industria local. Esta convivencia ha dejado un rico patrimonio etnol\u00f3gico: hornos de cal, ladrillos, pozos de hielo, caminos de animales de carga, fuentes y riegos. Parte de este patrimonio se ha recuperado gracias a iniciativas locales que ponen en valor la memoria y la identidad del territorio.<\/p>\n\t\t\t\t\t\t\t\t<\/div>\n\t\t\t\t<\/div>\n\t\t\t\t<div class=\"elementor-element elementor-element-f25cefa elementor-widget elementor-widget-heading\" data-id=\"f25cefa\" data-element_type=\"widget\" data-e-type=\"widget\" data-widget_type=\"heading.default\">\n\t\t\t\t<div class=\"elementor-widget-container\">\n\t\t\t\t\t<h3 class=\"elementor-heading-title elementor-size-default\">Protecci\u00f3n y futuro sostenible<\/h3>\t\t\t\t<\/div>\n\t\t\t\t<\/div>\n\t\t\t\t<div class=\"elementor-element elementor-element-fc32419 elementor-widget elementor-widget-text-editor\" data-id=\"fc32419\" data-element_type=\"widget\" data-e-type=\"widget\" data-widget_type=\"text-editor.default\">\n\t\t\t\t<div class=\"elementor-widget-container\">\n\t\t\t\t\t\t\t\t\t<p>Les Gavarres fue declarado Espacio de Inter\u00e9s Natural (EIN) en 1992, con una superficie protegida de casi 29.000 ha. El Consorcio de Les Gavarres, creado en 1998, vela por la conservaci\u00f3n y gesti\u00f3n sostenible del macizo, con la participaci\u00f3n de municipios, instituciones y entidades locales. El objetivo es preservar los valores naturales y culturales, fomentar la educaci\u00f3n ambiental y promover un turismo respetuoso.<\/p>\n\t\t\t\t\t\t\t\t<\/div>\n\t\t\t\t<\/div>\n\t\t\t\t<\/div>\n\t\t<div class=\"elementor-element elementor-element-46e44e9 e-con-full e-flex e-con e-child\" data-id=\"46e44e9\" data-element_type=\"container\" data-e-type=\"container\">\n\t\t\t\t<div class=\"elementor-element elementor-element-73a8c19 elementor-widget elementor-widget-image\" data-id=\"73a8c19\" data-element_type=\"widget\" data-e-type=\"widget\" data-widget_type=\"image.default\">\n\t\t\t\t<div class=\"elementor-widget-container\">\n\t\t\t\t\t\t\t\t\t\t\t\t\t\t\t<img decoding=\"async\" width=\"833\" height=\"779\" src=\"https:\/\/visitgavarres.cat\/wp-content\/uploads\/2025\/09\/Rectangle-20-1-1-1.jpg\" class=\"attachment-full size-full wp-image-1033\" alt=\"\" srcset=\"https:\/\/visitgavarres.cat\/wp-content\/uploads\/2025\/09\/Rectangle-20-1-1-1.jpg 833w, https:\/\/visitgavarres.cat\/wp-content\/uploads\/2025\/09\/Rectangle-20-1-1-1-300x281.jpg 300w, https:\/\/visitgavarres.cat\/wp-content\/uploads\/2025\/09\/Rectangle-20-1-1-1-768x718.jpg 768w\" sizes=\"(max-width: 833px) 100vw, 833px\" \/>\t\t\t\t\t\t\t\t\t\t\t\t\t\t\t<\/div>\n\t\t\t\t<\/div>\n\t\t\t\t<\/div>\n\t\t\t\t\t<\/div>\n\t\t\t\t<\/div>\n\t\t<div class=\"elementor-element elementor-element-ca8879c e-flex e-con-boxed e-con e-parent\" data-id=\"ca8879c\" data-element_type=\"container\" data-e-type=\"container\">\n\t\t\t\t\t<div class=\"e-con-inner\">\n\t\t\t\t<div class=\"elementor-element elementor-element-65a0382 elementor-widget elementor-widget-image\" data-id=\"65a0382\" data-element_type=\"widget\" data-e-type=\"widget\" data-widget_type=\"image.default\">\n\t\t\t\t<div class=\"elementor-widget-container\">\n\t\t\t\t\t\t\t\t\t\t\t\t\t\t\t<img loading=\"lazy\" decoding=\"async\" width=\"1\" height=\"1\" src=\"https:\/\/visitgavarres.cat\/wp-content\/uploads\/2025\/08\/flechaverde.svg\" class=\"attachment-large size-large wp-image-1034\" alt=\"fletxa avall\" \/>\t\t\t\t\t\t\t\t\t\t\t\t\t\t\t<\/div>\n\t\t\t\t<\/div>\n\t\t\t\t<div class=\"elementor-element elementor-element-a223d07 elementor-widget elementor-widget-heading\" data-id=\"a223d07\" data-element_type=\"widget\" data-e-type=\"widget\" data-widget_type=\"heading.default\">\n\t\t\t\t<div class=\"elementor-widget-container\">\n\t\t\t\t\t<h2 class=\"elementor-heading-title elementor-size-default\">Vive Les Gavarres: un territorio para disfrutar y proteger<\/h2>\t\t\t\t<\/div>\n\t\t\t\t<\/div>\n\t\t\t\t<div class=\"elementor-element elementor-element-5542207 elementor-widget elementor-widget-text-editor\" data-id=\"5542207\" data-element_type=\"widget\" data-e-type=\"widget\" data-widget_type=\"text-editor.default\">\n\t\t\t\t<div class=\"elementor-widget-container\">\n\t\t\t\t\t\t\t\t\t<p>Gracias a una red de caminos se\u00f1alizados y actividades guiadas, es posible descubrir rincones llenos de historia, gozar de la biodiversidad y conectar con un paisaje que ha sabido conservar su esencia a lo largo de los siglos.<\/p>\n\t\t\t\t\t\t\t\t<\/div>\n\t\t\t\t<\/div>\n\t\t<div class=\"elementor-element elementor-element-c0aadef e-con-full e-flex e-con e-child\" data-id=\"c0aadef\" data-element_type=\"container\" data-e-type=\"container\">\n\t\t\t\t<div class=\"elementor-element elementor-element-21a5da4 elementor-widget__width-auto botonsubrayado elementor-widget elementor-widget-heading\" data-id=\"21a5da4\" data-element_type=\"widget\" data-e-type=\"widget\" data-widget_type=\"heading.default\">\n\t\t\t\t<div class=\"elementor-widget-container\">\n\t\t\t\t\t<h2 class=\"elementor-heading-title elementor-size-default\"><a href=\"https:\/\/visitgavarres.cat\/contacte\/\">Contacta con nosotros<\/a><\/h2>\t\t\t\t<\/div>\n\t\t\t\t<\/div>\n\t\t\t\t<div class=\"elementor-element elementor-element-c90d358 elementor-widget__width-auto botonsubrayado elementor-widget elementor-widget-heading\" data-id=\"c90d358\" data-element_type=\"widget\" data-e-type=\"widget\" data-widget_type=\"heading.default\">\n\t\t\t\t<div class=\"elementor-widget-container\">\n\t\t\t\t\t<h2 class=\"elementor-heading-title elementor-size-default\"><a href=\"https:\/\/www.gavarres.cat\/\" target=\"_blank\">Consorcio de Les Gavarres<\/a><\/h2>\t\t\t\t<\/div>\n\t\t\t\t<\/div>\n\t\t\t\t<\/div>\n\t\t\t\t\t<\/div>\n\t\t\t\t<\/div>\n\t\t\t\t<\/div>\n\t\t","protected":false},"excerpt":{"rendered":"<p>Les Gavarres: naturaleza y cultura, paisaje e historia Entre las llanuras del Empord\u00e0 y el Giron\u00e8s y junto al litoral de la Costa Brava, se alza el macizo de Les Gavarres, un espacio natural que conserva con fuerza la esencia del paisaje mediterr\u00e1neo. Con m\u00e1s de 350 km\u00b2 de superficie, este macizo de formas suaves [&hellip;]<\/p>\n","protected":false},"author":1,"featured_media":0,"parent":0,"menu_order":0,"comment_status":"closed","ping_status":"closed","template":"elementor_header_footer","meta":{"_acf_changed":false,"footnotes":""},"class_list":["post-1185","page","type-page","status-publish","hentry"],"acf":[],"yoast_head":"<!-- This site is optimized with the Yoast SEO plugin v27.0 - https:\/\/yoast.com\/product\/yoast-seo-wordpress\/ -->\n<title>Les Gavarres - Visit Gavarres<\/title>\n<meta name=\"robots\" content=\"index, follow, max-snippet:-1, max-image-preview:large, max-video-preview:-1\" \/>\n<link rel=\"canonical\" href=\"https:\/\/visitgavarres.cat\/les-gavarres\/\" \/>\n<meta property=\"og:locale\" content=\"es_ES\" \/>\n<meta property=\"og:type\" content=\"article\" \/>\n<meta property=\"og:title\" content=\"Les Gavarres - Visit Gavarres\" \/>\n<meta property=\"og:description\" content=\"Les Gavarres: naturaleza y cultura, paisaje e historia Entre las llanuras del Empord\u00e0 y el Giron\u00e8s y junto al litoral de la Costa Brava, se alza el macizo de Les Gavarres, un espacio natural que conserva con fuerza la esencia del paisaje mediterr\u00e1neo. Con m\u00e1s de 350 km\u00b2 de superficie, este macizo de formas suaves [&hellip;]\" \/>\n<meta property=\"og:url\" content=\"https:\/\/visitgavarres.cat\/les-gavarres\/\" \/>\n<meta property=\"og:site_name\" content=\"Visit Gavarres\" \/>\n<meta property=\"article:modified_time\" content=\"2026-03-18T12:37:35+00:00\" \/>\n<meta property=\"og:image\" content=\"https:\/\/visitgavarres.cat\/wp-content\/uploads\/2025\/08\/GIRONAFLYECOCCIWINE20248.jpg.jpg\" \/>\n\t<meta property=\"og:image:width\" content=\"1440\" \/>\n\t<meta property=\"og:image:height\" content=\"418\" \/>\n\t<meta property=\"og:image:type\" content=\"image\/jpeg\" \/>\n<meta name=\"twitter:card\" content=\"summary_large_image\" \/>\n<meta name=\"twitter:label1\" content=\"Tiempo de lectura\" \/>\n\t<meta name=\"twitter:data1\" content=\"3 minutos\" \/>\n<script type=\"application\/ld+json\" class=\"yoast-schema-graph\">{\"@context\":\"https:\/\/schema.org\",\"@graph\":[{\"@type\":\"WebPage\",\"@id\":\"https:\/\/visitgavarres.cat\/les-gavarres\/\",\"url\":\"https:\/\/visitgavarres.cat\/les-gavarres\/\",\"name\":\"Les Gavarres - Visit Gavarres\",\"isPartOf\":{\"@id\":\"https:\/\/visitgavarres.cat\/#website\"},\"primaryImageOfPage\":{\"@id\":\"https:\/\/visitgavarres.cat\/les-gavarres\/#primaryimage\"},\"image\":{\"@id\":\"https:\/\/visitgavarres.cat\/les-gavarres\/#primaryimage\"},\"thumbnailUrl\":\"https:\/\/visitgavarres.cat\/wp-content\/uploads\/2025\/08\/GIRONAFLYECOCCIWINE20248.jpg.jpg\",\"datePublished\":\"2025-08-05T06:10:41+00:00\",\"dateModified\":\"2026-03-18T12:37:35+00:00\",\"breadcrumb\":{\"@id\":\"https:\/\/visitgavarres.cat\/les-gavarres\/#breadcrumb\"},\"inLanguage\":\"es\",\"potentialAction\":[{\"@type\":\"ReadAction\",\"target\":[\"https:\/\/visitgavarres.cat\/les-gavarres\/\"]}]},{\"@type\":\"ImageObject\",\"inLanguage\":\"es\",\"@id\":\"https:\/\/visitgavarres.cat\/les-gavarres\/#primaryimage\",\"url\":\"https:\/\/visitgavarres.cat\/wp-content\/uploads\/2025\/08\/GIRONAFLYECOCCIWINE20248.jpg.jpg\",\"contentUrl\":\"https:\/\/visitgavarres.cat\/wp-content\/uploads\/2025\/08\/GIRONAFLYECOCCIWINE20248.jpg.jpg\"},{\"@type\":\"BreadcrumbList\",\"@id\":\"https:\/\/visitgavarres.cat\/les-gavarres\/#breadcrumb\",\"itemListElement\":[{\"@type\":\"ListItem\",\"position\":1,\"name\":\"Inici\",\"item\":\"https:\/\/visitgavarres.cat\/\"},{\"@type\":\"ListItem\",\"position\":2,\"name\":\"Les Gavarres\"}]},{\"@type\":\"WebSite\",\"@id\":\"https:\/\/visitgavarres.cat\/#website\",\"url\":\"https:\/\/visitgavarres.cat\/\",\"name\":\"Visit Gavarres\",\"description\":\"Gaudeix Les Gavarres\",\"potentialAction\":[{\"@type\":\"SearchAction\",\"target\":{\"@type\":\"EntryPoint\",\"urlTemplate\":\"https:\/\/visitgavarres.cat\/?s={search_term_string}\"},\"query-input\":{\"@type\":\"PropertyValueSpecification\",\"valueRequired\":true,\"valueName\":\"search_term_string\"}}],\"inLanguage\":\"es\"}]}<\/script>\n<!-- \/ Yoast SEO plugin. -->","yoast_head_json":{"title":"Les Gavarres - Visit Gavarres","robots":{"index":"index","follow":"follow","max-snippet":"max-snippet:-1","max-image-preview":"max-image-preview:large","max-video-preview":"max-video-preview:-1"},"canonical":"https:\/\/visitgavarres.cat\/les-gavarres\/","og_locale":"es_ES","og_type":"article","og_title":"Les Gavarres - Visit Gavarres","og_description":"Les Gavarres: naturaleza y cultura, paisaje e historia Entre las llanuras del Empord\u00e0 y el Giron\u00e8s y junto al litoral de la Costa Brava, se alza el macizo de Les Gavarres, un espacio natural que conserva con fuerza la esencia del paisaje mediterr\u00e1neo. Con m\u00e1s de 350 km\u00b2 de superficie, este macizo de formas suaves [&hellip;]","og_url":"https:\/\/visitgavarres.cat\/les-gavarres\/","og_site_name":"Visit Gavarres","article_modified_time":"2026-03-18T12:37:35+00:00","og_image":[{"width":1440,"height":418,"url":"https:\/\/visitgavarres.cat\/wp-content\/uploads\/2025\/08\/GIRONAFLYECOCCIWINE20248.jpg.jpg","type":"image\/jpeg"}],"twitter_card":"summary_large_image","twitter_misc":{"Tiempo de lectura":"3 minutos"},"schema":{"@context":"https:\/\/schema.org","@graph":[{"@type":"WebPage","@id":"https:\/\/visitgavarres.cat\/les-gavarres\/","url":"https:\/\/visitgavarres.cat\/les-gavarres\/","name":"Les Gavarres - Visit Gavarres","isPartOf":{"@id":"https:\/\/visitgavarres.cat\/#website"},"primaryImageOfPage":{"@id":"https:\/\/visitgavarres.cat\/les-gavarres\/#primaryimage"},"image":{"@id":"https:\/\/visitgavarres.cat\/les-gavarres\/#primaryimage"},"thumbnailUrl":"https:\/\/visitgavarres.cat\/wp-content\/uploads\/2025\/08\/GIRONAFLYECOCCIWINE20248.jpg.jpg","datePublished":"2025-08-05T06:10:41+00:00","dateModified":"2026-03-18T12:37:35+00:00","breadcrumb":{"@id":"https:\/\/visitgavarres.cat\/les-gavarres\/#breadcrumb"},"inLanguage":"es","potentialAction":[{"@type":"ReadAction","target":["https:\/\/visitgavarres.cat\/les-gavarres\/"]}]},{"@type":"ImageObject","inLanguage":"es","@id":"https:\/\/visitgavarres.cat\/les-gavarres\/#primaryimage","url":"https:\/\/visitgavarres.cat\/wp-content\/uploads\/2025\/08\/GIRONAFLYECOCCIWINE20248.jpg.jpg","contentUrl":"https:\/\/visitgavarres.cat\/wp-content\/uploads\/2025\/08\/GIRONAFLYECOCCIWINE20248.jpg.jpg"},{"@type":"BreadcrumbList","@id":"https:\/\/visitgavarres.cat\/les-gavarres\/#breadcrumb","itemListElement":[{"@type":"ListItem","position":1,"name":"Inici","item":"https:\/\/visitgavarres.cat\/"},{"@type":"ListItem","position":2,"name":"Les Gavarres"}]},{"@type":"WebSite","@id":"https:\/\/visitgavarres.cat\/#website","url":"https:\/\/visitgavarres.cat\/","name":"Visit Gavarres","description":"Gaudeix Les Gavarres","potentialAction":[{"@type":"SearchAction","target":{"@type":"EntryPoint","urlTemplate":"https:\/\/visitgavarres.cat\/?s={search_term_string}"},"query-input":{"@type":"PropertyValueSpecification","valueRequired":true,"valueName":"search_term_string"}}],"inLanguage":"es"}]}},"_links":{"self":[{"href":"https:\/\/visitgavarres.cat\/es\/wp-json\/wp\/v2\/pages\/1185","targetHints":{"allow":["GET"]}}],"collection":[{"href":"https:\/\/visitgavarres.cat\/es\/wp-json\/wp\/v2\/pages"}],"about":[{"href":"https:\/\/visitgavarres.cat\/es\/wp-json\/wp\/v2\/types\/page"}],"author":[{"embeddable":true,"href":"https:\/\/visitgavarres.cat\/es\/wp-json\/wp\/v2\/users\/1"}],"replies":[{"embeddable":true,"href":"https:\/\/visitgavarres.cat\/es\/wp-json\/wp\/v2\/comments?post=1185"}],"version-history":[{"count":9,"href":"https:\/\/visitgavarres.cat\/es\/wp-json\/wp\/v2\/pages\/1185\/revisions"}],"predecessor-version":[{"id":2250,"href":"https:\/\/visitgavarres.cat\/es\/wp-json\/wp\/v2\/pages\/1185\/revisions\/2250"}],"wp:attachment":[{"href":"https:\/\/visitgavarres.cat\/es\/wp-json\/wp\/v2\/media?parent=1185"}],"curies":[{"name":"wp","href":"https:\/\/api.w.org\/{rel}","templated":true}]}}