{"id":1191,"date":"2025-08-05T08:11:19","date_gmt":"2025-08-05T06:11:19","guid":{"rendered":"https:\/\/visitgavarres.cat\/contacto\/"},"modified":"2026-01-19T14:54:16","modified_gmt":"2026-01-19T12:54:16","slug":"contacto","status":"publish","type":"page","link":"https:\/\/visitgavarres.cat\/es\/contacto\/","title":{"rendered":"Contacto"},"content":{"rendered":"\t\t<div data-elementor-type=\"wp-page\" data-elementor-id=\"1191\" class=\"elementor elementor-1191 elementor-54\" data-elementor-post-type=\"page\">\n\t\t\t\t<div class=\"elementor-element elementor-element-51cecf1 e-flex e-con-boxed e-con e-parent\" data-id=\"51cecf1\" data-element_type=\"container\" data-e-type=\"container\" id=\"content\">\n\t\t\t\t\t<div class=\"e-con-inner\">\n\t\t\t\t<div class=\"elementor-element elementor-element-12220ce elementor-widget__width-initial elementor-widget elementor-widget-heading\" data-id=\"12220ce\" data-element_type=\"widget\" data-e-type=\"widget\" data-widget_type=\"heading.default\">\n\t\t\t\t<div class=\"elementor-widget-container\">\n\t\t\t\t\t<h1 class=\"elementor-heading-title elementor-size-default\">Disfrutar y proteger, el equilibrio perfecto<\/h1>\t\t\t\t<\/div>\n\t\t\t\t<\/div>\n\t\t\t\t<div class=\"elementor-element elementor-element-ba2301f elementor-widget elementor-widget-text-editor\" data-id=\"ba2301f\" data-element_type=\"widget\" data-e-type=\"widget\" data-widget_type=\"text-editor.default\">\n\t\t\t\t<div class=\"elementor-widget-container\">\n\t\t\t\t\t\t\t\t\t<p>Esta p\u00e1gina web es el portal de acogida por los visitantes del espacio natural protegido de Les Gavarres. Desde aqu\u00ed ponemos a tu disposici\u00f3n una selecci\u00f3n de lugares destacados, centros de interpretaci\u00f3n y rutas para descubrirlo de forma respetuosa. Para tener informaci\u00f3n m\u00e1s detallada de sus valores y de las actuaciones que realiza el Consorcio de Les Gavarres de la Diputaci\u00f3n de Girona como ente gestor, puedes visitar la web <a href=\"http:\/\/gavarres.cat\/\">gavarres.cat<\/a>. Si deseas descubrir otros espacios de la red de espacios naturales protegidos de Catalu\u00f1a, puedes hacerlo en <a href=\"http:\/\/espaisnaturals.cat\/\">espaisnaturals.cat<\/a>.<\/p>\n\t\t\t\t\t\t\t\t<\/div>\n\t\t\t\t<\/div>\n\t\t\t\t\t<\/div>\n\t\t\t\t<\/div>\n\t\t<div class=\"elementor-element elementor-element-144c43e e-flex e-con-boxed e-con e-parent\" data-id=\"144c43e\" data-element_type=\"container\" data-e-type=\"container\">\n\t\t\t\t\t<div class=\"e-con-inner\">\n\t\t<div class=\"elementor-element elementor-element-225666e e-con-full e-flex e-con e-child\" data-id=\"225666e\" data-element_type=\"container\" data-e-type=\"container\">\n\t\t\t\t<div class=\"elementor-element elementor-element-f576476 elementor-widget elementor-widget-heading\" data-id=\"f576476\" data-element_type=\"widget\" data-e-type=\"widget\" data-widget_type=\"heading.default\">\n\t\t\t\t<div class=\"elementor-widget-container\">\n\t\t\t\t\t<div class=\"elementor-heading-title elementor-size-default\">Ubicaci\u00f3n<\/div>\t\t\t\t<\/div>\n\t\t\t\t<\/div>\n\t\t\t\t<div class=\"elementor-element elementor-element-b810b23 elementor-widget elementor-widget-text-editor\" data-id=\"b810b23\" data-element_type=\"widget\" data-e-type=\"widget\" data-widget_type=\"text-editor.default\">\n\t\t\t\t<div class=\"elementor-widget-container\">\n\t\t\t\t\t\t\t\t\t<p>Consorcio de Les Gavarres<\/p>\n<p>Finca Camps i Armet, s\/n (Can Geron\u00e8s)<\/p>\n<p>17121 Monells<\/p>\n\t\t\t\t\t\t\t\t<\/div>\n\t\t\t\t<\/div>\n\t\t\t\t<\/div>\n\t\t<div class=\"elementor-element elementor-element-3ae9481 e-con-full e-flex e-con e-child\" data-id=\"3ae9481\" data-element_type=\"container\" data-e-type=\"container\">\n\t\t\t\t<div class=\"elementor-element elementor-element-a7e16c1 elementor-widget elementor-widget-heading\" data-id=\"a7e16c1\" data-element_type=\"widget\" data-e-type=\"widget\" data-widget_type=\"heading.default\">\n\t\t\t\t<div class=\"elementor-widget-container\">\n\t\t\t\t\t<div class=\"elementor-heading-title elementor-size-default\">Contacto<\/div>\t\t\t\t<\/div>\n\t\t\t\t<\/div>\n\t\t\t\t<div class=\"elementor-element elementor-element-eb6ce0e elementor-widget elementor-widget-text-editor\" data-id=\"eb6ce0e\" data-element_type=\"widget\" data-e-type=\"widget\" data-widget_type=\"text-editor.default\">\n\t\t\t\t<div class=\"elementor-widget-container\">\n\t\t\t\t\t\t\t\t\t<p>+34 972 64 36 95<\/p>\n<p><a href=\"mailto:consorci@gavarres.cat\">consorci@gavarres.cat<\/a><\/p>\n\t\t\t\t\t\t\t\t<\/div>\n\t\t\t\t<\/div>\n\t\t\t\t<\/div>\n\t\t<div class=\"elementor-element elementor-element-05e9c07 e-con-full e-flex e-con e-child\" data-id=\"05e9c07\" data-element_type=\"container\" data-e-type=\"container\">\n\t\t\t\t<div class=\"elementor-element elementor-element-fc114d2 elementor-widget elementor-widget-heading\" data-id=\"fc114d2\" data-element_type=\"widget\" data-e-type=\"widget\" data-widget_type=\"heading.default\">\n\t\t\t\t<div class=\"elementor-widget-container\">\n\t\t\t\t\t<div class=\"elementor-heading-title elementor-size-default\">Horario<\/div>\t\t\t\t<\/div>\n\t\t\t\t<\/div>\n\t\t\t\t<div class=\"elementor-element elementor-element-6307e39 elementor-widget elementor-widget-text-editor\" data-id=\"6307e39\" data-element_type=\"widget\" data-e-type=\"widget\" data-widget_type=\"text-editor.default\">\n\t\t\t\t<div class=\"elementor-widget-container\">\n\t\t\t\t\t\t\t\t\t<p>De lunes a viernes de 8 h a 15 h.<\/p>\n\t\t\t\t\t\t\t\t<\/div>\n\t\t\t\t<\/div>\n\t\t\t\t<\/div>\n\t\t\t\t\t<\/div>\n\t\t\t\t<\/div>\n\t\t<div class=\"elementor-element elementor-element-96b6f96 e-flex e-con-boxed e-con e-parent\" data-id=\"96b6f96\" data-element_type=\"container\" data-e-type=\"container\" data-settings=\"{&quot;background_background&quot;:&quot;classic&quot;}\">\n\t\t\t\t\t<div class=\"e-con-inner\">\n\t\t<div class=\"elementor-element elementor-element-6e4aa33 e-con-full e-flex e-con e-child\" data-id=\"6e4aa33\" data-element_type=\"container\" data-e-type=\"container\">\n\t\t\t\t<div class=\"elementor-element elementor-element-47c38cb elementor-widget elementor-widget-heading\" data-id=\"47c38cb\" data-element_type=\"widget\" data-e-type=\"widget\" data-widget_type=\"heading.default\">\n\t\t\t\t<div class=\"elementor-widget-container\">\n\t\t\t\t\t<div class=\"elementor-heading-title elementor-size-default\">\u00a1\u00danete a nuestro bolet\u00edn para estar al d\u00eda de todas las novedades!<\/div>\t\t\t\t<\/div>\n\t\t\t\t<\/div>\n\t\t\t\t<\/div>\n\t\t<div class=\"elementor-element elementor-element-10eaedd e-con-full e-flex e-con e-child\" data-id=\"10eaedd\" data-element_type=\"container\" data-e-type=\"container\">\n\t\t\t\t<div class=\"elementor-element elementor-element-bab90e3 elementor-align-right elementor-mobile-align-center elementor-widget elementor-widget-button\" data-id=\"bab90e3\" data-element_type=\"widget\" data-e-type=\"widget\" data-widget_type=\"button.default\">\n\t\t\t\t<div class=\"elementor-widget-container\">\n\t\t\t\t\t\t\t\t\t<div class=\"elementor-button-wrapper\">\n\t\t\t\t\t<a class=\"elementor-button elementor-button-link elementor-size-sm\" href=\"https:\/\/gavarres.us3.list-manage.com\/subscribe?u=c9988ef595725448fb8051985&#038;id=b3862c93ab\" target=\"_blank\">\n\t\t\t\t\t\t<span class=\"elementor-button-content-wrapper\">\n\t\t\t\t\t\t\t\t\t<span class=\"elementor-button-text\">Suscr\u00edbete<\/span>\n\t\t\t\t\t<\/span>\n\t\t\t\t\t<\/a>\n\t\t\t\t<\/div>\n\t\t\t\t\t\t\t\t<\/div>\n\t\t\t\t<\/div>\n\t\t\t\t<\/div>\n\t\t\t\t\t<\/div>\n\t\t\t\t<\/div>\n\t\t<div class=\"elementor-element elementor-element-ee13f23 e-con-full e-flex e-con e-parent\" data-id=\"ee13f23\" data-element_type=\"container\" data-e-type=\"container\">\n\t\t\t\t<div class=\"elementor-element elementor-element-e260ee8 elementor-widget elementor-widget-html\" data-id=\"e260ee8\" data-element_type=\"widget\" data-e-type=\"widget\" data-widget_type=\"html.default\">\n\t\t\t\t<div class=\"elementor-widget-container\">\n\t\t\t\t\t<iframe src=\"https:\/\/www.google.com\/maps\/embed?pb=!1m14!1m8!1m3!1d11864.609153042147!2d2.9972220000000003!3d41.97554!3m2!1i1024!2i768!4f13.1!3m3!1m2!1s0x12bafb481186351f%3A0x9e61be9761f837fd!2sConsorci%20de%20les%20Gavarres!5e0!3m2!1ses!2ses!4v1757479916811!5m2!1ses!2ses\" width=\"600\" height=\"519\" style=\"border:0;\" allowfullscreen=\"\" loading=\"lazy\" referrerpolicy=\"no-referrer-when-downgrade\"><\/iframe>\t\t\t\t<\/div>\n\t\t\t\t<\/div>\n\t\t\t\t<\/div>\n\t\t\t\t<\/div>\n\t\t","protected":false},"excerpt":{"rendered":"<p>Disfrutar y proteger, el equilibrio perfecto Esta p\u00e1gina web es el portal de acogida por los visitantes del espacio natural protegido de Les Gavarres. Desde aqu\u00ed ponemos a tu disposici\u00f3n una selecci\u00f3n de lugares destacados, centros de interpretaci\u00f3n y rutas para descubrirlo de forma respetuosa. Para tener informaci\u00f3n m\u00e1s detallada de sus valores y de [&hellip;]<\/p>\n","protected":false},"author":1,"featured_media":0,"parent":0,"menu_order":0,"comment_status":"closed","ping_status":"closed","template":"elementor_header_footer","meta":{"_acf_changed":false,"footnotes":""},"class_list":["post-1191","page","type-page","status-publish","hentry"],"acf":[],"yoast_head":"<!-- This site is optimized with the Yoast SEO plugin v27.0 - https:\/\/yoast.com\/product\/yoast-seo-wordpress\/ -->\n<title>Contacto - Visit Gavarres<\/title>\n<meta name=\"robots\" content=\"index, follow, max-snippet:-1, max-image-preview:large, max-video-preview:-1\" \/>\n<link rel=\"canonical\" href=\"https:\/\/visitgavarres.cat\/contacte\/\" \/>\n<meta property=\"og:locale\" content=\"es_ES\" \/>\n<meta property=\"og:type\" content=\"article\" \/>\n<meta property=\"og:title\" content=\"Contacto - Visit Gavarres\" \/>\n<meta property=\"og:description\" content=\"Disfrutar y proteger, el equilibrio perfecto Esta p\u00e1gina web es el portal de acogida por los visitantes del espacio natural protegido de Les Gavarres. Desde aqu\u00ed ponemos a tu disposici\u00f3n una selecci\u00f3n de lugares destacados, centros de interpretaci\u00f3n y rutas para descubrirlo de forma respetuosa. Para tener informaci\u00f3n m\u00e1s detallada de sus valores y de [&hellip;]\" \/>\n<meta property=\"og:url\" content=\"https:\/\/visitgavarres.cat\/contacte\/\" \/>\n<meta property=\"og:site_name\" content=\"Visit Gavarres\" \/>\n<meta property=\"article:modified_time\" content=\"2026-01-19T12:54:16+00:00\" \/>\n<meta name=\"twitter:card\" content=\"summary_large_image\" \/>\n<meta name=\"twitter:label1\" content=\"Tiempo de lectura\" \/>\n\t<meta name=\"twitter:data1\" content=\"1 minuto\" \/>\n<script type=\"application\/ld+json\" class=\"yoast-schema-graph\">{\"@context\":\"https:\/\/schema.org\",\"@graph\":[{\"@type\":\"WebPage\",\"@id\":\"https:\/\/visitgavarres.cat\/contacte\/\",\"url\":\"https:\/\/visitgavarres.cat\/contacte\/\",\"name\":\"Contacto - Visit Gavarres\",\"isPartOf\":{\"@id\":\"https:\/\/visitgavarres.cat\/#website\"},\"datePublished\":\"2025-08-05T06:11:19+00:00\",\"dateModified\":\"2026-01-19T12:54:16+00:00\",\"breadcrumb\":{\"@id\":\"https:\/\/visitgavarres.cat\/contacte\/#breadcrumb\"},\"inLanguage\":\"es\",\"potentialAction\":[{\"@type\":\"ReadAction\",\"target\":[\"https:\/\/visitgavarres.cat\/contacte\/\"]}]},{\"@type\":\"BreadcrumbList\",\"@id\":\"https:\/\/visitgavarres.cat\/contacte\/#breadcrumb\",\"itemListElement\":[{\"@type\":\"ListItem\",\"position\":1,\"name\":\"Inici\",\"item\":\"https:\/\/visitgavarres.cat\/\"},{\"@type\":\"ListItem\",\"position\":2,\"name\":\"Contacto\"}]},{\"@type\":\"WebSite\",\"@id\":\"https:\/\/visitgavarres.cat\/#website\",\"url\":\"https:\/\/visitgavarres.cat\/\",\"name\":\"Visit Gavarres\",\"description\":\"Gaudeix Les Gavarres\",\"potentialAction\":[{\"@type\":\"SearchAction\",\"target\":{\"@type\":\"EntryPoint\",\"urlTemplate\":\"https:\/\/visitgavarres.cat\/?s={search_term_string}\"},\"query-input\":{\"@type\":\"PropertyValueSpecification\",\"valueRequired\":true,\"valueName\":\"search_term_string\"}}],\"inLanguage\":\"es\"}]}<\/script>\n<!-- \/ Yoast SEO plugin. -->","yoast_head_json":{"title":"Contacto - Visit Gavarres","robots":{"index":"index","follow":"follow","max-snippet":"max-snippet:-1","max-image-preview":"max-image-preview:large","max-video-preview":"max-video-preview:-1"},"canonical":"https:\/\/visitgavarres.cat\/contacte\/","og_locale":"es_ES","og_type":"article","og_title":"Contacto - Visit Gavarres","og_description":"Disfrutar y proteger, el equilibrio perfecto Esta p\u00e1gina web es el portal de acogida por los visitantes del espacio natural protegido de Les Gavarres. Desde aqu\u00ed ponemos a tu disposici\u00f3n una selecci\u00f3n de lugares destacados, centros de interpretaci\u00f3n y rutas para descubrirlo de forma respetuosa. Para tener informaci\u00f3n m\u00e1s detallada de sus valores y de [&hellip;]","og_url":"https:\/\/visitgavarres.cat\/contacte\/","og_site_name":"Visit Gavarres","article_modified_time":"2026-01-19T12:54:16+00:00","twitter_card":"summary_large_image","twitter_misc":{"Tiempo de lectura":"1 minuto"},"schema":{"@context":"https:\/\/schema.org","@graph":[{"@type":"WebPage","@id":"https:\/\/visitgavarres.cat\/contacte\/","url":"https:\/\/visitgavarres.cat\/contacte\/","name":"Contacto - Visit Gavarres","isPartOf":{"@id":"https:\/\/visitgavarres.cat\/#website"},"datePublished":"2025-08-05T06:11:19+00:00","dateModified":"2026-01-19T12:54:16+00:00","breadcrumb":{"@id":"https:\/\/visitgavarres.cat\/contacte\/#breadcrumb"},"inLanguage":"es","potentialAction":[{"@type":"ReadAction","target":["https:\/\/visitgavarres.cat\/contacte\/"]}]},{"@type":"BreadcrumbList","@id":"https:\/\/visitgavarres.cat\/contacte\/#breadcrumb","itemListElement":[{"@type":"ListItem","position":1,"name":"Inici","item":"https:\/\/visitgavarres.cat\/"},{"@type":"ListItem","position":2,"name":"Contacto"}]},{"@type":"WebSite","@id":"https:\/\/visitgavarres.cat\/#website","url":"https:\/\/visitgavarres.cat\/","name":"Visit Gavarres","description":"Gaudeix Les Gavarres","potentialAction":[{"@type":"SearchAction","target":{"@type":"EntryPoint","urlTemplate":"https:\/\/visitgavarres.cat\/?s={search_term_string}"},"query-input":{"@type":"PropertyValueSpecification","valueRequired":true,"valueName":"search_term_string"}}],"inLanguage":"es"}]}},"_links":{"self":[{"href":"https:\/\/visitgavarres.cat\/es\/wp-json\/wp\/v2\/pages\/1191","targetHints":{"allow":["GET"]}}],"collection":[{"href":"https:\/\/visitgavarres.cat\/es\/wp-json\/wp\/v2\/pages"}],"about":[{"href":"https:\/\/visitgavarres.cat\/es\/wp-json\/wp\/v2\/types\/page"}],"author":[{"embeddable":true,"href":"https:\/\/visitgavarres.cat\/es\/wp-json\/wp\/v2\/users\/1"}],"replies":[{"embeddable":true,"href":"https:\/\/visitgavarres.cat\/es\/wp-json\/wp\/v2\/comments?post=1191"}],"version-history":[{"count":2,"href":"https:\/\/visitgavarres.cat\/es\/wp-json\/wp\/v2\/pages\/1191\/revisions"}],"predecessor-version":[{"id":1539,"href":"https:\/\/visitgavarres.cat\/es\/wp-json\/wp\/v2\/pages\/1191\/revisions\/1539"}],"wp:attachment":[{"href":"https:\/\/visitgavarres.cat\/es\/wp-json\/wp\/v2\/media?parent=1191"}],"curies":[{"name":"wp","href":"https:\/\/api.w.org\/{rel}","templated":true}]}}