{"id":1805,"date":"2025-08-05T08:11:07","date_gmt":"2025-08-05T06:11:07","guid":{"rendered":"https:\/\/visitgavarres.cat\/turismo-del-corcho\/"},"modified":"2026-03-18T14:24:20","modified_gmt":"2026-03-18T12:24:20","slug":"turismo-del-corcho","status":"publish","type":"page","link":"https:\/\/visitgavarres.cat\/es\/turismo-del-corcho\/","title":{"rendered":"Turismo del corcho"},"content":{"rendered":"\t\t<div data-elementor-type=\"wp-page\" data-elementor-id=\"1805\" class=\"elementor elementor-1805 elementor-52\" data-elementor-post-type=\"page\">\n\t\t\t\t<div class=\"elementor-element elementor-element-b105274 e-flex e-con-boxed e-con e-parent\" data-id=\"b105274\" data-element_type=\"container\" data-e-type=\"container\" id=\"content\">\n\t\t\t\t\t<div class=\"e-con-inner\">\n\t\t\t\t<div class=\"elementor-element elementor-element-077cc99 elementor-widget__width-initial elementor-widget elementor-widget-heading\" data-id=\"077cc99\" data-element_type=\"widget\" data-e-type=\"widget\" data-widget_type=\"heading.default\">\n\t\t\t\t<div class=\"elementor-widget-container\">\n\t\t\t\t\t<h1 class=\"elementor-heading-title elementor-size-default\">Turismo corchero en Les Gavarres: un viaje a la esencia del bosque mediterr\u00e1neo<\/h1>\t\t\t\t<\/div>\n\t\t\t\t<\/div>\n\t\t\t\t<div class=\"elementor-element elementor-element-9c3f265 elementor-widget elementor-widget-text-editor\" data-id=\"9c3f265\" data-element_type=\"widget\" data-e-type=\"widget\" data-widget_type=\"text-editor.default\">\n\t\t\t\t<div class=\"elementor-widget-container\">\n\t\t\t\t\t\t\t\t\t<p>Les Gavarres es tierra de alcornocales, un paisaje forestal emblem\u00e1tico que ha marcado la vida y la cultura de este macizo durante siglos. El alcornoque, que localmente recibe el nombre del mismo producto que nos da, corcho, es un \u00e1rbol robusto y singular, bien adaptado a las exigencias del clima mediterr\u00e1neo y a los fuegos forestales. Pero no solo configura el escenario natural, sino que ha sido el motor de una industria que ha dado identidad a pueblos como Cass\u00e0 de la Selva, Palafrugell, Llagostera, Sant Feliu de Gu\u00edxols o Calonge.<\/p>\n\t\t\t\t\t\t\t\t<\/div>\n\t\t\t\t<\/div>\n\t\t\t\t\t<\/div>\n\t\t\t\t<\/div>\n\t\t<div class=\"elementor-element elementor-element-ba96a9b e-con-full e-flex e-con e-parent\" data-id=\"ba96a9b\" data-element_type=\"container\" data-e-type=\"container\">\n\t\t\t\t<div class=\"elementor-element elementor-element-24a004c elementor-widget elementor-widget-image\" data-id=\"24a004c\" data-element_type=\"widget\" data-e-type=\"widget\" data-widget_type=\"image.default\">\n\t\t\t\t<div class=\"elementor-widget-container\">\n\t\t\t\t\t\t\t\t\t\t\t\t\t\t\t<img fetchpriority=\"high\" decoding=\"async\" width=\"2560\" height=\"743\" src=\"https:\/\/visitgavarres.cat\/wp-content\/uploads\/2025\/10\/pela-suro-eloi-madria\u0300-gavarres-scaled.webp\" class=\"attachment-full size-full wp-image-1192\" alt=\"Pel del suro a les gavarres\" srcset=\"https:\/\/visitgavarres.cat\/wp-content\/uploads\/2025\/10\/pela-suro-eloi-madria\u0300-gavarres-scaled.webp 2560w, https:\/\/visitgavarres.cat\/wp-content\/uploads\/2025\/10\/pela-suro-eloi-madria\u0300-gavarres-300x87.webp 300w, https:\/\/visitgavarres.cat\/wp-content\/uploads\/2025\/10\/pela-suro-eloi-madria\u0300-gavarres-1024x297.webp 1024w, https:\/\/visitgavarres.cat\/wp-content\/uploads\/2025\/10\/pela-suro-eloi-madria\u0300-gavarres-768x223.webp 768w, https:\/\/visitgavarres.cat\/wp-content\/uploads\/2025\/10\/pela-suro-eloi-madria\u0300-gavarres-1536x446.webp 1536w, https:\/\/visitgavarres.cat\/wp-content\/uploads\/2025\/10\/pela-suro-eloi-madria\u0300-gavarres-2048x594.webp 2048w\" sizes=\"(max-width: 2560px) 100vw, 2560px\" \/>\t\t\t\t\t\t\t\t\t\t\t\t\t\t\t<\/div>\n\t\t\t\t<\/div>\n\t\t\t\t<\/div>\n\t\t<div class=\"elementor-element elementor-element-468c1cf e-flex e-con-boxed e-con e-parent\" data-id=\"468c1cf\" data-element_type=\"container\" data-e-type=\"container\">\n\t\t\t\t\t<div class=\"e-con-inner\">\n\t\t\t\t<div class=\"elementor-element elementor-element-22e5657 elementor-widget__width-initial elementor-widget-mobile__width-inherit elementor-widget elementor-widget-text-editor\" data-id=\"22e5657\" data-element_type=\"widget\" data-e-type=\"widget\" data-widget_type=\"text-editor.default\">\n\t\t\t\t<div class=\"elementor-widget-container\">\n\t\t\t\t\t\t\t\t\t<p>Hoy, el turismo corchero ofrece una experiencia \u00fanica para descubrir este patrimonio natural y cultural. Tanto si eres amante de la naturaleza como si te interesa la historia o la gastronom\u00eda, <strong>les Gavarres te invitan a explorar los alcornocales a trav\u00e9s de rutas guiadas y autoguiadas que recorren caminos forestales, fincas bien gestionadas, mas\u00edas con historia, \u00e1rboles monumentales y miradores espectaculares.<\/strong> A cada paso podr\u00e1s conocer las caracter\u00edsticas de este bosque mediterr\u00e1neo abierto, con un sotobosque rico en arbustos y una fauna diversa.<\/p>\n<p>Una de las actividades m\u00e1s cautivadoras es la\u00a0<strong>demostraci\u00f3n del oficio de pelador de corcho,<\/strong> una tarea tradicional que requiere habilidad y respeto por el \u00e1rbol. Durante la temporada de saca, varias entidades como el Consorcio de Les Gavarres o el Museo del Corcho organizan jornadas donde se puede ver en directo c\u00f3mo se extrae la c\u00e1scara del corcho, rematadas con un desayuno tradicional con producto local.<\/p>\n<p>Sin olvidar la <strong><a href=\"https:\/\/www.firadeltap.cat\/\" target=\"_blank\" rel=\"noopener\">Fira del Tap i el Suro<\/a><\/strong> que se celebra anualmente en Cass\u00e0 de la Selva, donde adem\u00e1s de catas de vinos se puede conocer la forma tradicional de fabricar los tapones de corcho y visitar las f\u00e1bricas que hoy en d\u00eda los elaboran con los \u00faltimos avances tecnol\u00f3gicos.<\/p>\n\t\t\t\t\t\t\t\t<\/div>\n\t\t\t\t<\/div>\n\t\t\t\t\t<\/div>\n\t\t\t\t<\/div>\n\t\t<div class=\"elementor-element elementor-element-262cd7e e-con-full e-flex e-con e-parent\" data-id=\"262cd7e\" data-element_type=\"container\" data-e-type=\"container\">\n\t\t\t\t<div class=\"elementor-element elementor-element-caadd58 elementor-widget elementor-widget-image\" data-id=\"caadd58\" data-element_type=\"widget\" data-e-type=\"widget\" data-widget_type=\"image.default\">\n\t\t\t\t<div class=\"elementor-widget-container\">\n\t\t\t\t\t\t\t\t\t\t\t\t\t\t\t<img decoding=\"async\" width=\"2560\" height=\"743\" src=\"https:\/\/visitgavarres.cat\/wp-content\/uploads\/2025\/10\/gavarres-turisme-surer-territori-scaled.webp\" class=\"attachment-full size-full wp-image-1193\" alt=\"Gavarres turisme surer\" srcset=\"https:\/\/visitgavarres.cat\/wp-content\/uploads\/2025\/10\/gavarres-turisme-surer-territori-scaled.webp 2560w, https:\/\/visitgavarres.cat\/wp-content\/uploads\/2025\/10\/gavarres-turisme-surer-territori-300x87.webp 300w, https:\/\/visitgavarres.cat\/wp-content\/uploads\/2025\/10\/gavarres-turisme-surer-territori-1024x297.webp 1024w, https:\/\/visitgavarres.cat\/wp-content\/uploads\/2025\/10\/gavarres-turisme-surer-territori-768x223.webp 768w, https:\/\/visitgavarres.cat\/wp-content\/uploads\/2025\/10\/gavarres-turisme-surer-territori-1536x446.webp 1536w, https:\/\/visitgavarres.cat\/wp-content\/uploads\/2025\/10\/gavarres-turisme-surer-territori-2048x594.webp 2048w\" sizes=\"(max-width: 2560px) 100vw, 2560px\" \/>\t\t\t\t\t\t\t\t\t\t\t\t\t\t\t<\/div>\n\t\t\t\t<\/div>\n\t\t\t\t<\/div>\n\t\t<div class=\"elementor-element elementor-element-c9ae431 e-flex e-con-boxed e-con e-parent\" data-id=\"c9ae431\" data-element_type=\"container\" data-e-type=\"container\">\n\t\t\t\t\t<div class=\"e-con-inner\">\n\t\t\t\t<div class=\"elementor-element elementor-element-33c4673 elementor-widget elementor-widget-image\" data-id=\"33c4673\" data-element_type=\"widget\" data-e-type=\"widget\" data-widget_type=\"image.default\">\n\t\t\t\t<div class=\"elementor-widget-container\">\n\t\t\t\t\t\t\t\t\t\t\t\t\t\t\t<img decoding=\"async\" width=\"1\" height=\"1\" src=\"https:\/\/visitgavarres.cat\/wp-content\/uploads\/2025\/08\/flechaverde.svg\" class=\"attachment-large size-large wp-image-1034\" alt=\"fletxa avall\" \/>\t\t\t\t\t\t\t\t\t\t\t\t\t\t\t<\/div>\n\t\t\t\t<\/div>\n\t\t\t\t<div class=\"elementor-element elementor-element-4b13856 elementor-widget elementor-widget-heading\" data-id=\"4b13856\" data-element_type=\"widget\" data-e-type=\"widget\" data-widget_type=\"heading.default\">\n\t\t\t\t<div class=\"elementor-widget-container\">\n\t\t\t\t\t<h2 class=\"elementor-heading-title elementor-size-default\">El turismo corchero en Les Gavarres es una manera de conectar con el territorio, entender su historia y contribuir a su conservaci\u00f3n<\/h2>\t\t\t\t<\/div>\n\t\t\t\t<\/div>\n\t\t\t\t<div class=\"elementor-element elementor-element-79fac20 elementor-widget elementor-widget-text-editor\" data-id=\"79fac20\" data-element_type=\"widget\" data-e-type=\"widget\" data-widget_type=\"text-editor.default\">\n\t\t\t\t<div class=\"elementor-widget-container\">\n\t\t\t\t\t\t\t\t\t<p>Es una oportunidad para gozar de los sabores locales en un entorno natural privilegiado. La fiesta que acaba en la mesa cuando abrimos un buen vino o un buen cava, empez\u00f3 muchos a\u00f1os antes en el alcornocal.<\/p>\n\t\t\t\t\t\t\t\t<\/div>\n\t\t\t\t<\/div>\n\t\t<div class=\"elementor-element elementor-element-770d448 e-con-full e-flex e-con e-child\" data-id=\"770d448\" data-element_type=\"container\" data-e-type=\"container\">\n\t\t\t\t<div class=\"elementor-element elementor-element-1666943 elementor-widget__width-auto elementor-widget-mobile__width-auto botonsubrayado elementor-widget elementor-widget-heading\" data-id=\"1666943\" data-element_type=\"widget\" data-e-type=\"widget\" data-widget_type=\"heading.default\">\n\t\t\t\t<div class=\"elementor-widget-container\">\n\t\t\t\t\t<h2 class=\"elementor-heading-title elementor-size-default\"><a href=\"https:\/\/www.corkexperience.com\/\" target=\"_blank\">Descubre Cork experience<\/a><\/h2>\t\t\t\t<\/div>\n\t\t\t\t<\/div>\n\t\t\t\t<div class=\"elementor-element elementor-element-d8ce3f7 elementor-widget__width-auto botonsubrayado elementor-widget elementor-widget-heading\" data-id=\"d8ce3f7\" data-element_type=\"widget\" data-e-type=\"widget\" data-widget_type=\"heading.default\">\n\t\t\t\t<div class=\"elementor-widget-container\">\n\t\t\t\t\t<h2 class=\"elementor-heading-title elementor-size-default\"><a href=\"https:\/\/linktr.ee\/consorcigavarres\" target=\"_blank\">Rutas del turismo corchero<\/a><\/h2>\t\t\t\t<\/div>\n\t\t\t\t<\/div>\n\t\t\t\t<\/div>\n\t\t\t\t\t<\/div>\n\t\t\t\t<\/div>\n\t\t\t\t<\/div>\n\t\t","protected":false},"excerpt":{"rendered":"<p>Turismo corchero en Les Gavarres: un viaje a la esencia del bosque mediterr\u00e1neo Les Gavarres es tierra de alcornocales, un paisaje forestal emblem\u00e1tico que ha marcado la vida y la cultura de este macizo durante siglos. El alcornoque, que localmente recibe el nombre del mismo producto que nos da, corcho, es un \u00e1rbol robusto y [&hellip;]<\/p>\n","protected":false},"author":1,"featured_media":0,"parent":0,"menu_order":0,"comment_status":"closed","ping_status":"closed","template":"elementor_header_footer","meta":{"_acf_changed":false,"footnotes":""},"class_list":["post-1805","page","type-page","status-publish","hentry"],"acf":[],"yoast_head":"<!-- This site is optimized with the Yoast SEO plugin v27.0 - https:\/\/yoast.com\/product\/yoast-seo-wordpress\/ -->\n<title>Turismo del corcho - Visit Gavarres<\/title>\n<meta name=\"robots\" content=\"index, follow, max-snippet:-1, max-image-preview:large, max-video-preview:-1\" \/>\n<link rel=\"canonical\" href=\"https:\/\/visitgavarres.cat\/turisme-surer\/\" \/>\n<meta property=\"og:locale\" content=\"es_ES\" \/>\n<meta property=\"og:type\" content=\"article\" \/>\n<meta property=\"og:title\" content=\"Turismo del corcho - Visit Gavarres\" \/>\n<meta property=\"og:description\" content=\"Turismo corchero en Les Gavarres: un viaje a la esencia del bosque mediterr\u00e1neo Les Gavarres es tierra de alcornocales, un paisaje forestal emblem\u00e1tico que ha marcado la vida y la cultura de este macizo durante siglos. El alcornoque, que localmente recibe el nombre del mismo producto que nos da, corcho, es un \u00e1rbol robusto y [&hellip;]\" \/>\n<meta property=\"og:url\" content=\"https:\/\/visitgavarres.cat\/turisme-surer\/\" \/>\n<meta property=\"og:site_name\" content=\"Visit Gavarres\" \/>\n<meta property=\"article:modified_time\" content=\"2026-03-18T12:24:20+00:00\" \/>\n<meta property=\"og:image\" content=\"https:\/\/visitgavarres.cat\/wp-content\/uploads\/2025\/10\/gavarres-turisme-surer-territori-scaled.webp\" \/>\n<meta name=\"twitter:card\" content=\"summary_large_image\" \/>\n<meta name=\"twitter:label1\" content=\"Tiempo de lectura\" \/>\n\t<meta name=\"twitter:data1\" content=\"2 minutos\" \/>\n<script type=\"application\/ld+json\" class=\"yoast-schema-graph\">{\"@context\":\"https:\/\/schema.org\",\"@graph\":[{\"@type\":\"WebPage\",\"@id\":\"https:\/\/visitgavarres.cat\/turisme-surer\/\",\"url\":\"https:\/\/visitgavarres.cat\/turisme-surer\/\",\"name\":\"Turismo del corcho - Visit Gavarres\",\"isPartOf\":{\"@id\":\"https:\/\/visitgavarres.cat\/#website\"},\"primaryImageOfPage\":{\"@id\":\"https:\/\/visitgavarres.cat\/turisme-surer\/#primaryimage\"},\"image\":{\"@id\":\"https:\/\/visitgavarres.cat\/turisme-surer\/#primaryimage\"},\"thumbnailUrl\":\"https:\/\/visitgavarres.cat\/wp-content\/uploads\/2025\/10\/gavarres-turisme-surer-territori-scaled.webp\",\"datePublished\":\"2025-08-05T06:11:07+00:00\",\"dateModified\":\"2026-03-18T12:24:20+00:00\",\"breadcrumb\":{\"@id\":\"https:\/\/visitgavarres.cat\/turisme-surer\/#breadcrumb\"},\"inLanguage\":\"es\",\"potentialAction\":[{\"@type\":\"ReadAction\",\"target\":[\"https:\/\/visitgavarres.cat\/turisme-surer\/\"]}]},{\"@type\":\"ImageObject\",\"inLanguage\":\"es\",\"@id\":\"https:\/\/visitgavarres.cat\/turisme-surer\/#primaryimage\",\"url\":\"https:\/\/visitgavarres.cat\/wp-content\/uploads\/2025\/10\/gavarres-turisme-surer-territori-scaled.webp\",\"contentUrl\":\"https:\/\/visitgavarres.cat\/wp-content\/uploads\/2025\/10\/gavarres-turisme-surer-territori-scaled.webp\"},{\"@type\":\"BreadcrumbList\",\"@id\":\"https:\/\/visitgavarres.cat\/turisme-surer\/#breadcrumb\",\"itemListElement\":[{\"@type\":\"ListItem\",\"position\":1,\"name\":\"Inici\",\"item\":\"https:\/\/visitgavarres.cat\/\"},{\"@type\":\"ListItem\",\"position\":2,\"name\":\"Turismo del corcho\"}]},{\"@type\":\"WebSite\",\"@id\":\"https:\/\/visitgavarres.cat\/#website\",\"url\":\"https:\/\/visitgavarres.cat\/\",\"name\":\"Visit Gavarres\",\"description\":\"Gaudeix Les Gavarres\",\"potentialAction\":[{\"@type\":\"SearchAction\",\"target\":{\"@type\":\"EntryPoint\",\"urlTemplate\":\"https:\/\/visitgavarres.cat\/?s={search_term_string}\"},\"query-input\":{\"@type\":\"PropertyValueSpecification\",\"valueRequired\":true,\"valueName\":\"search_term_string\"}}],\"inLanguage\":\"es\"}]}<\/script>\n<!-- \/ Yoast SEO plugin. -->","yoast_head_json":{"title":"Turismo del corcho - Visit Gavarres","robots":{"index":"index","follow":"follow","max-snippet":"max-snippet:-1","max-image-preview":"max-image-preview:large","max-video-preview":"max-video-preview:-1"},"canonical":"https:\/\/visitgavarres.cat\/turisme-surer\/","og_locale":"es_ES","og_type":"article","og_title":"Turismo del corcho - Visit Gavarres","og_description":"Turismo corchero en Les Gavarres: un viaje a la esencia del bosque mediterr\u00e1neo Les Gavarres es tierra de alcornocales, un paisaje forestal emblem\u00e1tico que ha marcado la vida y la cultura de este macizo durante siglos. El alcornoque, que localmente recibe el nombre del mismo producto que nos da, corcho, es un \u00e1rbol robusto y [&hellip;]","og_url":"https:\/\/visitgavarres.cat\/turisme-surer\/","og_site_name":"Visit Gavarres","article_modified_time":"2026-03-18T12:24:20+00:00","og_image":[{"url":"https:\/\/visitgavarres.cat\/wp-content\/uploads\/2025\/10\/gavarres-turisme-surer-territori-scaled.webp","type":"","width":"","height":""}],"twitter_card":"summary_large_image","twitter_misc":{"Tiempo de lectura":"2 minutos"},"schema":{"@context":"https:\/\/schema.org","@graph":[{"@type":"WebPage","@id":"https:\/\/visitgavarres.cat\/turisme-surer\/","url":"https:\/\/visitgavarres.cat\/turisme-surer\/","name":"Turismo del corcho - Visit Gavarres","isPartOf":{"@id":"https:\/\/visitgavarres.cat\/#website"},"primaryImageOfPage":{"@id":"https:\/\/visitgavarres.cat\/turisme-surer\/#primaryimage"},"image":{"@id":"https:\/\/visitgavarres.cat\/turisme-surer\/#primaryimage"},"thumbnailUrl":"https:\/\/visitgavarres.cat\/wp-content\/uploads\/2025\/10\/gavarres-turisme-surer-territori-scaled.webp","datePublished":"2025-08-05T06:11:07+00:00","dateModified":"2026-03-18T12:24:20+00:00","breadcrumb":{"@id":"https:\/\/visitgavarres.cat\/turisme-surer\/#breadcrumb"},"inLanguage":"es","potentialAction":[{"@type":"ReadAction","target":["https:\/\/visitgavarres.cat\/turisme-surer\/"]}]},{"@type":"ImageObject","inLanguage":"es","@id":"https:\/\/visitgavarres.cat\/turisme-surer\/#primaryimage","url":"https:\/\/visitgavarres.cat\/wp-content\/uploads\/2025\/10\/gavarres-turisme-surer-territori-scaled.webp","contentUrl":"https:\/\/visitgavarres.cat\/wp-content\/uploads\/2025\/10\/gavarres-turisme-surer-territori-scaled.webp"},{"@type":"BreadcrumbList","@id":"https:\/\/visitgavarres.cat\/turisme-surer\/#breadcrumb","itemListElement":[{"@type":"ListItem","position":1,"name":"Inici","item":"https:\/\/visitgavarres.cat\/"},{"@type":"ListItem","position":2,"name":"Turismo del corcho"}]},{"@type":"WebSite","@id":"https:\/\/visitgavarres.cat\/#website","url":"https:\/\/visitgavarres.cat\/","name":"Visit Gavarres","description":"Gaudeix Les Gavarres","potentialAction":[{"@type":"SearchAction","target":{"@type":"EntryPoint","urlTemplate":"https:\/\/visitgavarres.cat\/?s={search_term_string}"},"query-input":{"@type":"PropertyValueSpecification","valueRequired":true,"valueName":"search_term_string"}}],"inLanguage":"es"}]}},"_links":{"self":[{"href":"https:\/\/visitgavarres.cat\/es\/wp-json\/wp\/v2\/pages\/1805","targetHints":{"allow":["GET"]}}],"collection":[{"href":"https:\/\/visitgavarres.cat\/es\/wp-json\/wp\/v2\/pages"}],"about":[{"href":"https:\/\/visitgavarres.cat\/es\/wp-json\/wp\/v2\/types\/page"}],"author":[{"embeddable":true,"href":"https:\/\/visitgavarres.cat\/es\/wp-json\/wp\/v2\/users\/1"}],"replies":[{"embeddable":true,"href":"https:\/\/visitgavarres.cat\/es\/wp-json\/wp\/v2\/comments?post=1805"}],"version-history":[{"count":7,"href":"https:\/\/visitgavarres.cat\/es\/wp-json\/wp\/v2\/pages\/1805\/revisions"}],"predecessor-version":[{"id":2243,"href":"https:\/\/visitgavarres.cat\/es\/wp-json\/wp\/v2\/pages\/1805\/revisions\/2243"}],"wp:attachment":[{"href":"https:\/\/visitgavarres.cat\/es\/wp-json\/wp\/v2\/media?parent=1805"}],"curies":[{"name":"wp","href":"https:\/\/api.w.org\/{rel}","templated":true}]}}