{"id":1248,"date":"2025-08-05T09:36:59","date_gmt":"2025-08-05T07:36:59","guid":{"rendered":"https:\/\/visitgavarres.cat\/legal\/"},"modified":"2025-12-12T15:58:02","modified_gmt":"2025-12-12T13:58:02","slug":"legal","status":"publish","type":"page","link":"https:\/\/visitgavarres.cat\/fr\/legal\/","title":{"rendered":"L\u00e9gal"},"content":{"rendered":"\t\t<div data-elementor-type=\"wp-page\" data-elementor-id=\"1248\" class=\"elementor elementor-1248 elementor-158\" data-elementor-post-type=\"page\">\n\t\t\t\t<div class=\"elementor-element elementor-element-577286f e-flex e-con-boxed e-con e-parent\" data-id=\"577286f\" data-element_type=\"container\" data-e-type=\"container\">\n\t\t\t\t\t<div class=\"e-con-inner\">\n\t\t\t\t<div class=\"elementor-element elementor-element-d9a79cf elementor-widget elementor-widget-text-editor\" data-id=\"d9a79cf\" data-element_type=\"widget\" data-e-type=\"widget\" data-widget_type=\"text-editor.default\">\n\t\t\t\t<div class=\"elementor-widget-container\">\n\t\t\t\t\t\t\t\t\t<h1 class=\"entry-title\"><strong>Mentions l\u00e9gales<\/strong><\/h1>\n<p>Ce site web et son domaine visitgavarres.cat appartiennent au Consortium des Gavarres (ci-apr\u00e8s d\u00e9nomm\u00e9 \u00ab\u00a0le Consortium\u00a0\u00bb), ayant pour num\u00e9ro d\u2019identification fiscale P-6700016F, domicili\u00e9 \u00e0 Finques Camps i Armet, s\/n, \u00e0 Monells (CP 17121) et titulaire du num\u00e9ro de t\u00e9l\u00e9phone 972643695 et de l\u2019adresse e-mail consorci@gavarres.cat.<\/p>\n<hr \/>\n<p>Les informations fournies par le biais de ce site web ne remplacent pas celles qui figurent sur le site web du Consortium ou sur les canaux et plateformes \u00e9lectroniques adopt\u00e9s par le Consortium, qui sont les seules \u00e0 avoir une valeur juridique.<\/p>\n<p>Le Consortium n\u2019est pas responsable du contenu, de l\u2019exactitude et de l\u2019actualit\u00e9 des informations provenant d\u2019autres personnes qui figurent sur le site web ou auxquelles il est fait r\u00e9f\u00e9rence par le biais de liens ou d\u2019autres syst\u00e8mes.<\/p>\n<hr \/>\n<p>Le site web et son contenu, y compris les textes, images, graphiques, bases de donn\u00e9es et tout autre mat\u00e9riel, sont mis \u00e0 la disposition du public \u00e0 des fins d\u2019information et pour offrir des services dans le cadre des comp\u00e9tences et des fonctions propres au Consortium. Certains de ces contenus sont prot\u00e9g\u00e9s par des droits de propri\u00e9t\u00e9 intellectuelle qui appartiennent soit au Consortium, soit \u00e0 des tiers qui ont autoris\u00e9 leur utilisation par ce moyen.<\/p>\n<p>De mani\u00e8re g\u00e9n\u00e9rale, sauf indication contraire expresse dans certains cas particuliers, la reproduction, la distribution et la communication publique des contenus de ce site web sont autoris\u00e9es \u00e0 condition que leur provenance soit mentionn\u00e9e. Toutefois, les contenus ne peuvent \u00eatre utilis\u00e9s \u00e0 des fins commerciales, ni faire l\u2019objet d\u2019\u0153uvres d\u00e9riv\u00e9es, sans l\u2019autorisation expresse du Consortium.<\/p>\n<p>Ces conditions s\u2019appliquent aux contenus du site web prot\u00e9g\u00e9s par des droits d\u2019auteur et sont r\u00e9sum\u00e9es dans la licence Attribution &#8211; Utilisation non commerciale &#8211; Partage dans les m\u00eames conditions 4.0 (CC BY-NC-SA 4.0) de Creative Commons.<\/p>\n<p>L\u2019embl\u00e8me officiel du Consortium et les autres dessins et logos qui l\u2019identifient ne peuvent \u00eatre reproduits et utilis\u00e9s qu\u2019avec l\u2019autorisation pr\u00e9alable du Consortium, ou lorsqu\u2019il s\u2019agit d\u2019identifier des activit\u00e9s ou des initiatives qui b\u00e9n\u00e9ficient du soutien explicite du Consortium. Le Consortium autorise \u00e9galement les utilisations \u00e0 but non lucratif \u00e0 des fins \u00e9ducatives, de recherche, d\u2019\u00e9tude ou de diffusion culturelle.<\/p>\n<p>La pr\u00e9sentation du contenu de ce site dans une fen\u00eatre externe (framing) n\u2019est pas autoris\u00e9e sans l\u2019autorisation expresse \u00e9crite du Consortium.<\/p>\n<hr \/>\n<p>Dans l\u2019exercice de ses comp\u00e9tences et fonctions, le Consortium traite des donn\u00e9es \u00e0 caract\u00e8re personnel. Ce site web et le portail \u00e9lectronique du Consortium contiennent des formulaires qui permettent au Consortium d\u2019obtenir des donn\u00e9es. Les formulaires informent sur les finalit\u00e9s de la collecte et les aspects les plus importants du traitement de ces donn\u00e9es. Ce lien contient des informations sur la politique de protection des donn\u00e9es du Consortium.<\/p>\n<hr \/>\n<p>Le Consortium informe que ce site web utilise des cookies qui permettent de rendre plus pratique et rapide la communication \u00e9tablie entre lui et le site web. La dur\u00e9e de validit\u00e9 de ces cookies est limit\u00e9e au d\u00e9lai n\u00e9cessaire pour atteindre ces objectifs. L\u2019utilisateur a la possibilit\u00e9 de configurer son navigateur Internet pour mieux conna\u00eetre et contr\u00f4ler les cookies. Vous avez \u00e9t\u00e9 pr\u00e9alablement inform\u00e9 de leur installation. Vous trouverez plus d\u2019informations sur la Politique de cookies en cliquant sur ce lien<\/p>\n<hr \/>\n<p>Le Consortium n\u2019est pas responsable envers les utilisateurs de son site web des \u00e9ventuels dommages ou pr\u00e9judices pouvant r\u00e9sulter d\u2019interf\u00e9rences, d\u2019omissions, d\u2019interruptions, de virus informatiques, de surcharges des lignes, de pannes ou de d\u00e9connexions lorsqu\u2019ils sont dus \u00e0 des causes qui lui sont \u00e9trang\u00e8res. Il n\u2019est pas non plus responsable des dommages pouvant \u00eatre caus\u00e9s par des tiers par le biais d\u2019interventions ill\u00e9gales \u00e9chappant au contr\u00f4le du Consortium. Dans la mesure du possible, il avertira \u00e0 l\u2019avance des interruptions dans le fonctionnement du site web et des services.<\/p>\n\t\t\t\t\t\t\t\t<\/div>\n\t\t\t\t<\/div>\n\t\t\t\t\t<\/div>\n\t\t\t\t<\/div>\n\t\t\t\t<\/div>\n\t\t","protected":false},"excerpt":{"rendered":"<p>Mentions l\u00e9gales Ce site web et son domaine visitgavarres.cat appartiennent au Consortium des Gavarres (ci-apr\u00e8s d\u00e9nomm\u00e9 \u00ab\u00a0le Consortium\u00a0\u00bb), ayant pour num\u00e9ro d\u2019identification fiscale P-6700016F, domicili\u00e9 \u00e0 Finques Camps i Armet, s\/n, \u00e0 Monells (CP 17121) et titulaire du num\u00e9ro de t\u00e9l\u00e9phone 972643695 et de l\u2019adresse e-mail consorci@gavarres.cat. Les informations fournies par le biais de ce [&hellip;]<\/p>\n","protected":false},"author":1,"featured_media":0,"parent":0,"menu_order":0,"comment_status":"closed","ping_status":"closed","template":"elementor_header_footer","meta":{"_acf_changed":false,"footnotes":""},"class_list":["post-1248","page","type-page","status-publish","hentry"],"acf":[],"yoast_head":"<!-- This site is optimized with the Yoast SEO plugin v27.0 - https:\/\/yoast.com\/product\/yoast-seo-wordpress\/ -->\n<title>L\u00e9gal - Visit Gavarres<\/title>\n<meta name=\"robots\" content=\"index, follow, max-snippet:-1, max-image-preview:large, max-video-preview:-1\" \/>\n<link rel=\"canonical\" href=\"https:\/\/visitgavarres.cat\/avis-legal\/\" \/>\n<meta property=\"og:locale\" content=\"fr_FR\" \/>\n<meta property=\"og:type\" content=\"article\" \/>\n<meta property=\"og:title\" content=\"L\u00e9gal - Visit Gavarres\" \/>\n<meta property=\"og:description\" content=\"Mentions l\u00e9gales Ce site web et son domaine visitgavarres.cat appartiennent au Consortium des Gavarres (ci-apr\u00e8s d\u00e9nomm\u00e9 \u00ab\u00a0le Consortium\u00a0\u00bb), ayant pour num\u00e9ro d\u2019identification fiscale P-6700016F, domicili\u00e9 \u00e0 Finques Camps i Armet, s\/n, \u00e0 Monells (CP 17121) et titulaire du num\u00e9ro de t\u00e9l\u00e9phone 972643695 et de l\u2019adresse e-mail consorci@gavarres.cat. Les informations fournies par le biais de ce [&hellip;]\" \/>\n<meta property=\"og:url\" content=\"https:\/\/visitgavarres.cat\/avis-legal\/\" \/>\n<meta property=\"og:site_name\" content=\"Visit Gavarres\" \/>\n<meta property=\"article:modified_time\" content=\"2025-12-12T13:58:02+00:00\" \/>\n<meta name=\"twitter:card\" content=\"summary_large_image\" \/>\n<meta name=\"twitter:label1\" content=\"Dur\u00e9e de lecture estim\u00e9e\" \/>\n\t<meta name=\"twitter:data1\" content=\"3 minutes\" \/>\n<script type=\"application\/ld+json\" class=\"yoast-schema-graph\">{\"@context\":\"https:\/\/schema.org\",\"@graph\":[{\"@type\":\"WebPage\",\"@id\":\"https:\/\/visitgavarres.cat\/avis-legal\/\",\"url\":\"https:\/\/visitgavarres.cat\/avis-legal\/\",\"name\":\"L\u00e9gal - Visit Gavarres\",\"isPartOf\":{\"@id\":\"https:\/\/visitgavarres.cat\/#website\"},\"datePublished\":\"2025-08-05T07:36:59+00:00\",\"dateModified\":\"2025-12-12T13:58:02+00:00\",\"breadcrumb\":{\"@id\":\"https:\/\/visitgavarres.cat\/avis-legal\/#breadcrumb\"},\"inLanguage\":\"fr-FR\",\"potentialAction\":[{\"@type\":\"ReadAction\",\"target\":[\"https:\/\/visitgavarres.cat\/avis-legal\/\"]}]},{\"@type\":\"BreadcrumbList\",\"@id\":\"https:\/\/visitgavarres.cat\/avis-legal\/#breadcrumb\",\"itemListElement\":[{\"@type\":\"ListItem\",\"position\":1,\"name\":\"Inici\",\"item\":\"https:\/\/visitgavarres.cat\/\"},{\"@type\":\"ListItem\",\"position\":2,\"name\":\"L\u00e9gal\"}]},{\"@type\":\"WebSite\",\"@id\":\"https:\/\/visitgavarres.cat\/#website\",\"url\":\"https:\/\/visitgavarres.cat\/\",\"name\":\"Visit Gavarres\",\"description\":\"Gaudeix Les Gavarres\",\"potentialAction\":[{\"@type\":\"SearchAction\",\"target\":{\"@type\":\"EntryPoint\",\"urlTemplate\":\"https:\/\/visitgavarres.cat\/?s={search_term_string}\"},\"query-input\":{\"@type\":\"PropertyValueSpecification\",\"valueRequired\":true,\"valueName\":\"search_term_string\"}}],\"inLanguage\":\"fr-FR\"}]}<\/script>\n<!-- \/ Yoast SEO plugin. -->","yoast_head_json":{"title":"L\u00e9gal - Visit Gavarres","robots":{"index":"index","follow":"follow","max-snippet":"max-snippet:-1","max-image-preview":"max-image-preview:large","max-video-preview":"max-video-preview:-1"},"canonical":"https:\/\/visitgavarres.cat\/avis-legal\/","og_locale":"fr_FR","og_type":"article","og_title":"L\u00e9gal - Visit Gavarres","og_description":"Mentions l\u00e9gales Ce site web et son domaine visitgavarres.cat appartiennent au Consortium des Gavarres (ci-apr\u00e8s d\u00e9nomm\u00e9 \u00ab\u00a0le Consortium\u00a0\u00bb), ayant pour num\u00e9ro d\u2019identification fiscale P-6700016F, domicili\u00e9 \u00e0 Finques Camps i Armet, s\/n, \u00e0 Monells (CP 17121) et titulaire du num\u00e9ro de t\u00e9l\u00e9phone 972643695 et de l\u2019adresse e-mail consorci@gavarres.cat. Les informations fournies par le biais de ce [&hellip;]","og_url":"https:\/\/visitgavarres.cat\/avis-legal\/","og_site_name":"Visit Gavarres","article_modified_time":"2025-12-12T13:58:02+00:00","twitter_card":"summary_large_image","twitter_misc":{"Dur\u00e9e de lecture estim\u00e9e":"3 minutes"},"schema":{"@context":"https:\/\/schema.org","@graph":[{"@type":"WebPage","@id":"https:\/\/visitgavarres.cat\/avis-legal\/","url":"https:\/\/visitgavarres.cat\/avis-legal\/","name":"L\u00e9gal - Visit Gavarres","isPartOf":{"@id":"https:\/\/visitgavarres.cat\/#website"},"datePublished":"2025-08-05T07:36:59+00:00","dateModified":"2025-12-12T13:58:02+00:00","breadcrumb":{"@id":"https:\/\/visitgavarres.cat\/avis-legal\/#breadcrumb"},"inLanguage":"fr-FR","potentialAction":[{"@type":"ReadAction","target":["https:\/\/visitgavarres.cat\/avis-legal\/"]}]},{"@type":"BreadcrumbList","@id":"https:\/\/visitgavarres.cat\/avis-legal\/#breadcrumb","itemListElement":[{"@type":"ListItem","position":1,"name":"Inici","item":"https:\/\/visitgavarres.cat\/"},{"@type":"ListItem","position":2,"name":"L\u00e9gal"}]},{"@type":"WebSite","@id":"https:\/\/visitgavarres.cat\/#website","url":"https:\/\/visitgavarres.cat\/","name":"Visit Gavarres","description":"Gaudeix Les Gavarres","potentialAction":[{"@type":"SearchAction","target":{"@type":"EntryPoint","urlTemplate":"https:\/\/visitgavarres.cat\/?s={search_term_string}"},"query-input":{"@type":"PropertyValueSpecification","valueRequired":true,"valueName":"search_term_string"}}],"inLanguage":"fr-FR"}]}},"_links":{"self":[{"href":"https:\/\/visitgavarres.cat\/fr\/wp-json\/wp\/v2\/pages\/1248","targetHints":{"allow":["GET"]}}],"collection":[{"href":"https:\/\/visitgavarres.cat\/fr\/wp-json\/wp\/v2\/pages"}],"about":[{"href":"https:\/\/visitgavarres.cat\/fr\/wp-json\/wp\/v2\/types\/page"}],"author":[{"embeddable":true,"href":"https:\/\/visitgavarres.cat\/fr\/wp-json\/wp\/v2\/users\/1"}],"replies":[{"embeddable":true,"href":"https:\/\/visitgavarres.cat\/fr\/wp-json\/wp\/v2\/comments?post=1248"}],"version-history":[{"count":4,"href":"https:\/\/visitgavarres.cat\/fr\/wp-json\/wp\/v2\/pages\/1248\/revisions"}],"predecessor-version":[{"id":1584,"href":"https:\/\/visitgavarres.cat\/fr\/wp-json\/wp\/v2\/pages\/1248\/revisions\/1584"}],"wp:attachment":[{"href":"https:\/\/visitgavarres.cat\/fr\/wp-json\/wp\/v2\/media?parent=1248"}],"curies":[{"name":"wp","href":"https:\/\/api.w.org\/{rel}","templated":true}]}}