{"id":1249,"date":"2025-08-05T08:11:19","date_gmt":"2025-08-05T06:11:19","guid":{"rendered":"https:\/\/visitgavarres.cat\/contact\/"},"modified":"2026-01-19T14:54:23","modified_gmt":"2026-01-19T12:54:23","slug":"contact","status":"publish","type":"page","link":"https:\/\/visitgavarres.cat\/fr\/contact\/","title":{"rendered":"Contact"},"content":{"rendered":"\t\t<div data-elementor-type=\"wp-page\" data-elementor-id=\"1249\" class=\"elementor elementor-1249 elementor-54\" data-elementor-post-type=\"page\">\n\t\t\t\t<div class=\"elementor-element elementor-element-51cecf1 e-flex e-con-boxed e-con e-parent\" data-id=\"51cecf1\" data-element_type=\"container\" data-e-type=\"container\" id=\"content\">\n\t\t\t\t\t<div class=\"e-con-inner\">\n\t\t\t\t<div class=\"elementor-element elementor-element-12220ce elementor-widget__width-initial elementor-widget elementor-widget-heading\" data-id=\"12220ce\" data-element_type=\"widget\" data-e-type=\"widget\" data-widget_type=\"heading.default\">\n\t\t\t\t<div class=\"elementor-widget-container\">\n\t\t\t\t\t<h1 class=\"elementor-heading-title elementor-size-default\">Profiter et prot\u00e9ger, l\u2019\u00e9quilibre parfait<\/h1>\t\t\t\t<\/div>\n\t\t\t\t<\/div>\n\t\t\t\t<div class=\"elementor-element elementor-element-ba2301f elementor-widget elementor-widget-text-editor\" data-id=\"ba2301f\" data-element_type=\"widget\" data-e-type=\"widget\" data-widget_type=\"text-editor.default\">\n\t\t\t\t<div class=\"elementor-widget-container\">\n\t\t\t\t\t\t\t\t\t<p>Ce site Web est le portail d\u2019accueil des visiteurs de l\u2019Espace naturel prot\u00e9g\u00e9 des Gavarres. Nous mettons ici \u00e0 votre disposition une s\u00e9lection de lieux remarquables, de centres d\u2019interpr\u00e9tation et d\u2019itin\u00e9raires pour le d\u00e9couvrir de mani\u00e8re respectueuse. Pour des informations plus d\u00e9taill\u00e9es sur ses valeurs et les actions men\u00e9es par le Consortium des Gavarres de la Diputaci\u00f3 de G\u00e9rone en tant qu\u2019organisme gestionnaire, vous pouvez vous rendre sur le site Web <a href=\"http:\/\/gavarres.cat\/\">gavarres.cat<\/a>. Si vous souhaitez d\u00e9couvrir d\u2019autres espaces du r\u00e9seau d\u2019espaces naturels prot\u00e9g\u00e9s de Catalogne, rendez-vous sur le site <a href=\"http:\/\/espaisnaturals.cat\/\">espaisnaturals.cat<\/a>.<\/p>\n\t\t\t\t\t\t\t\t<\/div>\n\t\t\t\t<\/div>\n\t\t\t\t\t<\/div>\n\t\t\t\t<\/div>\n\t\t<div class=\"elementor-element elementor-element-144c43e e-flex e-con-boxed e-con e-parent\" data-id=\"144c43e\" data-element_type=\"container\" data-e-type=\"container\">\n\t\t\t\t\t<div class=\"e-con-inner\">\n\t\t<div class=\"elementor-element elementor-element-225666e e-con-full e-flex e-con e-child\" data-id=\"225666e\" data-element_type=\"container\" data-e-type=\"container\">\n\t\t\t\t<div class=\"elementor-element elementor-element-f576476 elementor-widget elementor-widget-heading\" data-id=\"f576476\" data-element_type=\"widget\" data-e-type=\"widget\" data-widget_type=\"heading.default\">\n\t\t\t\t<div class=\"elementor-widget-container\">\n\t\t\t\t\t<div class=\"elementor-heading-title elementor-size-default\">Emplacement<\/div>\t\t\t\t<\/div>\n\t\t\t\t<\/div>\n\t\t\t\t<div class=\"elementor-element elementor-element-b810b23 elementor-widget elementor-widget-text-editor\" data-id=\"b810b23\" data-element_type=\"widget\" data-e-type=\"widget\" data-widget_type=\"text-editor.default\">\n\t\t\t\t<div class=\"elementor-widget-container\">\n\t\t\t\t\t\t\t\t\t<p>Consortium des Gavarres<\/p>\n<p>Finca Camps i Armet, s\/n (Can Geron\u00e8s)<\/p>\n<p>17121 Monells<\/p>\n\t\t\t\t\t\t\t\t<\/div>\n\t\t\t\t<\/div>\n\t\t\t\t<\/div>\n\t\t<div class=\"elementor-element elementor-element-3ae9481 e-con-full e-flex e-con e-child\" data-id=\"3ae9481\" data-element_type=\"container\" data-e-type=\"container\">\n\t\t\t\t<div class=\"elementor-element elementor-element-a7e16c1 elementor-widget elementor-widget-heading\" data-id=\"a7e16c1\" data-element_type=\"widget\" data-e-type=\"widget\" data-widget_type=\"heading.default\">\n\t\t\t\t<div class=\"elementor-widget-container\">\n\t\t\t\t\t<div class=\"elementor-heading-title elementor-size-default\">Contact<\/div>\t\t\t\t<\/div>\n\t\t\t\t<\/div>\n\t\t\t\t<div class=\"elementor-element elementor-element-eb6ce0e elementor-widget elementor-widget-text-editor\" data-id=\"eb6ce0e\" data-element_type=\"widget\" data-e-type=\"widget\" data-widget_type=\"text-editor.default\">\n\t\t\t\t<div class=\"elementor-widget-container\">\n\t\t\t\t\t\t\t\t\t<p>+34 972 64 36 95<\/p>\n<p><a href=\"mailto:consorci@gavarres.cat\">consorci@gavarres.cat<\/a><\/p>\n\t\t\t\t\t\t\t\t<\/div>\n\t\t\t\t<\/div>\n\t\t\t\t<\/div>\n\t\t<div class=\"elementor-element elementor-element-05e9c07 e-con-full e-flex e-con e-child\" data-id=\"05e9c07\" data-element_type=\"container\" data-e-type=\"container\">\n\t\t\t\t<div class=\"elementor-element elementor-element-fc114d2 elementor-widget elementor-widget-heading\" data-id=\"fc114d2\" data-element_type=\"widget\" data-e-type=\"widget\" data-widget_type=\"heading.default\">\n\t\t\t\t<div class=\"elementor-widget-container\">\n\t\t\t\t\t<div class=\"elementor-heading-title elementor-size-default\">Horaire<\/div>\t\t\t\t<\/div>\n\t\t\t\t<\/div>\n\t\t\t\t<div class=\"elementor-element elementor-element-6307e39 elementor-widget elementor-widget-text-editor\" data-id=\"6307e39\" data-element_type=\"widget\" data-e-type=\"widget\" data-widget_type=\"text-editor.default\">\n\t\t\t\t<div class=\"elementor-widget-container\">\n\t\t\t\t\t\t\t\t\t<p>Du lundi au vendredi de 8\u00a0h \u00e0 15\u00a0h.<\/p>\n\t\t\t\t\t\t\t\t<\/div>\n\t\t\t\t<\/div>\n\t\t\t\t<\/div>\n\t\t\t\t\t<\/div>\n\t\t\t\t<\/div>\n\t\t<div class=\"elementor-element elementor-element-96b6f96 e-flex e-con-boxed e-con e-parent\" data-id=\"96b6f96\" data-element_type=\"container\" data-e-type=\"container\" data-settings=\"{&quot;background_background&quot;:&quot;classic&quot;}\">\n\t\t\t\t\t<div class=\"e-con-inner\">\n\t\t<div class=\"elementor-element elementor-element-6e4aa33 e-con-full e-flex e-con e-child\" data-id=\"6e4aa33\" data-element_type=\"container\" data-e-type=\"container\">\n\t\t\t\t<div class=\"elementor-element elementor-element-47c38cb elementor-widget elementor-widget-heading\" data-id=\"47c38cb\" data-element_type=\"widget\" data-e-type=\"widget\" data-widget_type=\"heading.default\">\n\t\t\t\t<div class=\"elementor-widget-container\">\n\t\t\t\t\t<div class=\"elementor-heading-title elementor-size-default\">Abonnez-vous \u00e0 notre newsletter et soyez inform\u00e9 de toutes les nouveaut\u00e9s !<\/div>\t\t\t\t<\/div>\n\t\t\t\t<\/div>\n\t\t\t\t<\/div>\n\t\t<div class=\"elementor-element elementor-element-10eaedd e-con-full e-flex e-con e-child\" data-id=\"10eaedd\" data-element_type=\"container\" data-e-type=\"container\">\n\t\t\t\t<div class=\"elementor-element elementor-element-bab90e3 elementor-align-right elementor-mobile-align-center elementor-widget elementor-widget-button\" data-id=\"bab90e3\" data-element_type=\"widget\" data-e-type=\"widget\" data-widget_type=\"button.default\">\n\t\t\t\t<div class=\"elementor-widget-container\">\n\t\t\t\t\t\t\t\t\t<div class=\"elementor-button-wrapper\">\n\t\t\t\t\t<a class=\"elementor-button elementor-button-link elementor-size-sm\" href=\"https:\/\/gavarres.us3.list-manage.com\/subscribe?u=c9988ef595725448fb8051985&#038;id=b3862c93ab\" target=\"_blank\">\n\t\t\t\t\t\t<span class=\"elementor-button-content-wrapper\">\n\t\t\t\t\t\t\t\t\t<span class=\"elementor-button-text\">S\u2019abonner<\/span>\n\t\t\t\t\t<\/span>\n\t\t\t\t\t<\/a>\n\t\t\t\t<\/div>\n\t\t\t\t\t\t\t\t<\/div>\n\t\t\t\t<\/div>\n\t\t\t\t<\/div>\n\t\t\t\t\t<\/div>\n\t\t\t\t<\/div>\n\t\t<div class=\"elementor-element elementor-element-ee13f23 e-con-full e-flex e-con e-parent\" data-id=\"ee13f23\" data-element_type=\"container\" data-e-type=\"container\">\n\t\t\t\t<div class=\"elementor-element elementor-element-e260ee8 elementor-widget elementor-widget-html\" data-id=\"e260ee8\" data-element_type=\"widget\" data-e-type=\"widget\" data-widget_type=\"html.default\">\n\t\t\t\t<div class=\"elementor-widget-container\">\n\t\t\t\t\t<iframe src=\"https:\/\/www.google.com\/maps\/embed?pb=!1m14!1m8!1m3!1d11864.609153042147!2d2.9972220000000003!3d41.97554!3m2!1i1024!2i768!4f13.1!3m3!1m2!1s0x12bafb481186351f%3A0x9e61be9761f837fd!2sConsorci%20de%20les%20Gavarres!5e0!3m2!1ses!2ses!4v1757479916811!5m2!1ses!2ses\" width=\"600\" height=\"519\" style=\"border:0;\" allowfullscreen=\"\" loading=\"lazy\" referrerpolicy=\"no-referrer-when-downgrade\"><\/iframe>\t\t\t\t<\/div>\n\t\t\t\t<\/div>\n\t\t\t\t<\/div>\n\t\t\t\t<\/div>\n\t\t","protected":false},"excerpt":{"rendered":"<p>Profiter et prot\u00e9ger, l\u2019\u00e9quilibre parfait Ce site Web est le portail d\u2019accueil des visiteurs de l\u2019Espace naturel prot\u00e9g\u00e9 des Gavarres. Nous mettons ici \u00e0 votre disposition une s\u00e9lection de lieux remarquables, de centres d\u2019interpr\u00e9tation et d\u2019itin\u00e9raires pour le d\u00e9couvrir de mani\u00e8re respectueuse. Pour des informations plus d\u00e9taill\u00e9es sur ses valeurs et les actions men\u00e9es par [&hellip;]<\/p>\n","protected":false},"author":1,"featured_media":0,"parent":0,"menu_order":0,"comment_status":"closed","ping_status":"closed","template":"elementor_header_footer","meta":{"_acf_changed":false,"footnotes":""},"class_list":["post-1249","page","type-page","status-publish","hentry"],"acf":[],"yoast_head":"<!-- This site is optimized with the Yoast SEO plugin v27.0 - https:\/\/yoast.com\/product\/yoast-seo-wordpress\/ -->\n<title>Contact - Visit Gavarres<\/title>\n<meta name=\"robots\" content=\"index, follow, max-snippet:-1, max-image-preview:large, max-video-preview:-1\" \/>\n<link rel=\"canonical\" href=\"https:\/\/visitgavarres.cat\/contacte\/\" \/>\n<meta property=\"og:locale\" content=\"fr_FR\" \/>\n<meta property=\"og:type\" content=\"article\" \/>\n<meta property=\"og:title\" content=\"Contact - Visit Gavarres\" \/>\n<meta property=\"og:description\" content=\"Profiter et prot\u00e9ger, l\u2019\u00e9quilibre parfait Ce site Web est le portail d\u2019accueil des visiteurs de l\u2019Espace naturel prot\u00e9g\u00e9 des Gavarres. Nous mettons ici \u00e0 votre disposition une s\u00e9lection de lieux remarquables, de centres d\u2019interpr\u00e9tation et d\u2019itin\u00e9raires pour le d\u00e9couvrir de mani\u00e8re respectueuse. Pour des informations plus d\u00e9taill\u00e9es sur ses valeurs et les actions men\u00e9es par [&hellip;]\" \/>\n<meta property=\"og:url\" content=\"https:\/\/visitgavarres.cat\/contacte\/\" \/>\n<meta property=\"og:site_name\" content=\"Visit Gavarres\" \/>\n<meta property=\"article:modified_time\" content=\"2026-01-19T12:54:23+00:00\" \/>\n<meta name=\"twitter:card\" content=\"summary_large_image\" \/>\n<meta name=\"twitter:label1\" content=\"Dur\u00e9e de lecture estim\u00e9e\" \/>\n\t<meta name=\"twitter:data1\" content=\"1 minute\" \/>\n<script type=\"application\/ld+json\" class=\"yoast-schema-graph\">{\"@context\":\"https:\/\/schema.org\",\"@graph\":[{\"@type\":\"WebPage\",\"@id\":\"https:\/\/visitgavarres.cat\/contacte\/\",\"url\":\"https:\/\/visitgavarres.cat\/contacte\/\",\"name\":\"Contact - Visit Gavarres\",\"isPartOf\":{\"@id\":\"https:\/\/visitgavarres.cat\/#website\"},\"datePublished\":\"2025-08-05T06:11:19+00:00\",\"dateModified\":\"2026-01-19T12:54:23+00:00\",\"breadcrumb\":{\"@id\":\"https:\/\/visitgavarres.cat\/contacte\/#breadcrumb\"},\"inLanguage\":\"fr-FR\",\"potentialAction\":[{\"@type\":\"ReadAction\",\"target\":[\"https:\/\/visitgavarres.cat\/contacte\/\"]}]},{\"@type\":\"BreadcrumbList\",\"@id\":\"https:\/\/visitgavarres.cat\/contacte\/#breadcrumb\",\"itemListElement\":[{\"@type\":\"ListItem\",\"position\":1,\"name\":\"Inici\",\"item\":\"https:\/\/visitgavarres.cat\/\"},{\"@type\":\"ListItem\",\"position\":2,\"name\":\"Contact\"}]},{\"@type\":\"WebSite\",\"@id\":\"https:\/\/visitgavarres.cat\/#website\",\"url\":\"https:\/\/visitgavarres.cat\/\",\"name\":\"Visit Gavarres\",\"description\":\"Gaudeix Les Gavarres\",\"potentialAction\":[{\"@type\":\"SearchAction\",\"target\":{\"@type\":\"EntryPoint\",\"urlTemplate\":\"https:\/\/visitgavarres.cat\/?s={search_term_string}\"},\"query-input\":{\"@type\":\"PropertyValueSpecification\",\"valueRequired\":true,\"valueName\":\"search_term_string\"}}],\"inLanguage\":\"fr-FR\"}]}<\/script>\n<!-- \/ Yoast SEO plugin. -->","yoast_head_json":{"title":"Contact - Visit Gavarres","robots":{"index":"index","follow":"follow","max-snippet":"max-snippet:-1","max-image-preview":"max-image-preview:large","max-video-preview":"max-video-preview:-1"},"canonical":"https:\/\/visitgavarres.cat\/contacte\/","og_locale":"fr_FR","og_type":"article","og_title":"Contact - Visit Gavarres","og_description":"Profiter et prot\u00e9ger, l\u2019\u00e9quilibre parfait Ce site Web est le portail d\u2019accueil des visiteurs de l\u2019Espace naturel prot\u00e9g\u00e9 des Gavarres. Nous mettons ici \u00e0 votre disposition une s\u00e9lection de lieux remarquables, de centres d\u2019interpr\u00e9tation et d\u2019itin\u00e9raires pour le d\u00e9couvrir de mani\u00e8re respectueuse. Pour des informations plus d\u00e9taill\u00e9es sur ses valeurs et les actions men\u00e9es par [&hellip;]","og_url":"https:\/\/visitgavarres.cat\/contacte\/","og_site_name":"Visit Gavarres","article_modified_time":"2026-01-19T12:54:23+00:00","twitter_card":"summary_large_image","twitter_misc":{"Dur\u00e9e de lecture estim\u00e9e":"1 minute"},"schema":{"@context":"https:\/\/schema.org","@graph":[{"@type":"WebPage","@id":"https:\/\/visitgavarres.cat\/contacte\/","url":"https:\/\/visitgavarres.cat\/contacte\/","name":"Contact - Visit Gavarres","isPartOf":{"@id":"https:\/\/visitgavarres.cat\/#website"},"datePublished":"2025-08-05T06:11:19+00:00","dateModified":"2026-01-19T12:54:23+00:00","breadcrumb":{"@id":"https:\/\/visitgavarres.cat\/contacte\/#breadcrumb"},"inLanguage":"fr-FR","potentialAction":[{"@type":"ReadAction","target":["https:\/\/visitgavarres.cat\/contacte\/"]}]},{"@type":"BreadcrumbList","@id":"https:\/\/visitgavarres.cat\/contacte\/#breadcrumb","itemListElement":[{"@type":"ListItem","position":1,"name":"Inici","item":"https:\/\/visitgavarres.cat\/"},{"@type":"ListItem","position":2,"name":"Contact"}]},{"@type":"WebSite","@id":"https:\/\/visitgavarres.cat\/#website","url":"https:\/\/visitgavarres.cat\/","name":"Visit Gavarres","description":"Gaudeix Les Gavarres","potentialAction":[{"@type":"SearchAction","target":{"@type":"EntryPoint","urlTemplate":"https:\/\/visitgavarres.cat\/?s={search_term_string}"},"query-input":{"@type":"PropertyValueSpecification","valueRequired":true,"valueName":"search_term_string"}}],"inLanguage":"fr-FR"}]}},"_links":{"self":[{"href":"https:\/\/visitgavarres.cat\/fr\/wp-json\/wp\/v2\/pages\/1249","targetHints":{"allow":["GET"]}}],"collection":[{"href":"https:\/\/visitgavarres.cat\/fr\/wp-json\/wp\/v2\/pages"}],"about":[{"href":"https:\/\/visitgavarres.cat\/fr\/wp-json\/wp\/v2\/types\/page"}],"author":[{"embeddable":true,"href":"https:\/\/visitgavarres.cat\/fr\/wp-json\/wp\/v2\/users\/1"}],"replies":[{"embeddable":true,"href":"https:\/\/visitgavarres.cat\/fr\/wp-json\/wp\/v2\/comments?post=1249"}],"version-history":[{"count":2,"href":"https:\/\/visitgavarres.cat\/fr\/wp-json\/wp\/v2\/pages\/1249\/revisions"}],"predecessor-version":[{"id":1537,"href":"https:\/\/visitgavarres.cat\/fr\/wp-json\/wp\/v2\/pages\/1249\/revisions\/1537"}],"wp:attachment":[{"href":"https:\/\/visitgavarres.cat\/fr\/wp-json\/wp\/v2\/media?parent=1249"}],"curies":[{"name":"wp","href":"https:\/\/api.w.org\/{rel}","templated":true}]}}