{"id":1342,"date":"2025-08-05T08:10:41","date_gmt":"2025-08-05T06:10:41","guid":{"rendered":"https:\/\/visitgavarres.cat\/les-gavarres\/"},"modified":"2025-12-12T14:19:20","modified_gmt":"2025-12-12T12:19:20","slug":"les-gavarres","status":"publish","type":"page","link":"https:\/\/visitgavarres.cat\/fr\/les-gavarres\/","title":{"rendered":"Les Gavarres"},"content":{"rendered":"\t\t<div data-elementor-type=\"wp-page\" data-elementor-id=\"1342\" class=\"elementor elementor-1342 elementor-48\" data-elementor-post-type=\"page\">\n\t\t\t\t<div class=\"elementor-element elementor-element-0b3225f e-flex e-con-boxed e-con e-parent\" data-id=\"0b3225f\" data-element_type=\"container\" data-e-type=\"container\" id=\"content\">\n\t\t\t\t\t<div class=\"e-con-inner\">\n\t\t\t\t<div class=\"elementor-element elementor-element-a48e9d0 elementor-widget__width-initial elementor-widget elementor-widget-heading\" data-id=\"a48e9d0\" data-element_type=\"widget\" data-e-type=\"widget\" data-widget_type=\"heading.default\">\n\t\t\t\t<div class=\"elementor-widget-container\">\n\t\t\t\t\t<h1 class=\"elementor-heading-title elementor-size-default\">Les Gavarres : nature et culture, paysage et histoire<\/h1>\t\t\t\t<\/div>\n\t\t\t\t<\/div>\n\t\t\t\t<div class=\"elementor-element elementor-element-d3b71a6 elementor-widget elementor-widget-text-editor\" data-id=\"d3b71a6\" data-element_type=\"widget\" data-e-type=\"widget\" data-widget_type=\"text-editor.default\">\n\t\t\t\t<div class=\"elementor-widget-container\">\n\t\t\t\t\t\t\t\t\t<p>Entre les plaines de l\u2019Empord\u00e0 et du Giron\u00e8s, et \u00e0 c\u00f4t\u00e9 de la c\u00f4te de la Costa Brava, se dresse le massif des Gavarres, un espace naturel dans lequel l\u2019essence du paysage m\u00e9diterran\u00e9en est fortement pr\u00e9serv\u00e9e. Avec plus de 350\u00a0km\u00b2 de superficie, ce massif aux formes douces et aux vastes for\u00eats est entour\u00e9 de plaines travaill\u00e9es par l\u2019homme et jouxte le littoral m\u00e9diterran\u00e9en. Il cache une grande richesse \u00e9cologique, une longue histoire humaine et un patrimoine culturel vivant et accessible.<\/p>\n\t\t\t\t\t\t\t\t<\/div>\n\t\t\t\t<\/div>\n\t\t\t\t\t<\/div>\n\t\t\t\t<\/div>\n\t\t<div class=\"elementor-element elementor-element-0b2a276 e-con-full e-flex e-con e-parent\" data-id=\"0b2a276\" data-element_type=\"container\" data-e-type=\"container\">\n\t\t\t\t<div class=\"elementor-element elementor-element-a4bee03 elementor-widget elementor-widget-image\" data-id=\"a4bee03\" data-element_type=\"widget\" data-e-type=\"widget\" data-widget_type=\"image.default\">\n\t\t\t\t<div class=\"elementor-widget-container\">\n\t\t\t\t\t\t\t\t\t\t\t\t\t\t\t<img fetchpriority=\"high\" decoding=\"async\" width=\"1440\" height=\"418\" src=\"https:\/\/visitgavarres.cat\/wp-content\/uploads\/2025\/08\/GIRONAFLYECOCCIWINE20248.jpg.jpg\" class=\"attachment-full size-full wp-image-1339\" alt=\"Les gavarres des de l&#039;aire\" srcset=\"https:\/\/visitgavarres.cat\/wp-content\/uploads\/2025\/08\/GIRONAFLYECOCCIWINE20248.jpg.jpg 1440w, https:\/\/visitgavarres.cat\/wp-content\/uploads\/2025\/08\/GIRONAFLYECOCCIWINE20248.jpg-300x87.jpg 300w, https:\/\/visitgavarres.cat\/wp-content\/uploads\/2025\/08\/GIRONAFLYECOCCIWINE20248.jpg-1024x297.jpg 1024w, https:\/\/visitgavarres.cat\/wp-content\/uploads\/2025\/08\/GIRONAFLYECOCCIWINE20248.jpg-768x223.jpg 768w\" sizes=\"(max-width: 1440px) 100vw, 1440px\" \/>\t\t\t\t\t\t\t\t\t\t\t\t\t\t\t<\/div>\n\t\t\t\t<\/div>\n\t\t\t\t<\/div>\n\t\t<div class=\"elementor-element elementor-element-9793300 e-flex e-con-boxed e-con e-parent\" data-id=\"9793300\" data-element_type=\"container\" data-e-type=\"container\" data-settings=\"{&quot;background_background&quot;:&quot;classic&quot;}\">\n\t\t\t\t\t<div class=\"e-con-inner\">\n\t\t<div class=\"elementor-element elementor-element-ff136b2 e-con-full e-flex e-con e-child\" data-id=\"ff136b2\" data-element_type=\"container\" data-e-type=\"container\">\n\t\t\t\t<div class=\"elementor-element elementor-element-f6bddd8 elementor-widget elementor-widget-heading\" data-id=\"f6bddd8\" data-element_type=\"widget\" data-e-type=\"widget\" data-widget_type=\"heading.default\">\n\t\t\t\t<div class=\"elementor-widget-container\">\n\t\t\t\t\t<h2 class=\"elementor-heading-title elementor-size-default\">Un paysage charg\u00e9 d\u2019histoire<\/h2>\t\t\t\t<\/div>\n\t\t\t\t<\/div>\n\t\t\t\t<div class=\"elementor-element elementor-element-b085165 elementor-widget elementor-widget-text-editor\" data-id=\"b085165\" data-element_type=\"widget\" data-e-type=\"widget\" data-widget_type=\"text-editor.default\">\n\t\t\t\t<div class=\"elementor-widget-container\">\n\t\t\t\t\t\t\t\t\t<p>La pr\u00e9sence humaine dans les Gavarres remonte \u00e0 plus de 5\u00a0000\u00a0ans, avec des vestiges m\u00e9galithiques tels que des dolmens et des menhirs. Durant les p\u00e9riodes ib\u00e9rique et romaine, les zones autour du massif \u00e9taient intens\u00e9ment occup\u00e9es, tandis que l\u2019int\u00e9rieur \u00e9tait pratiquement inhabit\u00e9. Ce n\u2019est qu\u2019au Moyen \u00c2ge que le c\u0153ur des Gavarres s\u2019est structur\u00e9 autour de paroisses et de fermes. Cette organisation a perdur\u00e9 jusqu\u2019au d\u00e9but du XX<sup>e<\/sup>\u00a0si\u00e8cle, \u00e9poque \u00e0 laquelle les activit\u00e9s foresti\u00e8res \u2013\u00a0bois de chauffage, charbon, li\u00e8ge\u00a0\u2013 \u00e9taient le moteur \u00e9conomique de la r\u00e9gion.<\/p>\n\t\t\t\t\t\t\t\t<\/div>\n\t\t\t\t<\/div>\n\t\t\t\t<div class=\"elementor-element elementor-element-2fa9129 elementor-widget elementor-widget-heading\" data-id=\"2fa9129\" data-element_type=\"widget\" data-e-type=\"widget\" data-widget_type=\"heading.default\">\n\t\t\t\t<div class=\"elementor-widget-container\">\n\t\t\t\t\t<h3 class=\"elementor-heading-title elementor-size-default\">Un environnement naturel riche et diversifi\u00e9<\/h3>\t\t\t\t<\/div>\n\t\t\t\t<\/div>\n\t\t\t\t<div class=\"elementor-element elementor-element-1f0ae04 elementor-widget elementor-widget-text-editor\" data-id=\"1f0ae04\" data-element_type=\"widget\" data-e-type=\"widget\" data-widget_type=\"text-editor.default\">\n\t\t\t\t<div class=\"elementor-widget-container\">\n\t\t\t\t\t\t\t\t\t<p>Les Gavarres sont un massif ancien form\u00e9 de granites, d\u2019ardoises et de schistes, ce qui se traduit par une diversit\u00e9 de paysages\u00a0: vall\u00e9es \u00e9troites et ombrag\u00e9es au nord et douces ondulations au sud. Les for\u00eats de ch\u00eanes verts, for\u00eats denses et ombrag\u00e9es, abritent une faune tr\u00e8s vari\u00e9e, des oiseaux, des amphibiens et des mammif\u00e8res comme le sanglier et le blaireau. Les for\u00eats de ch\u00eanes-li\u00e8ges, plus clairsem\u00e9es et plus ensoleill\u00e9es, constituent l\u2019habitat id\u00e9al pour les reptiles et les insectes comme la nymphale de l\u2019arbousier. Au bord des cours d\u2019eau, les for\u00eats d\u2019aulnes et autres for\u00eats de rive offrent fra\u00eecheur et biodiversit\u00e9, avec des grenouilles, des couleuvres d\u2019eau et des oiseaux comme le martin-p\u00eacheur. Les fourr\u00e9s et les pin\u00e8des, r\u00e9sultat de la d\u00e9gradation ou du reboisement des for\u00eats, sont des espaces ouverts qui enrichissent le paysage et la faune.<\/p>\n\t\t\t\t\t\t\t\t<\/div>\n\t\t\t\t<\/div>\n\t\t\t\t<\/div>\n\t\t<div class=\"elementor-element elementor-element-3a8ecca e-con-full e-flex e-con e-child\" data-id=\"3a8ecca\" data-element_type=\"container\" data-e-type=\"container\">\n\t\t\t\t<div class=\"elementor-element elementor-element-4345416 elementor-widget elementor-widget-image\" data-id=\"4345416\" data-element_type=\"widget\" data-e-type=\"widget\" data-widget_type=\"image.default\">\n\t\t\t\t<div class=\"elementor-widget-container\">\n\t\t\t\t\t\t\t\t\t\t\t\t\t\t\t<img decoding=\"async\" width=\"833\" height=\"816\" src=\"https:\/\/visitgavarres.cat\/wp-content\/uploads\/2025\/09\/Rectangle-20-2.jpg\" class=\"attachment-full size-full wp-image-1340\" alt=\"\" srcset=\"https:\/\/visitgavarres.cat\/wp-content\/uploads\/2025\/09\/Rectangle-20-2.jpg 833w, https:\/\/visitgavarres.cat\/wp-content\/uploads\/2025\/09\/Rectangle-20-2-300x294.jpg 300w, https:\/\/visitgavarres.cat\/wp-content\/uploads\/2025\/09\/Rectangle-20-2-768x752.jpg 768w\" sizes=\"(max-width: 833px) 100vw, 833px\" \/>\t\t\t\t\t\t\t\t\t\t\t\t\t\t\t<\/div>\n\t\t\t\t<\/div>\n\t\t\t\t<\/div>\n\t\t\t\t\t<\/div>\n\t\t\t\t<\/div>\n\t\t<div class=\"elementor-element elementor-element-e311ea9 e-flex e-con-boxed e-con e-parent\" data-id=\"e311ea9\" data-element_type=\"container\" data-e-type=\"container\" data-settings=\"{&quot;background_background&quot;:&quot;classic&quot;}\">\n\t\t\t\t\t<div class=\"e-con-inner\">\n\t\t<div class=\"elementor-element elementor-element-9439d05 e-con-full e-flex e-con e-child\" data-id=\"9439d05\" data-element_type=\"container\" data-e-type=\"container\">\n\t\t\t\t<div class=\"elementor-element elementor-element-e13b6b2 elementor-widget elementor-widget-heading\" data-id=\"e13b6b2\" data-element_type=\"widget\" data-e-type=\"widget\" data-widget_type=\"heading.default\">\n\t\t\t\t<div class=\"elementor-widget-container\">\n\t\t\t\t\t<h3 class=\"elementor-heading-title elementor-size-default\">Une for\u00eat habit\u00e9e et travaill\u00e9e<\/h3>\t\t\t\t<\/div>\n\t\t\t\t<\/div>\n\t\t\t\t<div class=\"elementor-element elementor-element-c6fed76 elementor-widget elementor-widget-text-editor\" data-id=\"c6fed76\" data-element_type=\"widget\" data-e-type=\"widget\" data-widget_type=\"text-editor.default\">\n\t\t\t\t<div class=\"elementor-widget-container\">\n\t\t\t\t\t\t\t\t\t<p>La relation entre l\u2019homme et la for\u00eat a toujours \u00e9t\u00e9 \u00e9troite\u00a0: depuis les piles de charbon de bois qui alimentaient les fours et les cuisines, jusqu\u2019\u00e0 l\u2019exploitation du li\u00e8ge, qui a donn\u00e9 naissance \u00e0 une puissante industrie locale. Cette cohabitation a laiss\u00e9 un riche patrimoine ethnologique\u00a0: fours \u00e0 chaux, tuileries-briqueteries, puits \u00e0 glace, chemins muletiers, fontaines et canaux d\u2019irrigation. Une partie de ce patrimoine a \u00e9t\u00e9 r\u00e9cup\u00e9r\u00e9e gr\u00e2ce \u00e0 des initiatives locales qui valorisent la m\u00e9moire et l\u2019identit\u00e9 du territoire.<\/p>\n\t\t\t\t\t\t\t\t<\/div>\n\t\t\t\t<\/div>\n\t\t\t\t<div class=\"elementor-element elementor-element-f25cefa elementor-widget elementor-widget-heading\" data-id=\"f25cefa\" data-element_type=\"widget\" data-e-type=\"widget\" data-widget_type=\"heading.default\">\n\t\t\t\t<div class=\"elementor-widget-container\">\n\t\t\t\t\t<h3 class=\"elementor-heading-title elementor-size-default\">Protection et avenir durable<\/h3>\t\t\t\t<\/div>\n\t\t\t\t<\/div>\n\t\t\t\t<div class=\"elementor-element elementor-element-fc32419 elementor-widget elementor-widget-text-editor\" data-id=\"fc32419\" data-element_type=\"widget\" data-e-type=\"widget\" data-widget_type=\"text-editor.default\">\n\t\t\t\t<div class=\"elementor-widget-container\">\n\t\t\t\t\t\t\t\t\t<p>Les Gavarres ont \u00e9t\u00e9 class\u00e9es Espace d\u2019int\u00e9r\u00eat naturel (EIN) en\u00a01992, avec une zone prot\u00e9g\u00e9e de pr\u00e8s de 29\u00a0000\u00a0ha. Le Consortium des Gavarres, cr\u00e9\u00e9 en\u00a01998, assure la conservation et la gestion durable du massif, avec la participation des communes, des institutions et des organismes locaux. L\u2019objectif est de pr\u00e9server les valeurs naturelles et culturelles, d\u2019encourager l\u2019\u00e9ducation environnementale et de promouvoir un tourisme respectueux.<\/p>\n\t\t\t\t\t\t\t\t<\/div>\n\t\t\t\t<\/div>\n\t\t\t\t<\/div>\n\t\t<div class=\"elementor-element elementor-element-46e44e9 e-con-full e-flex e-con e-child\" data-id=\"46e44e9\" data-element_type=\"container\" data-e-type=\"container\">\n\t\t\t\t<div class=\"elementor-element elementor-element-73a8c19 elementor-widget elementor-widget-image\" data-id=\"73a8c19\" data-element_type=\"widget\" data-e-type=\"widget\" data-widget_type=\"image.default\">\n\t\t\t\t<div class=\"elementor-widget-container\">\n\t\t\t\t\t\t\t\t\t\t\t\t\t\t\t<img decoding=\"async\" width=\"833\" height=\"779\" src=\"https:\/\/visitgavarres.cat\/wp-content\/uploads\/2025\/09\/Rectangle-20-1-1-1.jpg\" class=\"attachment-full size-full wp-image-1341\" alt=\"\" srcset=\"https:\/\/visitgavarres.cat\/wp-content\/uploads\/2025\/09\/Rectangle-20-1-1-1.jpg 833w, https:\/\/visitgavarres.cat\/wp-content\/uploads\/2025\/09\/Rectangle-20-1-1-1-300x281.jpg 300w, https:\/\/visitgavarres.cat\/wp-content\/uploads\/2025\/09\/Rectangle-20-1-1-1-768x718.jpg 768w\" sizes=\"(max-width: 833px) 100vw, 833px\" \/>\t\t\t\t\t\t\t\t\t\t\t\t\t\t\t<\/div>\n\t\t\t\t<\/div>\n\t\t\t\t<\/div>\n\t\t\t\t\t<\/div>\n\t\t\t\t<\/div>\n\t\t<div class=\"elementor-element elementor-element-ca8879c e-flex e-con-boxed e-con e-parent\" data-id=\"ca8879c\" data-element_type=\"container\" data-e-type=\"container\">\n\t\t\t\t\t<div class=\"e-con-inner\">\n\t\t\t\t<div class=\"elementor-element elementor-element-65a0382 elementor-widget elementor-widget-image\" data-id=\"65a0382\" data-element_type=\"widget\" data-e-type=\"widget\" data-widget_type=\"image.default\">\n\t\t\t\t<div class=\"elementor-widget-container\">\n\t\t\t\t\t\t\t\t\t\t\t\t\t\t\t<img loading=\"lazy\" decoding=\"async\" width=\"1\" height=\"1\" src=\"https:\/\/visitgavarres.cat\/wp-content\/uploads\/2025\/08\/flechaverde.svg\" class=\"attachment-large size-large wp-image-1334\" alt=\"fletxa avall\" \/>\t\t\t\t\t\t\t\t\t\t\t\t\t\t\t<\/div>\n\t\t\t\t<\/div>\n\t\t\t\t<div class=\"elementor-element elementor-element-a223d07 elementor-widget elementor-widget-heading\" data-id=\"a223d07\" data-element_type=\"widget\" data-e-type=\"widget\" data-widget_type=\"heading.default\">\n\t\t\t\t<div class=\"elementor-widget-container\">\n\t\t\t\t\t<h2 class=\"elementor-heading-title elementor-size-default\">D\u00e9couvrez les Gavarres. Un territoire \u00e0 appr\u00e9cier et \u00e0 prot\u00e9ger<\/h2>\t\t\t\t<\/div>\n\t\t\t\t<\/div>\n\t\t\t\t<div class=\"elementor-element elementor-element-5542207 elementor-widget elementor-widget-text-editor\" data-id=\"5542207\" data-element_type=\"widget\" data-e-type=\"widget\" data-widget_type=\"text-editor.default\">\n\t\t\t\t<div class=\"elementor-widget-container\">\n\t\t\t\t\t\t\t\t\t<p>Gr\u00e2ce \u00e0 un r\u00e9seau de sentiers balis\u00e9s et d\u2019activit\u00e9s guid\u00e9es, il est possible de d\u00e9couvrir des endroits charg\u00e9s d\u2019histoire, de profiter de la biodiversit\u00e9 et de sentir l\u2019union avec un paysage qui a su pr\u00e9server son essence au fil des si\u00e8cles.<\/p>\n\t\t\t\t\t\t\t\t<\/div>\n\t\t\t\t<\/div>\n\t\t<div class=\"elementor-element elementor-element-c0aadef e-con-full e-flex e-con e-child\" data-id=\"c0aadef\" data-element_type=\"container\" data-e-type=\"container\">\n\t\t\t\t<div class=\"elementor-element elementor-element-21a5da4 elementor-widget__width-auto botonsubrayado elementor-widget elementor-widget-heading\" data-id=\"21a5da4\" data-element_type=\"widget\" data-e-type=\"widget\" data-widget_type=\"heading.default\">\n\t\t\t\t<div class=\"elementor-widget-container\">\n\t\t\t\t\t<h2 class=\"elementor-heading-title elementor-size-default\"><a href=\"https:\/\/visitgavarres.cat\/contacte\/\">Contactez-nous<\/a><\/h2>\t\t\t\t<\/div>\n\t\t\t\t<\/div>\n\t\t\t\t<div class=\"elementor-element elementor-element-c90d358 elementor-widget__width-auto botonsubrayado elementor-widget elementor-widget-heading\" data-id=\"c90d358\" data-element_type=\"widget\" data-e-type=\"widget\" data-widget_type=\"heading.default\">\n\t\t\t\t<div class=\"elementor-widget-container\">\n\t\t\t\t\t<h2 class=\"elementor-heading-title elementor-size-default\"><a href=\"https:\/\/www.gavarres.cat\/\" target=\"_blank\">Consortium des Gavarres<\/a><\/h2>\t\t\t\t<\/div>\n\t\t\t\t<\/div>\n\t\t\t\t<\/div>\n\t\t\t\t\t<\/div>\n\t\t\t\t<\/div>\n\t\t\t\t<\/div>\n\t\t","protected":false},"excerpt":{"rendered":"<p>Les Gavarres : nature et culture, paysage et histoire Entre les plaines de l\u2019Empord\u00e0 et du Giron\u00e8s, et \u00e0 c\u00f4t\u00e9 de la c\u00f4te de la Costa Brava, se dresse le massif des Gavarres, un espace naturel dans lequel l\u2019essence du paysage m\u00e9diterran\u00e9en est fortement pr\u00e9serv\u00e9e. Avec plus de 350\u00a0km\u00b2 de superficie, ce massif aux formes [&hellip;]<\/p>\n","protected":false},"author":1,"featured_media":0,"parent":0,"menu_order":0,"comment_status":"closed","ping_status":"closed","template":"elementor_header_footer","meta":{"_acf_changed":false,"footnotes":""},"class_list":["post-1342","page","type-page","status-publish","hentry"],"acf":[],"yoast_head":"<!-- This site is optimized with the Yoast SEO plugin v27.0 - https:\/\/yoast.com\/product\/yoast-seo-wordpress\/ -->\n<title>Les Gavarres - Visit Gavarres<\/title>\n<meta name=\"robots\" content=\"index, follow, max-snippet:-1, max-image-preview:large, max-video-preview:-1\" \/>\n<link rel=\"canonical\" href=\"https:\/\/visitgavarres.cat\/les-gavarres\/\" \/>\n<meta property=\"og:locale\" content=\"fr_FR\" \/>\n<meta property=\"og:type\" content=\"article\" \/>\n<meta property=\"og:title\" content=\"Les Gavarres - Visit Gavarres\" \/>\n<meta property=\"og:description\" content=\"Les Gavarres : nature et culture, paysage et histoire Entre les plaines de l\u2019Empord\u00e0 et du Giron\u00e8s, et \u00e0 c\u00f4t\u00e9 de la c\u00f4te de la Costa Brava, se dresse le massif des Gavarres, un espace naturel dans lequel l\u2019essence du paysage m\u00e9diterran\u00e9en est fortement pr\u00e9serv\u00e9e. Avec plus de 350\u00a0km\u00b2 de superficie, ce massif aux formes [&hellip;]\" \/>\n<meta property=\"og:url\" content=\"https:\/\/visitgavarres.cat\/les-gavarres\/\" \/>\n<meta property=\"og:site_name\" content=\"Visit Gavarres\" \/>\n<meta property=\"article:modified_time\" content=\"2025-12-12T12:19:20+00:00\" \/>\n<meta property=\"og:image\" content=\"https:\/\/visitgavarres.cat\/wp-content\/uploads\/2025\/08\/GIRONAFLYECOCCIWINE20248.jpg.jpg\" \/>\n\t<meta property=\"og:image:width\" content=\"1440\" \/>\n\t<meta property=\"og:image:height\" content=\"418\" \/>\n\t<meta property=\"og:image:type\" content=\"image\/jpeg\" \/>\n<meta name=\"twitter:card\" content=\"summary_large_image\" \/>\n<meta name=\"twitter:label1\" content=\"Dur\u00e9e de lecture estim\u00e9e\" \/>\n\t<meta name=\"twitter:data1\" content=\"3 minutes\" \/>\n<script type=\"application\/ld+json\" class=\"yoast-schema-graph\">{\"@context\":\"https:\/\/schema.org\",\"@graph\":[{\"@type\":\"WebPage\",\"@id\":\"https:\/\/visitgavarres.cat\/les-gavarres\/\",\"url\":\"https:\/\/visitgavarres.cat\/les-gavarres\/\",\"name\":\"Les Gavarres - Visit Gavarres\",\"isPartOf\":{\"@id\":\"https:\/\/visitgavarres.cat\/#website\"},\"primaryImageOfPage\":{\"@id\":\"https:\/\/visitgavarres.cat\/les-gavarres\/#primaryimage\"},\"image\":{\"@id\":\"https:\/\/visitgavarres.cat\/les-gavarres\/#primaryimage\"},\"thumbnailUrl\":\"https:\/\/visitgavarres.cat\/wp-content\/uploads\/2025\/08\/GIRONAFLYECOCCIWINE20248.jpg.jpg\",\"datePublished\":\"2025-08-05T06:10:41+00:00\",\"dateModified\":\"2025-12-12T12:19:20+00:00\",\"breadcrumb\":{\"@id\":\"https:\/\/visitgavarres.cat\/les-gavarres\/#breadcrumb\"},\"inLanguage\":\"fr-FR\",\"potentialAction\":[{\"@type\":\"ReadAction\",\"target\":[\"https:\/\/visitgavarres.cat\/les-gavarres\/\"]}]},{\"@type\":\"ImageObject\",\"inLanguage\":\"fr-FR\",\"@id\":\"https:\/\/visitgavarres.cat\/les-gavarres\/#primaryimage\",\"url\":\"https:\/\/visitgavarres.cat\/wp-content\/uploads\/2025\/08\/GIRONAFLYECOCCIWINE20248.jpg.jpg\",\"contentUrl\":\"https:\/\/visitgavarres.cat\/wp-content\/uploads\/2025\/08\/GIRONAFLYECOCCIWINE20248.jpg.jpg\"},{\"@type\":\"BreadcrumbList\",\"@id\":\"https:\/\/visitgavarres.cat\/les-gavarres\/#breadcrumb\",\"itemListElement\":[{\"@type\":\"ListItem\",\"position\":1,\"name\":\"Inici\",\"item\":\"https:\/\/visitgavarres.cat\/\"},{\"@type\":\"ListItem\",\"position\":2,\"name\":\"Les Gavarres\"}]},{\"@type\":\"WebSite\",\"@id\":\"https:\/\/visitgavarres.cat\/#website\",\"url\":\"https:\/\/visitgavarres.cat\/\",\"name\":\"Visit Gavarres\",\"description\":\"Gaudeix Les Gavarres\",\"potentialAction\":[{\"@type\":\"SearchAction\",\"target\":{\"@type\":\"EntryPoint\",\"urlTemplate\":\"https:\/\/visitgavarres.cat\/?s={search_term_string}\"},\"query-input\":{\"@type\":\"PropertyValueSpecification\",\"valueRequired\":true,\"valueName\":\"search_term_string\"}}],\"inLanguage\":\"fr-FR\"}]}<\/script>\n<!-- \/ Yoast SEO plugin. -->","yoast_head_json":{"title":"Les Gavarres - Visit Gavarres","robots":{"index":"index","follow":"follow","max-snippet":"max-snippet:-1","max-image-preview":"max-image-preview:large","max-video-preview":"max-video-preview:-1"},"canonical":"https:\/\/visitgavarres.cat\/les-gavarres\/","og_locale":"fr_FR","og_type":"article","og_title":"Les Gavarres - Visit Gavarres","og_description":"Les Gavarres : nature et culture, paysage et histoire Entre les plaines de l\u2019Empord\u00e0 et du Giron\u00e8s, et \u00e0 c\u00f4t\u00e9 de la c\u00f4te de la Costa Brava, se dresse le massif des Gavarres, un espace naturel dans lequel l\u2019essence du paysage m\u00e9diterran\u00e9en est fortement pr\u00e9serv\u00e9e. Avec plus de 350\u00a0km\u00b2 de superficie, ce massif aux formes [&hellip;]","og_url":"https:\/\/visitgavarres.cat\/les-gavarres\/","og_site_name":"Visit Gavarres","article_modified_time":"2025-12-12T12:19:20+00:00","og_image":[{"width":1440,"height":418,"url":"https:\/\/visitgavarres.cat\/wp-content\/uploads\/2025\/08\/GIRONAFLYECOCCIWINE20248.jpg.jpg","type":"image\/jpeg"}],"twitter_card":"summary_large_image","twitter_misc":{"Dur\u00e9e de lecture estim\u00e9e":"3 minutes"},"schema":{"@context":"https:\/\/schema.org","@graph":[{"@type":"WebPage","@id":"https:\/\/visitgavarres.cat\/les-gavarres\/","url":"https:\/\/visitgavarres.cat\/les-gavarres\/","name":"Les Gavarres - Visit Gavarres","isPartOf":{"@id":"https:\/\/visitgavarres.cat\/#website"},"primaryImageOfPage":{"@id":"https:\/\/visitgavarres.cat\/les-gavarres\/#primaryimage"},"image":{"@id":"https:\/\/visitgavarres.cat\/les-gavarres\/#primaryimage"},"thumbnailUrl":"https:\/\/visitgavarres.cat\/wp-content\/uploads\/2025\/08\/GIRONAFLYECOCCIWINE20248.jpg.jpg","datePublished":"2025-08-05T06:10:41+00:00","dateModified":"2025-12-12T12:19:20+00:00","breadcrumb":{"@id":"https:\/\/visitgavarres.cat\/les-gavarres\/#breadcrumb"},"inLanguage":"fr-FR","potentialAction":[{"@type":"ReadAction","target":["https:\/\/visitgavarres.cat\/les-gavarres\/"]}]},{"@type":"ImageObject","inLanguage":"fr-FR","@id":"https:\/\/visitgavarres.cat\/les-gavarres\/#primaryimage","url":"https:\/\/visitgavarres.cat\/wp-content\/uploads\/2025\/08\/GIRONAFLYECOCCIWINE20248.jpg.jpg","contentUrl":"https:\/\/visitgavarres.cat\/wp-content\/uploads\/2025\/08\/GIRONAFLYECOCCIWINE20248.jpg.jpg"},{"@type":"BreadcrumbList","@id":"https:\/\/visitgavarres.cat\/les-gavarres\/#breadcrumb","itemListElement":[{"@type":"ListItem","position":1,"name":"Inici","item":"https:\/\/visitgavarres.cat\/"},{"@type":"ListItem","position":2,"name":"Les Gavarres"}]},{"@type":"WebSite","@id":"https:\/\/visitgavarres.cat\/#website","url":"https:\/\/visitgavarres.cat\/","name":"Visit Gavarres","description":"Gaudeix Les Gavarres","potentialAction":[{"@type":"SearchAction","target":{"@type":"EntryPoint","urlTemplate":"https:\/\/visitgavarres.cat\/?s={search_term_string}"},"query-input":{"@type":"PropertyValueSpecification","valueRequired":true,"valueName":"search_term_string"}}],"inLanguage":"fr-FR"}]}},"_links":{"self":[{"href":"https:\/\/visitgavarres.cat\/fr\/wp-json\/wp\/v2\/pages\/1342","targetHints":{"allow":["GET"]}}],"collection":[{"href":"https:\/\/visitgavarres.cat\/fr\/wp-json\/wp\/v2\/pages"}],"about":[{"href":"https:\/\/visitgavarres.cat\/fr\/wp-json\/wp\/v2\/types\/page"}],"author":[{"embeddable":true,"href":"https:\/\/visitgavarres.cat\/fr\/wp-json\/wp\/v2\/users\/1"}],"replies":[{"embeddable":true,"href":"https:\/\/visitgavarres.cat\/fr\/wp-json\/wp\/v2\/comments?post=1342"}],"version-history":[{"count":2,"href":"https:\/\/visitgavarres.cat\/fr\/wp-json\/wp\/v2\/pages\/1342\/revisions"}],"predecessor-version":[{"id":1545,"href":"https:\/\/visitgavarres.cat\/fr\/wp-json\/wp\/v2\/pages\/1342\/revisions\/1545"}],"wp:attachment":[{"href":"https:\/\/visitgavarres.cat\/fr\/wp-json\/wp\/v2\/media?parent=1342"}],"curies":[{"name":"wp","href":"https:\/\/api.w.org\/{rel}","templated":true}]}}