{"id":1348,"date":"2025-08-05T09:37:49","date_gmt":"2025-08-05T07:37:49","guid":{"rendered":"https:\/\/visitgavarres.cat\/politique-de-cookies\/"},"modified":"2025-12-12T14:19:48","modified_gmt":"2025-12-12T12:19:48","slug":"politique-de-cookies","status":"publish","type":"page","link":"https:\/\/visitgavarres.cat\/fr\/politique-de-cookies\/","title":{"rendered":"Politique de cookies"},"content":{"rendered":"\t\t<div data-elementor-type=\"wp-page\" data-elementor-id=\"1348\" class=\"elementor elementor-1348 elementor-162\" data-elementor-post-type=\"page\">\n\t\t\t\t<div class=\"elementor-element elementor-element-6c0f205 e-flex e-con-boxed e-con e-parent\" data-id=\"6c0f205\" data-element_type=\"container\" data-e-type=\"container\">\n\t\t\t\t\t<div class=\"e-con-inner\">\n\t\t\t\t<div class=\"elementor-element elementor-element-326c401 elementor-widget elementor-widget-text-editor\" data-id=\"326c401\" data-element_type=\"widget\" data-e-type=\"widget\" data-widget_type=\"text-editor.default\">\n\t\t\t\t<div class=\"elementor-widget-container\">\n\t\t\t\t\t\t\t\t\t<h1 class=\"entry-title\">Politique de cookies<\/h1>\n<p>Qu\u2019est-ce que les cookies\u00a0?<\/p>\n<p>Les cookies sont de petits fichiers de donn\u00e9es qui sont re\u00e7us sur le terminal \u00e0 partir du site web visit\u00e9 et qui sont utilis\u00e9s pour enregistrer certaines interactions de la navigation sur un site web en stockant des donn\u00e9es qui peuvent \u00eatre mises \u00e0 jour et r\u00e9cup\u00e9r\u00e9es. Ces fichiers sont stock\u00e9s sur l\u2019ordinateur de l\u2019utilisateur et contiennent des donn\u00e9es anonymes qui ne sont pas pr\u00e9judiciables \u00e0 son \u00e9quipement. Ils sont utilis\u00e9s pour m\u00e9moriser les pr\u00e9f\u00e9rences de l\u2019utilisateur, telles que la langue s\u00e9lectionn\u00e9e, les donn\u00e9es d\u2019acc\u00e8s ou la personnalisation de la page.<\/p>\n<p>Les cookies peuvent \u00e9galement \u00eatre utilis\u00e9s pour enregistrer des informations anonymes sur la mani\u00e8re dont un visiteur utilise un site. Par exemple, depuis quelle page web il a acc\u00e9d\u00e9 au site, ou s\u2019il a utilis\u00e9 une banni\u00e8re publicitaire pour y arriver.<\/p>\n<p>Pourquoi ce site web utilise-t-il des cookies\u00a0?<\/p>\n<p>Le Consortium des Gavarres utilise des cookies strictement n\u00e9cessaires et essentiels pour que vous puissiez utiliser nos sites web et naviguer librement, utiliser des zones s\u00e9curis\u00e9es, des options personnalis\u00e9es, etc. Ils sont utilis\u00e9s pour aider \u00e0 am\u00e9liorer le service client, en mesurant l\u2019utilisation et les performances de la page, pour l\u2019optimiser et la personnaliser.<\/p>\n<p>Nos sites peuvent \u00e9galement contenir des liens vers des r\u00e9seaux sociaux (tels que Facebook ou Twitter). Le Consortium des Gavarres ne contr\u00f4le pas les cookies utilis\u00e9s par ces sites web externes. Pour plus d\u2019informations sur les cookies des r\u00e9seaux sociaux ou d\u2019autres sites web externes, nous vous conseillons de consulter leurs propres politiques de cookies.<\/p>\n<p>Quelle utilisation faisons-nous des diff\u00e9rents types de cookies\u00a0?<\/p>\n<p>Selon leur finalit\u00e9<\/p>\n<p>Cookies techniques\u00a0 Les cookies techniques sont ceux qui sont indispensables et strictement n\u00e9cessaires au bon fonctionnement d\u2019un site web et \u00e0 l\u2019utilisation des diff\u00e9rentes options et services qu\u2019il offre.<\/p>\n<p>Par exemple, ceux qui servent au maintien de la session, \u00e0 la gestion du temps de r\u00e9ponse, au rendement ou \u00e0 la validation des options, \u00e0 l\u2019utilisation d\u2019\u00e9l\u00e9ments de s\u00e9curit\u00e9, au partage de contenu avec les r\u00e9seaux sociaux, etc.<\/p>\n<p>Cookies de personnalisation\u00a0\u00a0\u00a0\u00a0\u00a0\u00a0\u00a0\u00a0\u00a0\u00a0\u00a0\u00a0 Ces cookies permettent \u00e0 l\u2019utilisateur de sp\u00e9cifier ou de personnaliser certaines caract\u00e9ristiques des options g\u00e9n\u00e9rales du site web, par exemple d\u00e9finir la langue, la configuration r\u00e9gionale ou le type de navigateur.<\/p>\n<p>Cookies analytiques Les cookies analytiques sont ceux utilis\u00e9s par nos portails Web pour \u00e9laborer des profils de navigation et conna\u00eetre les pr\u00e9f\u00e9rences des utilisateurs de ces portails afin d\u2019am\u00e9liorer l\u2019offre de produits et de services.<\/p>\n<p>Par exemple, un cookie analytique permet de contr\u00f4ler les zones g\u00e9ographiques qui int\u00e9ressent le plus un utilisateur, quel est le produit le plus appr\u00e9ci\u00e9, etc.<\/p>\n<p>Cookies publicitaires \/ de publicit\u00e9\u00a0\u00a0\u00a0\u00a0\u00a0\u00a0\u00a0\u00a0\u00a0\u00a0\u00a0\u00a0\u00a0\u00a0 Les cookies publicitaires permettent de g\u00e9rer les espaces publicitaires en fonction de crit\u00e8res concrets. Par exemple, la fr\u00e9quence d\u2019acc\u00e8s, le contenu \u00e9dit\u00e9, etc.<\/p>\n<p>Les cookies publicitaires permettent, gr\u00e2ce \u00e0 la gestion de la publicit\u00e9, de stocker des informations sur le comportement en observant les habitudes, en \u00e9tudiant les acc\u00e8s et en dressant un profil des pr\u00e9f\u00e9rences de l\u2019utilisateur, afin de proposer une publicit\u00e9 en rapport avec les int\u00e9r\u00eats de son profil.<\/p>\n<p>Selon leur dur\u00e9e<\/p>\n<p>Cookies de session\u00a0\u00a0 Les cookies de session sont ceux qui durent le temps que l\u2019utilisateur navigue sur le site web et qui sont supprim\u00e9s \u00e0 la fin.<\/p>\n<p>Cookies persistants Ces cookies restent stock\u00e9s dans le terminal de l\u2019utilisateur pendant une p\u00e9riode plus longue, facilitant ainsi le contr\u00f4le des pr\u00e9f\u00e9rences choisies sans avoir \u00e0 r\u00e9p\u00e9ter certains param\u00e8tres \u00e0 chaque visite du site web.<\/p>\n<p>Cookies essentiels<\/p>\n<p>Nom\u00a0\u00a0\u00a0 Titulaire\u00a0\u00a0\u00a0\u00a0\u00a0\u00a0\u00a0\u00a0\u00a0\u00a0\u00a0\u00a0 Dur\u00e9e\u00a0 Finalit\u00e9<\/p>\n<p>rgpdModel\u00a0\u00a0\u00a0\u00a0\u00a0\u00a0 Propre Illimit\u00e9 Collecte la validation des cookies<\/p>\n<p>rgpdModelGroup\u00a0\u00a0\u00a0\u00a0\u00a0\u00a0\u00a0 Propre Illimit\u00e9 Collecte le nombre de groupes de cookies<\/p>\n<p>group_1\u00a0\u00a0\u00a0\u00a0\u00a0\u00a0\u00a0\u00a0\u00a0\u00a0\u00a0\u00a0 Propre Illimit\u00e9 Collecte l\u2019acceptation ou non du groupe\u00a01<\/p>\n<p>group_2\u00a0\u00a0\u00a0\u00a0\u00a0\u00a0\u00a0\u00a0\u00a0\u00a0\u00a0\u00a0 Propre Illimit\u00e9 Collecte l\u2019acceptation ou non du groupe\u00a02<\/p>\n<p>group_3\u00a0\u00a0\u00a0\u00a0\u00a0\u00a0\u00a0\u00a0\u00a0\u00a0\u00a0\u00a0 Propre Illimit\u00e9 Collecte l\u2019acceptation ou non du groupe\u00a03<\/p>\n<p>Cookies Fonctionnalit\u00e9<\/p>\n<p>Nom\u00a0\u00a0\u00a0 Titulaire\u00a0\u00a0\u00a0\u00a0\u00a0\u00a0\u00a0\u00a0\u00a0\u00a0\u00a0\u00a0 Dur\u00e9e\u00a0 Finalit\u00e9<\/p>\n<p>PHPSESSID\u00a0\u00a0\u00a0\u00a0 Propre Illimit\u00e9 M\u00e9moriser la langue<\/p>\n<p>Cookies analytiques<\/p>\n<p>Nom\u00a0\u00a0\u00a0 Titulaire\u00a0\u00a0\u00a0\u00a0\u00a0\u00a0\u00a0\u00a0\u00a0\u00a0\u00a0\u00a0 Dur\u00e9e\u00a0 Finalit\u00e9<\/p>\n<p>_gat_gtag_UA_2961313_1\u00a0\u00a0\u00a0 Google Analytics\u00a0\u00a0\u00a0\u00a0\u00a0\u00a0\u00a0 30\u00a0min.\u00a0\u00a0\u00a0\u00a0\u00a0\u00a0\u00a0\u00a0\u00a0\u00a0\u00a0\u00a0\u00a0 Consulter<\/p>\n<p>_gid\u00a0\u00a0\u00a0\u00a0\u00a0 Google Analytics\u00a0\u00a0\u00a0\u00a0\u00a0\u00a0\u00a0 30\u00a0min.\u00a0\u00a0\u00a0\u00a0\u00a0\u00a0\u00a0\u00a0\u00a0\u00a0\u00a0\u00a0\u00a0 Consulter<\/p>\n<p>_ga\u00a0\u00a0\u00a0\u00a0\u00a0\u00a0\u00a0 Google Analytics\u00a0\u00a0\u00a0\u00a0\u00a0\u00a0\u00a0 2\u00a0ans\u00a0\u00a0 Consulter<\/p>\n<p>Cookies Publicit\u00e9<\/p>\n<p>Nom\u00a0\u00a0\u00a0 Titulaire\u00a0\u00a0\u00a0\u00a0\u00a0\u00a0\u00a0\u00a0\u00a0\u00a0\u00a0\u00a0 Dur\u00e9e\u00a0 Finalit\u00e9<\/p>\n<p>N\/A\u00a0\u00a0\u00a0\u00a0\u00a0\u00a0 N\/A\u00a0\u00a0\u00a0\u00a0\u00a0\u00a0 N\/A\u00a0\u00a0\u00a0\u00a0\u00a0\u00a0\u00a0 N\/A<\/p>\n<p>Et si je ne souhaite pas accepter ces cookies ou ne fais rien \u00e0 ce sujet\u00a0?<\/p>\n<p>Pour respecter la l\u00e9gislation en vigueur, nous devons vous demander votre autorisation pour g\u00e9rer les cookies. Si vous d\u00e9cidez de ne pas autoriser leur traitement en indiquant votre d\u00e9saccord, nous n\u2019utiliserons que les cookies techniques, car ils sont indispensables \u00e0 la navigation sur notre site web. Dans ce cas, nous ne stockerons aucun cookie. Si vous continuez \u00e0 naviguer sur notre site web sans refuser, cela signifie que vous acceptez leur utilisation.<\/p>\n<p>Veuillez noter que si vous refusez ou supprimez les cookies de navigation, nous ne pourrons pas conserver vos pr\u00e9f\u00e9rences, certaines fonctionnalit\u00e9s des pages ne seront pas op\u00e9rationnelles, nous ne pourrons pas vous offrir de services personnalis\u00e9s et chaque fois que vous naviguerez sur notre site web, nous devrons vous demander \u00e0 nouveau votre autorisation pour l\u2019utilisation des cookies.<\/p>\n<p>Si vous d\u00e9cidez n\u00e9anmoins de modifier la configuration de votre acc\u00e8s au site web, sachez qu\u2019il est possible de supprimer les cookies ou d\u2019emp\u00eacher l\u2019enregistrement de ces informations sur votre \u00e9quipement \u00e0 tout moment en modifiant les param\u00e8tres de configuration de votre navigateur\u00a0:<\/p>\n<p>Configuration des cookies avec Internet Explorer<\/p>\n<p>Configuration des cookies avec Firefox<\/p>\n<p>Configuration des cookies avec Google Chrome<\/p>\n<p>Configuration des cookies avec Safari<\/p>\n<p>Ces navigateurs sont soumis \u00e0 des mises \u00e0 jour ou \u00e0 des modifications, nous ne pouvons donc pas garantir qu\u2019ils correspondent parfaitement \u00e0 la version de votre navigateur. Il se peut \u00e9galement que vous utilisiez un autre navigateur non pris en compte dans ces liens, tel que Konqueror, Arora, Flock, etc. Pour \u00e9viter ces probl\u00e8mes, vous pouvez acc\u00e9der directement aux options de votre navigateur, qui se trouvent g\u00e9n\u00e9ralement dans le menu Options, dans la section \u00ab\u00a0Confidentialit\u00e9\u00a0\u00bb. Veuillez consulter l\u2019aide de votre navigateur pour plus d\u2019informations.<\/p>\n\t\t\t\t\t\t\t\t<\/div>\n\t\t\t\t<\/div>\n\t\t\t\t\t<\/div>\n\t\t\t\t<\/div>\n\t\t\t\t<\/div>\n\t\t","protected":false},"excerpt":{"rendered":"<p>Politique de cookies Qu\u2019est-ce que les cookies\u00a0? Les cookies sont de petits fichiers de donn\u00e9es qui sont re\u00e7us sur le terminal \u00e0 partir du site web visit\u00e9 et qui sont utilis\u00e9s pour enregistrer certaines interactions de la navigation sur un site web en stockant des donn\u00e9es qui peuvent \u00eatre mises \u00e0 jour et r\u00e9cup\u00e9r\u00e9es. Ces [&hellip;]<\/p>\n","protected":false},"author":1,"featured_media":0,"parent":0,"menu_order":0,"comment_status":"closed","ping_status":"closed","template":"elementor_header_footer","meta":{"_acf_changed":false,"footnotes":""},"class_list":["post-1348","page","type-page","status-publish","hentry"],"acf":[],"yoast_head":"<!-- This site is optimized with the Yoast SEO plugin v27.0 - https:\/\/yoast.com\/product\/yoast-seo-wordpress\/ -->\n<title>Politique de cookies - Visit Gavarres<\/title>\n<meta name=\"robots\" content=\"index, follow, max-snippet:-1, max-image-preview:large, max-video-preview:-1\" \/>\n<link rel=\"canonical\" href=\"https:\/\/visitgavarres.cat\/politica-de-galetes\/\" \/>\n<meta property=\"og:locale\" content=\"fr_FR\" \/>\n<meta property=\"og:type\" content=\"article\" \/>\n<meta property=\"og:title\" content=\"Politique de cookies - Visit Gavarres\" \/>\n<meta property=\"og:description\" content=\"Politique de cookies Qu\u2019est-ce que les cookies\u00a0? Les cookies sont de petits fichiers de donn\u00e9es qui sont re\u00e7us sur le terminal \u00e0 partir du site web visit\u00e9 et qui sont utilis\u00e9s pour enregistrer certaines interactions de la navigation sur un site web en stockant des donn\u00e9es qui peuvent \u00eatre mises \u00e0 jour et r\u00e9cup\u00e9r\u00e9es. Ces [&hellip;]\" \/>\n<meta property=\"og:url\" content=\"https:\/\/visitgavarres.cat\/politica-de-galetes\/\" \/>\n<meta property=\"og:site_name\" content=\"Visit Gavarres\" \/>\n<meta property=\"article:modified_time\" content=\"2025-12-12T12:19:48+00:00\" \/>\n<meta name=\"twitter:card\" content=\"summary_large_image\" \/>\n<meta name=\"twitter:label1\" content=\"Dur\u00e9e de lecture estim\u00e9e\" \/>\n\t<meta name=\"twitter:data1\" content=\"5 minutes\" \/>\n<script type=\"application\/ld+json\" class=\"yoast-schema-graph\">{\"@context\":\"https:\/\/schema.org\",\"@graph\":[{\"@type\":\"WebPage\",\"@id\":\"https:\/\/visitgavarres.cat\/politica-de-galetes\/\",\"url\":\"https:\/\/visitgavarres.cat\/politica-de-galetes\/\",\"name\":\"Politique de cookies - Visit Gavarres\",\"isPartOf\":{\"@id\":\"https:\/\/visitgavarres.cat\/#website\"},\"datePublished\":\"2025-08-05T07:37:49+00:00\",\"dateModified\":\"2025-12-12T12:19:48+00:00\",\"breadcrumb\":{\"@id\":\"https:\/\/visitgavarres.cat\/politica-de-galetes\/#breadcrumb\"},\"inLanguage\":\"fr-FR\",\"potentialAction\":[{\"@type\":\"ReadAction\",\"target\":[\"https:\/\/visitgavarres.cat\/politica-de-galetes\/\"]}]},{\"@type\":\"BreadcrumbList\",\"@id\":\"https:\/\/visitgavarres.cat\/politica-de-galetes\/#breadcrumb\",\"itemListElement\":[{\"@type\":\"ListItem\",\"position\":1,\"name\":\"Inici\",\"item\":\"https:\/\/visitgavarres.cat\/\"},{\"@type\":\"ListItem\",\"position\":2,\"name\":\"Politique de cookies\"}]},{\"@type\":\"WebSite\",\"@id\":\"https:\/\/visitgavarres.cat\/#website\",\"url\":\"https:\/\/visitgavarres.cat\/\",\"name\":\"Visit Gavarres\",\"description\":\"Gaudeix Les Gavarres\",\"potentialAction\":[{\"@type\":\"SearchAction\",\"target\":{\"@type\":\"EntryPoint\",\"urlTemplate\":\"https:\/\/visitgavarres.cat\/?s={search_term_string}\"},\"query-input\":{\"@type\":\"PropertyValueSpecification\",\"valueRequired\":true,\"valueName\":\"search_term_string\"}}],\"inLanguage\":\"fr-FR\"}]}<\/script>\n<!-- \/ Yoast SEO plugin. -->","yoast_head_json":{"title":"Politique de cookies - Visit Gavarres","robots":{"index":"index","follow":"follow","max-snippet":"max-snippet:-1","max-image-preview":"max-image-preview:large","max-video-preview":"max-video-preview:-1"},"canonical":"https:\/\/visitgavarres.cat\/politica-de-galetes\/","og_locale":"fr_FR","og_type":"article","og_title":"Politique de cookies - Visit Gavarres","og_description":"Politique de cookies Qu\u2019est-ce que les cookies\u00a0? Les cookies sont de petits fichiers de donn\u00e9es qui sont re\u00e7us sur le terminal \u00e0 partir du site web visit\u00e9 et qui sont utilis\u00e9s pour enregistrer certaines interactions de la navigation sur un site web en stockant des donn\u00e9es qui peuvent \u00eatre mises \u00e0 jour et r\u00e9cup\u00e9r\u00e9es. Ces [&hellip;]","og_url":"https:\/\/visitgavarres.cat\/politica-de-galetes\/","og_site_name":"Visit Gavarres","article_modified_time":"2025-12-12T12:19:48+00:00","twitter_card":"summary_large_image","twitter_misc":{"Dur\u00e9e de lecture estim\u00e9e":"5 minutes"},"schema":{"@context":"https:\/\/schema.org","@graph":[{"@type":"WebPage","@id":"https:\/\/visitgavarres.cat\/politica-de-galetes\/","url":"https:\/\/visitgavarres.cat\/politica-de-galetes\/","name":"Politique de cookies - Visit Gavarres","isPartOf":{"@id":"https:\/\/visitgavarres.cat\/#website"},"datePublished":"2025-08-05T07:37:49+00:00","dateModified":"2025-12-12T12:19:48+00:00","breadcrumb":{"@id":"https:\/\/visitgavarres.cat\/politica-de-galetes\/#breadcrumb"},"inLanguage":"fr-FR","potentialAction":[{"@type":"ReadAction","target":["https:\/\/visitgavarres.cat\/politica-de-galetes\/"]}]},{"@type":"BreadcrumbList","@id":"https:\/\/visitgavarres.cat\/politica-de-galetes\/#breadcrumb","itemListElement":[{"@type":"ListItem","position":1,"name":"Inici","item":"https:\/\/visitgavarres.cat\/"},{"@type":"ListItem","position":2,"name":"Politique de cookies"}]},{"@type":"WebSite","@id":"https:\/\/visitgavarres.cat\/#website","url":"https:\/\/visitgavarres.cat\/","name":"Visit Gavarres","description":"Gaudeix Les Gavarres","potentialAction":[{"@type":"SearchAction","target":{"@type":"EntryPoint","urlTemplate":"https:\/\/visitgavarres.cat\/?s={search_term_string}"},"query-input":{"@type":"PropertyValueSpecification","valueRequired":true,"valueName":"search_term_string"}}],"inLanguage":"fr-FR"}]}},"_links":{"self":[{"href":"https:\/\/visitgavarres.cat\/fr\/wp-json\/wp\/v2\/pages\/1348","targetHints":{"allow":["GET"]}}],"collection":[{"href":"https:\/\/visitgavarres.cat\/fr\/wp-json\/wp\/v2\/pages"}],"about":[{"href":"https:\/\/visitgavarres.cat\/fr\/wp-json\/wp\/v2\/types\/page"}],"author":[{"embeddable":true,"href":"https:\/\/visitgavarres.cat\/fr\/wp-json\/wp\/v2\/users\/1"}],"replies":[{"embeddable":true,"href":"https:\/\/visitgavarres.cat\/fr\/wp-json\/wp\/v2\/comments?post=1348"}],"version-history":[{"count":2,"href":"https:\/\/visitgavarres.cat\/fr\/wp-json\/wp\/v2\/pages\/1348\/revisions"}],"predecessor-version":[{"id":1549,"href":"https:\/\/visitgavarres.cat\/fr\/wp-json\/wp\/v2\/pages\/1348\/revisions\/1549"}],"wp:attachment":[{"href":"https:\/\/visitgavarres.cat\/fr\/wp-json\/wp\/v2\/media?parent=1348"}],"curies":[{"name":"wp","href":"https:\/\/api.w.org\/{rel}","templated":true}]}}