{"id":1355,"date":"2025-08-05T08:11:07","date_gmt":"2025-08-05T06:11:07","guid":{"rendered":"https:\/\/visitgavarres.cat\/tourisme-du-liege\/"},"modified":"2026-01-19T14:55:24","modified_gmt":"2026-01-19T12:55:24","slug":"tourisme-du-liege","status":"publish","type":"page","link":"https:\/\/visitgavarres.cat\/fr\/tourisme-du-liege\/","title":{"rendered":"Tourisme du li\u00e8ge"},"content":{"rendered":"\t\t<div data-elementor-type=\"wp-page\" data-elementor-id=\"1355\" class=\"elementor elementor-1355 elementor-52\" data-elementor-post-type=\"page\">\n\t\t\t\t<div class=\"elementor-element elementor-element-b105274 e-flex e-con-boxed e-con e-parent\" data-id=\"b105274\" data-element_type=\"container\" data-e-type=\"container\" id=\"content\">\n\t\t\t\t\t<div class=\"e-con-inner\">\n\t\t\t\t<div class=\"elementor-element elementor-element-077cc99 elementor-widget__width-initial elementor-widget elementor-widget-heading\" data-id=\"077cc99\" data-element_type=\"widget\" data-e-type=\"widget\" data-widget_type=\"heading.default\">\n\t\t\t\t<div class=\"elementor-widget-container\">\n\t\t\t\t\t<h1 class=\"elementor-heading-title elementor-size-default\">Tourisme du li\u00e8ge dans les Gavarres : un voyage dans l\u2019essence de la for\u00eat m\u00e9diterran\u00e9enne<\/h1>\t\t\t\t<\/div>\n\t\t\t\t<\/div>\n\t\t\t\t<div class=\"elementor-element elementor-element-9c3f265 elementor-widget elementor-widget-text-editor\" data-id=\"9c3f265\" data-element_type=\"widget\" data-e-type=\"widget\" data-widget_type=\"text-editor.default\">\n\t\t\t\t<div class=\"elementor-widget-container\">\n\t\t\t\t\t\t\t\t\t<p>Les Gavarres sont une terre de for\u00eats de ch\u00eanes-li\u00e8ges, un paysage forestier embl\u00e9matique qui a marqu\u00e9 la vie et la culture de ce massif pendant des si\u00e8cles. Le ch\u00eane-li\u00e8ge, qui tire localement son nom du produit qu\u2019il nous donne, le li\u00e8ge, est un arbre robuste et unique, bien adapt\u00e9 aux exigences du climat m\u00e9diterran\u00e9en et r\u00e9sistant aux feux de for\u00eat. Mais il ne fa\u00e7onne pas seulement le cadre naturel\u00a0; il a aussi \u00e9t\u00e9 le moteur d\u2019une industrie qui a donn\u00e9 une identit\u00e9 \u00e0 des villes comme Cass\u00e0 de la Selva, Palafrugell, Llagostera, Sant Feliu de Gu\u00edxols ou Calonge.<\/p>\n\t\t\t\t\t\t\t\t<\/div>\n\t\t\t\t<\/div>\n\t\t\t\t\t<\/div>\n\t\t\t\t<\/div>\n\t\t<div class=\"elementor-element elementor-element-ba96a9b e-con-full e-flex e-con e-parent\" data-id=\"ba96a9b\" data-element_type=\"container\" data-e-type=\"container\">\n\t\t\t\t<div class=\"elementor-element elementor-element-24a004c elementor-widget elementor-widget-image\" data-id=\"24a004c\" data-element_type=\"widget\" data-e-type=\"widget\" data-widget_type=\"image.default\">\n\t\t\t\t<div class=\"elementor-widget-container\">\n\t\t\t\t\t\t\t\t\t\t\t\t\t\t\t<img fetchpriority=\"high\" decoding=\"async\" width=\"2560\" height=\"743\" src=\"https:\/\/visitgavarres.cat\/wp-content\/uploads\/2025\/10\/pela-suro-eloi-madria\u0300-gavarres-scaled.webp\" class=\"attachment-full size-full wp-image-1353\" alt=\"Pel del suro a les gavarres\" srcset=\"https:\/\/visitgavarres.cat\/wp-content\/uploads\/2025\/10\/pela-suro-eloi-madria\u0300-gavarres-scaled.webp 2560w, https:\/\/visitgavarres.cat\/wp-content\/uploads\/2025\/10\/pela-suro-eloi-madria\u0300-gavarres-300x87.webp 300w, https:\/\/visitgavarres.cat\/wp-content\/uploads\/2025\/10\/pela-suro-eloi-madria\u0300-gavarres-1024x297.webp 1024w, https:\/\/visitgavarres.cat\/wp-content\/uploads\/2025\/10\/pela-suro-eloi-madria\u0300-gavarres-768x223.webp 768w, https:\/\/visitgavarres.cat\/wp-content\/uploads\/2025\/10\/pela-suro-eloi-madria\u0300-gavarres-1536x446.webp 1536w, https:\/\/visitgavarres.cat\/wp-content\/uploads\/2025\/10\/pela-suro-eloi-madria\u0300-gavarres-2048x594.webp 2048w\" sizes=\"(max-width: 2560px) 100vw, 2560px\" \/>\t\t\t\t\t\t\t\t\t\t\t\t\t\t\t<\/div>\n\t\t\t\t<\/div>\n\t\t\t\t<\/div>\n\t\t<div class=\"elementor-element elementor-element-468c1cf e-flex e-con-boxed e-con e-parent\" data-id=\"468c1cf\" data-element_type=\"container\" data-e-type=\"container\">\n\t\t\t\t\t<div class=\"e-con-inner\">\n\t\t\t\t<div class=\"elementor-element elementor-element-22e5657 elementor-widget__width-initial elementor-widget-mobile__width-inherit elementor-widget elementor-widget-text-editor\" data-id=\"22e5657\" data-element_type=\"widget\" data-e-type=\"widget\" data-widget_type=\"text-editor.default\">\n\t\t\t\t<div class=\"elementor-widget-container\">\n\t\t\t\t\t\t\t\t\t<p>Aujourd\u2019hui, le tourisme du li\u00e8ge offre une exp\u00e9rience unique pour d\u00e9couvrir ce patrimoine naturel et culturel. Que vous soyez amoureux de la nature, int\u00e9ress\u00e9 par l\u2019histoire ou la gastronomie, les Gavarres vous invitent \u00e0 explorer les for\u00eats de ch\u00eanes-li\u00e8ges \u00e0 travers des itin\u00e9raires guid\u00e9s et autoguid\u00e9s qui parcourent des sentiers forestiers, des domaines bien g\u00e9r\u00e9s, des mas qui ont une histoire, des arbres monumentaux et des belv\u00e9d\u00e8res spectaculaires. \u00c0 chaque pas, vous pourrez d\u00e9couvrir les caract\u00e9ristiques de cette for\u00eat m\u00e9diterran\u00e9enne ouverte, au sous-bois riche en arbustes et \u00e0 la faune diversifi\u00e9e.<\/p>\n<p>&nbsp;<\/p>\n<p>L\u2019une des activit\u00e9s les plus captivantes est la d\u00e9monstration du m\u00e9tier de leveur de li\u00e8ge, une t\u00e2che traditionnelle qui exige de l\u2019habilet\u00e9 et le respect de l\u2019arbre. Pendant la saison d\u2019\u00e9cor\u00e7age, plusieurs organismes tels que le Consortium des Gavarres ou le mus\u00e9e du Li\u00e8ge organisent des \u00e9v\u00e9nements o\u00f9 vous pourrez voir en direct comment le li\u00e8ge est \u00e9corc\u00e9, puis terminer par un petit d\u00e9jeuner traditionnel \u00e0 base de produits locaux.<\/p>\n<p>&nbsp;<\/p>\n<p>Sans oublier la <a href=\"https:\/\/www.firadeltap.cat\/\">Foire du li\u00e8ge et du bouchon<\/a> qui se tient chaque ann\u00e9e \u00e0 Cass\u00e0 de la Selva, o\u00f9, en plus des d\u00e9gustations de vins, vous pourrez d\u00e9couvrir la mani\u00e8re traditionnelle de fabriquer des bouchons en li\u00e8ge et visiter les usines qui les fabriquent aujourd\u2019hui avec des techniques de pointe.<\/p>\n\t\t\t\t\t\t\t\t<\/div>\n\t\t\t\t<\/div>\n\t\t\t\t\t<\/div>\n\t\t\t\t<\/div>\n\t\t<div class=\"elementor-element elementor-element-262cd7e e-con-full e-flex e-con e-parent\" data-id=\"262cd7e\" data-element_type=\"container\" data-e-type=\"container\">\n\t\t\t\t<div class=\"elementor-element elementor-element-caadd58 elementor-widget elementor-widget-image\" data-id=\"caadd58\" data-element_type=\"widget\" data-e-type=\"widget\" data-widget_type=\"image.default\">\n\t\t\t\t<div class=\"elementor-widget-container\">\n\t\t\t\t\t\t\t\t\t\t\t\t\t\t\t<img decoding=\"async\" width=\"2560\" height=\"743\" src=\"https:\/\/visitgavarres.cat\/wp-content\/uploads\/2025\/10\/gavarres-turisme-surer-territori-scaled.webp\" class=\"attachment-full size-full wp-image-1354\" alt=\"Gavarres turisme surer\" srcset=\"https:\/\/visitgavarres.cat\/wp-content\/uploads\/2025\/10\/gavarres-turisme-surer-territori-scaled.webp 2560w, https:\/\/visitgavarres.cat\/wp-content\/uploads\/2025\/10\/gavarres-turisme-surer-territori-300x87.webp 300w, https:\/\/visitgavarres.cat\/wp-content\/uploads\/2025\/10\/gavarres-turisme-surer-territori-1024x297.webp 1024w, https:\/\/visitgavarres.cat\/wp-content\/uploads\/2025\/10\/gavarres-turisme-surer-territori-768x223.webp 768w, https:\/\/visitgavarres.cat\/wp-content\/uploads\/2025\/10\/gavarres-turisme-surer-territori-1536x446.webp 1536w, https:\/\/visitgavarres.cat\/wp-content\/uploads\/2025\/10\/gavarres-turisme-surer-territori-2048x594.webp 2048w\" sizes=\"(max-width: 2560px) 100vw, 2560px\" \/>\t\t\t\t\t\t\t\t\t\t\t\t\t\t\t<\/div>\n\t\t\t\t<\/div>\n\t\t\t\t<\/div>\n\t\t<div class=\"elementor-element elementor-element-c9ae431 e-flex e-con-boxed e-con e-parent\" data-id=\"c9ae431\" data-element_type=\"container\" data-e-type=\"container\">\n\t\t\t\t\t<div class=\"e-con-inner\">\n\t\t\t\t<div class=\"elementor-element elementor-element-33c4673 elementor-widget elementor-widget-image\" data-id=\"33c4673\" data-element_type=\"widget\" data-e-type=\"widget\" data-widget_type=\"image.default\">\n\t\t\t\t<div class=\"elementor-widget-container\">\n\t\t\t\t\t\t\t\t\t\t\t\t\t\t\t<img decoding=\"async\" width=\"1\" height=\"1\" src=\"https:\/\/visitgavarres.cat\/wp-content\/uploads\/2025\/08\/flechaverde.svg\" class=\"attachment-large size-large wp-image-1334\" alt=\"fletxa avall\" \/>\t\t\t\t\t\t\t\t\t\t\t\t\t\t\t<\/div>\n\t\t\t\t<\/div>\n\t\t\t\t<div class=\"elementor-element elementor-element-4b13856 elementor-widget elementor-widget-heading\" data-id=\"4b13856\" data-element_type=\"widget\" data-e-type=\"widget\" data-widget_type=\"heading.default\">\n\t\t\t\t<div class=\"elementor-widget-container\">\n\t\t\t\t\t<h2 class=\"elementor-heading-title elementor-size-default\">Le tourisme du li\u00e8ge dans les Gavarres est une fa\u00e7on de se rapprocher du territoire, de comprendre son histoire et de contribuer \u00e0 sa conservation<\/h2>\t\t\t\t<\/div>\n\t\t\t\t<\/div>\n\t\t\t\t<div class=\"elementor-element elementor-element-79fac20 elementor-widget elementor-widget-text-editor\" data-id=\"79fac20\" data-element_type=\"widget\" data-e-type=\"widget\" data-widget_type=\"text-editor.default\">\n\t\t\t\t<div class=\"elementor-widget-container\">\n\t\t\t\t\t\t\t\t\t<p>L\u2019occasion de savourer les saveurs locales dans un cadre naturel privil\u00e9gi\u00e9. La f\u00eate qui se termine \u00e0 table lorsque nous ouvrons un bon vin ou un bon cava a commenc\u00e9 bien des ann\u00e9es plus t\u00f4t dans la for\u00eat de ch\u00eanes-li\u00e8ges.<\/p>\n\t\t\t\t\t\t\t\t<\/div>\n\t\t\t\t<\/div>\n\t\t<div class=\"elementor-element elementor-element-770d448 e-con-full e-flex e-con e-child\" data-id=\"770d448\" data-element_type=\"container\" data-e-type=\"container\">\n\t\t\t\t<div class=\"elementor-element elementor-element-1666943 elementor-widget__width-auto elementor-widget-mobile__width-auto botonsubrayado elementor-widget elementor-widget-heading\" data-id=\"1666943\" data-element_type=\"widget\" data-e-type=\"widget\" data-widget_type=\"heading.default\">\n\t\t\t\t<div class=\"elementor-widget-container\">\n\t\t\t\t\t<h2 class=\"elementor-heading-title elementor-size-default\"><a href=\"https:\/\/www.corkexperience.com\/\" target=\"_blank\">D\u00e9couvrez Cork experience<\/a><\/h2>\t\t\t\t<\/div>\n\t\t\t\t<\/div>\n\t\t\t\t<div class=\"elementor-element elementor-element-d8ce3f7 elementor-widget__width-auto botonsubrayado elementor-widget elementor-widget-heading\" data-id=\"d8ce3f7\" data-element_type=\"widget\" data-e-type=\"widget\" data-widget_type=\"heading.default\">\n\t\t\t\t<div class=\"elementor-widget-container\">\n\t\t\t\t\t<h2 class=\"elementor-heading-title elementor-size-default\"><a href=\"https:\/\/linktr.ee\/consorcigavarres\" target=\"_blank\">Itin\u00e9raires touristiques li\u00e9s au li\u00e8ge<\/a><\/h2>\t\t\t\t<\/div>\n\t\t\t\t<\/div>\n\t\t\t\t<\/div>\n\t\t\t\t\t<\/div>\n\t\t\t\t<\/div>\n\t\t\t\t<\/div>\n\t\t","protected":false},"excerpt":{"rendered":"<p>Tourisme du li\u00e8ge dans les Gavarres : un voyage dans l\u2019essence de la for\u00eat m\u00e9diterran\u00e9enne Les Gavarres sont une terre de for\u00eats de ch\u00eanes-li\u00e8ges, un paysage forestier embl\u00e9matique qui a marqu\u00e9 la vie et la culture de ce massif pendant des si\u00e8cles. Le ch\u00eane-li\u00e8ge, qui tire localement son nom du produit qu\u2019il nous donne, le [&hellip;]<\/p>\n","protected":false},"author":1,"featured_media":0,"parent":0,"menu_order":0,"comment_status":"closed","ping_status":"closed","template":"elementor_header_footer","meta":{"_acf_changed":false,"footnotes":""},"class_list":["post-1355","page","type-page","status-publish","hentry"],"acf":[],"yoast_head":"<!-- This site is optimized with the Yoast SEO plugin v27.0 - https:\/\/yoast.com\/product\/yoast-seo-wordpress\/ -->\n<title>Tourisme du li\u00e8ge - Visit Gavarres<\/title>\n<meta name=\"robots\" content=\"index, follow, max-snippet:-1, max-image-preview:large, max-video-preview:-1\" \/>\n<link rel=\"canonical\" href=\"https:\/\/visitgavarres.cat\/turisme-surer\/\" \/>\n<meta property=\"og:locale\" content=\"fr_FR\" \/>\n<meta property=\"og:type\" content=\"article\" \/>\n<meta property=\"og:title\" content=\"Tourisme du li\u00e8ge - Visit Gavarres\" \/>\n<meta property=\"og:description\" content=\"Tourisme du li\u00e8ge dans les Gavarres : un voyage dans l\u2019essence de la for\u00eat m\u00e9diterran\u00e9enne Les Gavarres sont une terre de for\u00eats de ch\u00eanes-li\u00e8ges, un paysage forestier embl\u00e9matique qui a marqu\u00e9 la vie et la culture de ce massif pendant des si\u00e8cles. Le ch\u00eane-li\u00e8ge, qui tire localement son nom du produit qu\u2019il nous donne, le [&hellip;]\" \/>\n<meta property=\"og:url\" content=\"https:\/\/visitgavarres.cat\/turisme-surer\/\" \/>\n<meta property=\"og:site_name\" content=\"Visit Gavarres\" \/>\n<meta property=\"article:modified_time\" content=\"2026-01-19T12:55:24+00:00\" \/>\n<meta property=\"og:image\" content=\"https:\/\/visitgavarres.cat\/wp-content\/uploads\/2025\/10\/gavarres-turisme-surer-territori-scaled.webp\" \/>\n<meta name=\"twitter:card\" content=\"summary_large_image\" \/>\n<meta name=\"twitter:label1\" content=\"Dur\u00e9e de lecture estim\u00e9e\" \/>\n\t<meta name=\"twitter:data1\" content=\"2 minutes\" \/>\n<script type=\"application\/ld+json\" class=\"yoast-schema-graph\">{\"@context\":\"https:\/\/schema.org\",\"@graph\":[{\"@type\":\"WebPage\",\"@id\":\"https:\/\/visitgavarres.cat\/turisme-surer\/\",\"url\":\"https:\/\/visitgavarres.cat\/turisme-surer\/\",\"name\":\"Tourisme du li\u00e8ge - Visit Gavarres\",\"isPartOf\":{\"@id\":\"https:\/\/visitgavarres.cat\/#website\"},\"primaryImageOfPage\":{\"@id\":\"https:\/\/visitgavarres.cat\/turisme-surer\/#primaryimage\"},\"image\":{\"@id\":\"https:\/\/visitgavarres.cat\/turisme-surer\/#primaryimage\"},\"thumbnailUrl\":\"https:\/\/visitgavarres.cat\/wp-content\/uploads\/2025\/10\/gavarres-turisme-surer-territori-scaled.webp\",\"datePublished\":\"2025-08-05T06:11:07+00:00\",\"dateModified\":\"2026-01-19T12:55:24+00:00\",\"breadcrumb\":{\"@id\":\"https:\/\/visitgavarres.cat\/turisme-surer\/#breadcrumb\"},\"inLanguage\":\"fr-FR\",\"potentialAction\":[{\"@type\":\"ReadAction\",\"target\":[\"https:\/\/visitgavarres.cat\/turisme-surer\/\"]}]},{\"@type\":\"ImageObject\",\"inLanguage\":\"fr-FR\",\"@id\":\"https:\/\/visitgavarres.cat\/turisme-surer\/#primaryimage\",\"url\":\"https:\/\/visitgavarres.cat\/wp-content\/uploads\/2025\/10\/gavarres-turisme-surer-territori-scaled.webp\",\"contentUrl\":\"https:\/\/visitgavarres.cat\/wp-content\/uploads\/2025\/10\/gavarres-turisme-surer-territori-scaled.webp\"},{\"@type\":\"BreadcrumbList\",\"@id\":\"https:\/\/visitgavarres.cat\/turisme-surer\/#breadcrumb\",\"itemListElement\":[{\"@type\":\"ListItem\",\"position\":1,\"name\":\"Inici\",\"item\":\"https:\/\/visitgavarres.cat\/\"},{\"@type\":\"ListItem\",\"position\":2,\"name\":\"Tourisme du li\u00e8ge\"}]},{\"@type\":\"WebSite\",\"@id\":\"https:\/\/visitgavarres.cat\/#website\",\"url\":\"https:\/\/visitgavarres.cat\/\",\"name\":\"Visit Gavarres\",\"description\":\"Gaudeix Les Gavarres\",\"potentialAction\":[{\"@type\":\"SearchAction\",\"target\":{\"@type\":\"EntryPoint\",\"urlTemplate\":\"https:\/\/visitgavarres.cat\/?s={search_term_string}\"},\"query-input\":{\"@type\":\"PropertyValueSpecification\",\"valueRequired\":true,\"valueName\":\"search_term_string\"}}],\"inLanguage\":\"fr-FR\"}]}<\/script>\n<!-- \/ Yoast SEO plugin. -->","yoast_head_json":{"title":"Tourisme du li\u00e8ge - Visit Gavarres","robots":{"index":"index","follow":"follow","max-snippet":"max-snippet:-1","max-image-preview":"max-image-preview:large","max-video-preview":"max-video-preview:-1"},"canonical":"https:\/\/visitgavarres.cat\/turisme-surer\/","og_locale":"fr_FR","og_type":"article","og_title":"Tourisme du li\u00e8ge - Visit Gavarres","og_description":"Tourisme du li\u00e8ge dans les Gavarres : un voyage dans l\u2019essence de la for\u00eat m\u00e9diterran\u00e9enne Les Gavarres sont une terre de for\u00eats de ch\u00eanes-li\u00e8ges, un paysage forestier embl\u00e9matique qui a marqu\u00e9 la vie et la culture de ce massif pendant des si\u00e8cles. Le ch\u00eane-li\u00e8ge, qui tire localement son nom du produit qu\u2019il nous donne, le [&hellip;]","og_url":"https:\/\/visitgavarres.cat\/turisme-surer\/","og_site_name":"Visit Gavarres","article_modified_time":"2026-01-19T12:55:24+00:00","og_image":[{"url":"https:\/\/visitgavarres.cat\/wp-content\/uploads\/2025\/10\/gavarres-turisme-surer-territori-scaled.webp","type":"","width":"","height":""}],"twitter_card":"summary_large_image","twitter_misc":{"Dur\u00e9e de lecture estim\u00e9e":"2 minutes"},"schema":{"@context":"https:\/\/schema.org","@graph":[{"@type":"WebPage","@id":"https:\/\/visitgavarres.cat\/turisme-surer\/","url":"https:\/\/visitgavarres.cat\/turisme-surer\/","name":"Tourisme du li\u00e8ge - Visit Gavarres","isPartOf":{"@id":"https:\/\/visitgavarres.cat\/#website"},"primaryImageOfPage":{"@id":"https:\/\/visitgavarres.cat\/turisme-surer\/#primaryimage"},"image":{"@id":"https:\/\/visitgavarres.cat\/turisme-surer\/#primaryimage"},"thumbnailUrl":"https:\/\/visitgavarres.cat\/wp-content\/uploads\/2025\/10\/gavarres-turisme-surer-territori-scaled.webp","datePublished":"2025-08-05T06:11:07+00:00","dateModified":"2026-01-19T12:55:24+00:00","breadcrumb":{"@id":"https:\/\/visitgavarres.cat\/turisme-surer\/#breadcrumb"},"inLanguage":"fr-FR","potentialAction":[{"@type":"ReadAction","target":["https:\/\/visitgavarres.cat\/turisme-surer\/"]}]},{"@type":"ImageObject","inLanguage":"fr-FR","@id":"https:\/\/visitgavarres.cat\/turisme-surer\/#primaryimage","url":"https:\/\/visitgavarres.cat\/wp-content\/uploads\/2025\/10\/gavarres-turisme-surer-territori-scaled.webp","contentUrl":"https:\/\/visitgavarres.cat\/wp-content\/uploads\/2025\/10\/gavarres-turisme-surer-territori-scaled.webp"},{"@type":"BreadcrumbList","@id":"https:\/\/visitgavarres.cat\/turisme-surer\/#breadcrumb","itemListElement":[{"@type":"ListItem","position":1,"name":"Inici","item":"https:\/\/visitgavarres.cat\/"},{"@type":"ListItem","position":2,"name":"Tourisme du li\u00e8ge"}]},{"@type":"WebSite","@id":"https:\/\/visitgavarres.cat\/#website","url":"https:\/\/visitgavarres.cat\/","name":"Visit Gavarres","description":"Gaudeix Les Gavarres","potentialAction":[{"@type":"SearchAction","target":{"@type":"EntryPoint","urlTemplate":"https:\/\/visitgavarres.cat\/?s={search_term_string}"},"query-input":{"@type":"PropertyValueSpecification","valueRequired":true,"valueName":"search_term_string"}}],"inLanguage":"fr-FR"}]}},"_links":{"self":[{"href":"https:\/\/visitgavarres.cat\/fr\/wp-json\/wp\/v2\/pages\/1355","targetHints":{"allow":["GET"]}}],"collection":[{"href":"https:\/\/visitgavarres.cat\/fr\/wp-json\/wp\/v2\/pages"}],"about":[{"href":"https:\/\/visitgavarres.cat\/fr\/wp-json\/wp\/v2\/types\/page"}],"author":[{"embeddable":true,"href":"https:\/\/visitgavarres.cat\/fr\/wp-json\/wp\/v2\/users\/1"}],"replies":[{"embeddable":true,"href":"https:\/\/visitgavarres.cat\/fr\/wp-json\/wp\/v2\/comments?post=1355"}],"version-history":[{"count":4,"href":"https:\/\/visitgavarres.cat\/fr\/wp-json\/wp\/v2\/pages\/1355\/revisions"}],"predecessor-version":[{"id":1795,"href":"https:\/\/visitgavarres.cat\/fr\/wp-json\/wp\/v2\/pages\/1355\/revisions\/1795"}],"wp:attachment":[{"href":"https:\/\/visitgavarres.cat\/fr\/wp-json\/wp\/v2\/media?parent=1355"}],"curies":[{"name":"wp","href":"https:\/\/api.w.org\/{rel}","templated":true}]}}